{"id":2040,"date":"2024-12-05T16:51:55","date_gmt":"2024-12-05T19:51:55","guid":{"rendered":"https:\/\/elcristaldigital.org\/?page_id=2040"},"modified":"2025-03-27T15:15:53","modified_gmt":"2025-03-27T18:15:53","slug":"cultura-5","status":"publish","type":"page","link":"https:\/\/elcristaldigital.org\/index.php\/cultura-5\/","title":{"rendered":"Cultura"},"content":{"rendered":"\n<h3 class=\"wp-block-heading alignwide has-text-align-center has-primary-color has-accent-background-color has-text-color has-background has-link-color wp-elements-d0e6d99f38df1cf5abddaf7b75baa737\">CELEBRACION DEL D\u00cdA DE LA MUJER<\/h3>\n\n\n\n<p>El pasado viernes 14 de marzo, desde las 20 horas, con entrada libre y<br>gratuita, el NIDO albergar\u00f3 una gran cantidad de mujeres para celebrar su<br>d\u00eda, en un agasajo que cont\u00f3 con regalos, sorpresas, juegos, diversi\u00f3n,<br>karaoke y bailes.<br>En esta oportunidad, hubo servicio de lunch, invitando a quienes deseen allevar sus respectivos equipos de mate para acompa\u00f1ar el encuentro y<br>amenizar este evento que, luego de varias realizaciones, se fue haciendo<br>una tradici\u00f3n de cada mes de marzo.<\/p>\n\n\n<div class=\"wp-block-image\">\n<figure class=\"aligncenter size-full is-resized\"><img loading=\"lazy\" decoding=\"async\" width=\"1280\" height=\"960\" src=\"https:\/\/elcristaldigital.org\/wp-content\/uploads\/2025\/03\/image-5.png\" alt=\"\" class=\"wp-image-2127\" style=\"width:413px;height:auto\" srcset=\"https:\/\/elcristaldigital.org\/wp-content\/uploads\/2025\/03\/image-5.png 1280w, https:\/\/elcristaldigital.org\/wp-content\/uploads\/2025\/03\/image-5-300x225.png 300w, https:\/\/elcristaldigital.org\/wp-content\/uploads\/2025\/03\/image-5-768x576.png 768w, https:\/\/elcristaldigital.org\/wp-content\/uploads\/2025\/03\/image-5-1200x900.png 1200w\" sizes=\"auto, (max-width: 1280px) 100vw, 1280px\" \/><\/figure>\n<\/div>\n\n\n<h3 class=\"wp-block-heading alignwide has-text-align-center has-primary-color has-accent-background-color has-text-color has-background has-link-color wp-elements-f3d0160a8f503ef0ab1845e7ee4c3178\">FOLCKLORE LOCAL<\/h3>\n\n\n\n<p>Este 23 de Marzo, se llev\u00f3 a cabo la inauguraci\u00f3n de una nueva sala en el museo de nuestra localidad<br>Para conmemorar este momento, participaron grupos folcl\u00f3ricos, entre ellos &#8220;La Salamanca&#8221;<\/p>\n\n\n<div class=\"wp-block-image\">\n<figure class=\"aligncenter size-large is-resized\"><img loading=\"lazy\" decoding=\"async\" width=\"994\" height=\"1080\" src=\"https:\/\/elcristaldigital.org\/wp-content\/uploads\/2025\/03\/image-13-994x1080.png\" alt=\"\" class=\"wp-image-2154\" style=\"width:306px;height:auto\" srcset=\"https:\/\/elcristaldigital.org\/wp-content\/uploads\/2025\/03\/image-13-994x1080.png 994w, https:\/\/elcristaldigital.org\/wp-content\/uploads\/2025\/03\/image-13-276x300.png 276w, https:\/\/elcristaldigital.org\/wp-content\/uploads\/2025\/03\/image-13-768x834.png 768w, https:\/\/elcristaldigital.org\/wp-content\/uploads\/2025\/03\/image-13.png 1178w\" sizes=\"auto, (max-width: 994px) 100vw, 994px\" \/><\/figure>\n<\/div>","protected":false},"excerpt":{"rendered":"<p>CELEBRACION DEL D\u00cdA DE LA MUJER El pasado viernes 14 de marzo, desde las 20 horas, con entrada libre ygratuita, el NIDO albergar\u00f3 una gran cantidad de mujeres para celebrar sud\u00eda, en un agasajo que cont\u00f3 con regalos, sorpresas, juegos, diversi\u00f3n,karaoke y bailes.En esta oportunidad, hubo servicio de lunch, invitando a quienes deseen allevar sus [&hellip;]<\/p>\n","protected":false},"author":1,"featured_media":0,"parent":0,"menu_order":0,"comment_status":"closed","ping_status":"closed","template":"","meta":{"footnotes":""},"class_list":["post-2040","page","type-page","status-publish","hentry"],"_links":{"self":[{"href":"https:\/\/elcristaldigital.org\/index.php\/wp-json\/wp\/v2\/pages\/2040","targetHints":{"allow":["GET"]}}],"collection":[{"href":"https:\/\/elcristaldigital.org\/index.php\/wp-json\/wp\/v2\/pages"}],"about":[{"href":"https:\/\/elcristaldigital.org\/index.php\/wp-json\/wp\/v2\/types\/page"}],"author":[{"embeddable":true,"href":"https:\/\/elcristaldigital.org\/index.php\/wp-json\/wp\/v2\/users\/1"}],"replies":[{"embeddable":true,"href":"https:\/\/elcristaldigital.org\/index.php\/wp-json\/wp\/v2\/comments?post=2040"}],"version-history":[{"count":3,"href":"https:\/\/elcristaldigital.org\/index.php\/wp-json\/wp\/v2\/pages\/2040\/revisions"}],"predecessor-version":[{"id":2156,"href":"https:\/\/elcristaldigital.org\/index.php\/wp-json\/wp\/v2\/pages\/2040\/revisions\/2156"}],"wp:attachment":[{"href":"https:\/\/elcristaldigital.org\/index.php\/wp-json\/wp\/v2\/media?parent=2040"}],"curies":[{"name":"wp","href":"https:\/\/api.w.org\/{rel}","templated":true}]}}