{"id":1946,"date":"2024-10-10T15:36:15","date_gmt":"2024-10-10T18:36:15","guid":{"rendered":"https:\/\/elcristaldigital.org\/?page_id=1946"},"modified":"2024-10-10T16:56:25","modified_gmt":"2024-10-10T19:56:25","slug":"educacion-9","status":"publish","type":"page","link":"https:\/\/elcristaldigital.org\/index.php\/educacion-9\/","title":{"rendered":"Educaci\u00f3n"},"content":{"rendered":"\n<h3 class=\"wp-block-heading alignfull has-text-align-center has-primary-color has-accent-background-color has-text-color has-background has-link-color wp-elements-ca6ab7edb119041b696eab1b5e02b291\">CONTINUIDAD DEL CURSO DE ANFITRIONES TURISTICOS<\/h3>\n\n\n\n<p>Luego de una parate obligado por la organizaci\u00f3n de la Fiesta de los Ravioles, el pasado viernes 13 de setiembre retom\u00f3 su calendario de capacitaciones el curso denominado Anfitri\u00f3n Tur\u00edstico, contemplado dentro de los alcances del Programa Impulsa, con una visita al Establecimiento Rural &#8220;El Vasquito&#8221;, desarrollan del m\u00f3dulo\u201d Turismo en el Espacio Rural y Tradiciones\u201d, a cargo de su titular Gerardo Bessone.<\/p>\n\n\n\n<p>El pr\u00f3ximo viernes tendr\u00e1 lugar el sexto encuentro con la tem\u00e1tica \u201cDesarrollo de Circuitos y Servicios Tur\u00edsticos\u201d desplegada por el Tec. Sup en Turismo Danilo Ferrero con un amplio contenido que incluye itinerarios, valor pedag\u00f3gico del circuito educativo, recorrida de las capillas rurales, gastronom\u00eda t\u00edpica combinando platos italianos y criollo, nuevas tendencias de biciturismo, rodadas, visitas t\u00e9cnicas y la importancia de las fiestas populares y eventos locales.<\/p>\n\n\n\n<p>Impulsa es una sinergia entre los Ministerios de Educaci\u00f3n, Desarrollo Productivo y Trabajo, con el desaf\u00edo de mejorar las condiciones de empleabilidad de los santafesinos, optimizando las matrices productivas y atendiendo a las \u00e1reas estrat\u00e9gicas que definen el territorio provincial.<\/p>\n\n\n\n<p>El objetivo de esta formaci\u00f3n es que los participantes est\u00e9n capacitados para informar y promocionar los atractivos naturales y culturales de su comunidad, orientando al visitante sobre los servicios tur\u00edsticos, aplicando procesos de comunicaci\u00f3n efectiva y habilidades sociales conducentes a la atenci\u00f3n del visitante. Esta acci\u00f3n formativa tiene una duraci\u00f3n de 60 horas de contenido te\u00f3rico y pr\u00e1ctico y cuenta con certificaci\u00f3n oficial.<\/p>\n\n\n\n<figure class=\"wp-block-image size-full\"><img loading=\"lazy\" decoding=\"async\" width=\"1259\" height=\"665\" src=\"https:\/\/elcristaldigital.org\/wp-content\/uploads\/2024\/10\/Anfitriones-Vasquito.jpeg\" alt=\"\" class=\"wp-image-1976\" srcset=\"https:\/\/elcristaldigital.org\/wp-content\/uploads\/2024\/10\/Anfitriones-Vasquito.jpeg 1259w, https:\/\/elcristaldigital.org\/wp-content\/uploads\/2024\/10\/Anfitriones-Vasquito-300x158.jpeg 300w, https:\/\/elcristaldigital.org\/wp-content\/uploads\/2024\/10\/Anfitriones-Vasquito-768x406.jpeg 768w, https:\/\/elcristaldigital.org\/wp-content\/uploads\/2024\/10\/Anfitriones-Vasquito-1200x634.jpeg 1200w\" sizes=\"auto, (max-width: 1259px) 100vw, 1259px\" \/><\/figure>\n\n\n\n<h2 class=\"wp-block-heading alignfull has-text-align-center has-primary-color has-accent-background-color has-text-color has-background has-link-color wp-elements-2f45dbb984641825acb3fb7002cd2509\">ENCUENTRO POR LA INCLUSION<\/h2>\n\n\n\n<p>El 27\u00ba Encuentro Regional Recreativo y Deportivo para Personas con Discapacidad, desarrollado en la Sociedad Rural de San Francisco, reuni\u00f3 a m\u00e1s de 800 personas para disfrutar de una jornada llena de alegr\u00eda y diversi\u00f3n, actividad de la que participaron los asistentes y formadores de la Asociaci\u00f3n Civil de Rehabilitaci\u00f3n y Apoyo al Ni\u00f1o (RYAN) de la localidad de Ramona. Este Encuentro no solo ha logrado perdurar en el tiempo, sino que se ha convertido en una celebraci\u00f3n de la comunidad regional en la propuesta de construcci\u00f3n de un entorno m\u00e1s inclusivo y solidario. Como cada a\u00f1o, la Comuna aport\u00f3 la movilidad para facilitar su asistencia a una ocasi\u00f3n propicia para el intercambio y para compartir una serie de actividades deportivas y recreativas como f\u00fatbol, basket, tenis, tejo, castillos inflables, camas el\u00e1sticas, pinturas, paseos en carretas, sulkis y caballos, cerrando con un evento musical.<\/p>\n\n\n\n<p>La Asociaci\u00f3n Civil RYAN es una entidad que convoca a ni\u00f1as, ni\u00f1os y j\u00f3venes, ofreci\u00e9ndoles talleres art\u00edsticos y productivos, actividades recreativas y rehabilitaci\u00f3n kin\u00e9sica atendiendo a sus capacidades, necesidades, intereses, deseos y expectativas.<\/p>\n\n\n\n<figure class=\"wp-block-image size-large is-resized\"><img loading=\"lazy\" decoding=\"async\" width=\"956\" height=\"1080\" src=\"https:\/\/elcristaldigital.org\/wp-content\/uploads\/2024\/10\/Ryan-2024-956x1080.jpeg\" alt=\"\" class=\"wp-image-1978\" style=\"width:560px;height:auto\" srcset=\"https:\/\/elcristaldigital.org\/wp-content\/uploads\/2024\/10\/Ryan-2024-956x1080.jpeg 956w, https:\/\/elcristaldigital.org\/wp-content\/uploads\/2024\/10\/Ryan-2024-266x300.jpeg 266w, https:\/\/elcristaldigital.org\/wp-content\/uploads\/2024\/10\/Ryan-2024-768x868.jpeg 768w, https:\/\/elcristaldigital.org\/wp-content\/uploads\/2024\/10\/Ryan-2024-1200x1355.jpeg 1200w, https:\/\/elcristaldigital.org\/wp-content\/uploads\/2024\/10\/Ryan-2024.jpeg 1204w\" sizes=\"auto, (max-width: 956px) 100vw, 956px\" \/><\/figure>\n\n\n\n<h2 class=\"wp-block-heading alignfull has-text-align-center has-primary-color has-accent-background-color has-text-color has-background has-link-color wp-elements-addf20f362f3793d1bbd18ff30d451cb\">CELEBRACION DE LA PRIMAVERA EN EL GABINETE<\/h2>\n\n\n\n<p>Con el noble motivo de agasajar la venida de la primavera y el d\u00eda del estudiante, asistentes y profesionales del Gabinete Psicopedag\u00f3gico se convocan para el 21 de septiembre a un evento para compartir tiempo de esparcimiento y recreaci\u00f3n como actividad motivacional y de incentivo para los ni\u00f1os y adolescentes que concurren a dicho espacio.<\/p>\n\n\n\n<p>La meta es compartir actividades art\u00edsticas, juegos, m\u00fasica y muchas sorpresas en el marco de un almuerzo distendido, m\u00e1s all\u00e1 de las terapias y actividades educativas.<\/p>\n\n\n\n<p>Este espacio de contenci\u00f3n y asistencia, asiste actualmente a 38 alumnos de los tres niveles educativos y se encuentra integrado dos psicopedagogas, una fonoaudi\u00f3loga y una psic\u00f3loga.<\/p>\n\n\n","protected":false},"excerpt":{"rendered":"<p>CONTINUIDAD DEL CURSO DE ANFITRIONES TURISTICOS Luego de una parate obligado por la organizaci\u00f3n de la Fiesta de los Ravioles, el pasado viernes 13 de setiembre retom\u00f3 su calendario de capacitaciones el curso denominado Anfitri\u00f3n Tur\u00edstico, contemplado dentro de los alcances del Programa Impulsa, con una visita al Establecimiento Rural &#8220;El Vasquito&#8221;, desarrollan del m\u00f3dulo\u201d [&hellip;]<\/p>\n","protected":false},"author":1,"featured_media":0,"parent":0,"menu_order":0,"comment_status":"closed","ping_status":"closed","template":"","meta":{"footnotes":""},"class_list":["post-1946","page","type-page","status-publish","hentry"],"_links":{"self":[{"href":"https:\/\/elcristaldigital.org\/index.php\/wp-json\/wp\/v2\/pages\/1946","targetHints":{"allow":["GET"]}}],"collection":[{"href":"https:\/\/elcristaldigital.org\/index.php\/wp-json\/wp\/v2\/pages"}],"about":[{"href":"https:\/\/elcristaldigital.org\/index.php\/wp-json\/wp\/v2\/types\/page"}],"author":[{"embeddable":true,"href":"https:\/\/elcristaldigital.org\/index.php\/wp-json\/wp\/v2\/users\/1"}],"replies":[{"embeddable":true,"href":"https:\/\/elcristaldigital.org\/index.php\/wp-json\/wp\/v2\/comments?post=1946"}],"version-history":[{"count":6,"href":"https:\/\/elcristaldigital.org\/index.php\/wp-json\/wp\/v2\/pages\/1946\/revisions"}],"predecessor-version":[{"id":1981,"href":"https:\/\/elcristaldigital.org\/index.php\/wp-json\/wp\/v2\/pages\/1946\/revisions\/1981"}],"wp:attachment":[{"href":"https:\/\/elcristaldigital.org\/index.php\/wp-json\/wp\/v2\/media?parent=1946"}],"curies":[{"name":"wp","href":"https:\/\/api.w.org\/{rel}","templated":true}]}}