{"id":1944,"date":"2024-10-10T15:36:15","date_gmt":"2024-10-10T18:36:15","guid":{"rendered":"https:\/\/elcristaldigital.org\/?page_id=1944"},"modified":"2024-10-10T16:57:12","modified_gmt":"2024-10-10T19:57:12","slug":"gestion-comunal-17","status":"publish","type":"page","link":"https:\/\/elcristaldigital.org\/index.php\/gestion-comunal-17\/","title":{"rendered":"Gesti\u00f3n Comunal"},"content":{"rendered":"\n<h2 class=\"wp-block-heading alignfull has-text-align-center has-primary-color has-accent-background-color has-text-color has-background has-link-color wp-elements-7d997810cee5cd10a6ad6cc657a7e742\">DIA SIN AUTOS<\/h2>\n\n\n\n<p>En el marco de su pol\u00edtica ambiental y en cumplimiento de las metas de mitigaci\u00f3n y adaptaci\u00f3n planteadas en su Plan de Acci\u00f3n, el gobierno ramonense adhiere al D\u00eda Mundial Sin Autom\u00f3vil, invitando a la comunidad a dejar los veh\u00edculos motorizados y optar por m\u00e9todos alternativos y m\u00e1s amigables como caminar, andar en bicicleta o patinar.<\/p>\n\n\n\n<p>Esta jornada pretende promover una conciencia ecol\u00f3gica y contribuir al cuidado de la salud de las personas y del ambiente en el que habitamos, raz\u00f3n por la cual, desde el municipio se reducir\u00e1 el uso de la maquinaria a la indispensable para la prestaci\u00f3n de servicios de car\u00e1cter esencial, proponiendo similar medida a establecimientos educativos, instituciones y empresas.<\/p>\n\n\n\n<p>Seg\u00fan la Agencia Nacional de Seguridad Vial, en el mundo se calcula que circulan m\u00e1s de mil millones de veh\u00edculos motorizados, con el consecuente aumento de la contaminaci\u00f3n ambiental, volumen que tambi\u00e9n impacta sobre la seguridad vial y los modos de convivencia en el espacio p\u00fablico, imponi\u00e9ndose la necesidad de generar conciencia sobre los efectos del cambio clim\u00e1tico y de promover formas alternativas de tr\u00e1nsito.<\/p>\n","protected":false},"excerpt":{"rendered":"<p>DIA SIN AUTOS En el marco de su pol\u00edtica ambiental y en cumplimiento de las metas de mitigaci\u00f3n y adaptaci\u00f3n planteadas en su Plan de Acci\u00f3n, el gobierno ramonense adhiere al D\u00eda Mundial Sin Autom\u00f3vil, invitando a la comunidad a dejar los veh\u00edculos motorizados y optar por m\u00e9todos alternativos y m\u00e1s amigables como caminar, andar [&hellip;]<\/p>\n","protected":false},"author":1,"featured_media":0,"parent":0,"menu_order":0,"comment_status":"closed","ping_status":"closed","template":"","meta":{"footnotes":""},"class_list":["post-1944","page","type-page","status-publish","hentry"],"_links":{"self":[{"href":"https:\/\/elcristaldigital.org\/index.php\/wp-json\/wp\/v2\/pages\/1944","targetHints":{"allow":["GET"]}}],"collection":[{"href":"https:\/\/elcristaldigital.org\/index.php\/wp-json\/wp\/v2\/pages"}],"about":[{"href":"https:\/\/elcristaldigital.org\/index.php\/wp-json\/wp\/v2\/types\/page"}],"author":[{"embeddable":true,"href":"https:\/\/elcristaldigital.org\/index.php\/wp-json\/wp\/v2\/users\/1"}],"replies":[{"embeddable":true,"href":"https:\/\/elcristaldigital.org\/index.php\/wp-json\/wp\/v2\/comments?post=1944"}],"version-history":[{"count":2,"href":"https:\/\/elcristaldigital.org\/index.php\/wp-json\/wp\/v2\/pages\/1944\/revisions"}],"predecessor-version":[{"id":1982,"href":"https:\/\/elcristaldigital.org\/index.php\/wp-json\/wp\/v2\/pages\/1944\/revisions\/1982"}],"wp:attachment":[{"href":"https:\/\/elcristaldigital.org\/index.php\/wp-json\/wp\/v2\/media?parent=1944"}],"curies":[{"name":"wp","href":"https:\/\/api.w.org\/{rel}","templated":true}]}}