{"id":1788,"date":"2024-05-30T15:28:01","date_gmt":"2024-05-30T18:28:01","guid":{"rendered":"https:\/\/elcristaldigital.org\/?page_id=1788"},"modified":"2024-07-25T16:36:00","modified_gmt":"2024-07-25T19:36:00","slug":"economia-y-produccion","status":"publish","type":"page","link":"https:\/\/elcristaldigital.org\/index.php\/economia-y-produccion\/","title":{"rendered":"Econom\u00eda y Producci\u00f3n"},"content":{"rendered":"\n<h3 class=\"wp-block-heading alignfull has-text-align-center has-primary-color has-accent-background-color has-text-color has-background has-link-color wp-elements-44983985a188d6adff1c1aedea5a5b77\">VISITA DEL DIRECTOR PROVINCIAL DE LECHER\u00cdA<\/h3>\n\n\n\n<p>Al efecto de interiorizarse del habitual desenvolvimiento de la actividad industrial y de dialogar sobre los desaf\u00edos y oportunidades que el complejo mercado l\u00e1cteo plantea para las empresas productoras, el Director Provincial de Lecher\u00eda, Carlos De Lorenzi, visit\u00f3 la planta de la firma Ramolac, acompa\u00f1ado por el Presidente Comunal Jos\u00e9 Barbero y las representantes de la Delegaci\u00f3n Rafaela del Gobierno Provincial, Victoria Civalero y Ana Cer\u00e9.<\/p>\n\n\n\n<p>En las oficinas de la empresa, las autoridades fueron recibidas miembros de su directorio, quienes impusieron a los visitantes de proyectos y estrategias de negocios para continuar creciendo como compa\u00f1\u00eda, siendo una empresa se\u00f1era a nivel nacional en un sector econ\u00f3mico con grandes actores multinacionales.<\/p>\n\n\n\n<p>Todos los sectores representados convinieron en el imperativo de mejorar la competitividad del sector, contemplando las herramientas con las que cuenta la Provincia, brindando un real y efectivo acompa\u00f1amiento al sector primario y manufacturero. De Lorenzi, con vasto conocimiento en la materia, plante\u00f3 la prioridad de la discusi\u00f3n de las condiciones fiscales y el fortalecimiento de ejes estrat\u00e9gicos como la adecuaci\u00f3n de la red vial y del servicio el\u00e9ctrico, sectores en los que la infraestructura actual exhibe capacidades limitadas para tambos e industrias.<\/p>\n\n\n\n<figure class=\"wp-block-image size-full\"><img loading=\"lazy\" decoding=\"async\" width=\"634\" height=\"339\" src=\"https:\/\/elcristaldigital.org\/wp-content\/uploads\/2024\/06\/De-Lorenzi.jpeg\" alt=\"\" class=\"wp-image-1795\" srcset=\"https:\/\/elcristaldigital.org\/wp-content\/uploads\/2024\/06\/De-Lorenzi.jpeg 634w, https:\/\/elcristaldigital.org\/wp-content\/uploads\/2024\/06\/De-Lorenzi-300x160.jpeg 300w\" sizes=\"auto, (max-width: 634px) 100vw, 634px\" \/><\/figure>\n\n\n\n<h3 class=\"wp-block-heading alignfull has-text-align-center has-primary-color has-accent-background-color has-text-color has-background has-link-color wp-elements-ebd76852b069fd3cbdd38f5306e8719d\">PRESENTACI\u00d3N SANTA FE BUSINESS FORUM<\/h3>\n\n\n\n<p>El mandatario ramonense y empresarios de la localidad fueron invitados por el Ministerio de Desarrollo Productivo, a trav\u00e9s de Santa Fe Global, a participar del lanzamiento de este Foro, realizado en el Centro Metropolitano la Estaci\u00f3n de la ciudad de Rafaela con la presencia de la Secretaria de Comercio Exterior Georgina Losada, con el que se busca fortalecer la exportaci\u00f3n de la Provincia y consolidarla como un epicentro de negocios internacionales, fomentando la relaci\u00f3n entre empresas provinciales e inversores de diferentes pa\u00edses del mundo.<\/p>\n\n\n\n<p>Esta novedosa e interesante actividad se encuentra prevista del 3 al 5 de septiembre de 2024 en las instalaciones de La Fluvial en Rosario y pauta tres ejes de trabajo: una ronda de negocios internacional, capacitaciones y workshops, y un foro de inversiones con mesas sectoriales para apertura de nuevos mercados y la promoci\u00f3n de la inversi\u00f3n extranjera directa.<\/p>\n\n\n\n<h3 class=\"wp-block-heading alignfull has-text-align-center has-primary-color has-accent-background-color has-text-color has-background has-link-color wp-elements-c5ee6450e682599d626442c0d8428eb3\">REUNION CON DIRECTOR DE COOPERATIVAS<\/h3>\n\n\n\n<p>En el marco de una agenda de reuniones pautadas en la capital provincial, Jos\u00e9 Barbero junto a Carlos Volpato, Director Provincial de Cooperativas y Mutuales, plantearon la realidad del sistema de la econom\u00eda social ramonense y puntualizaron las l\u00edneas de implementaci\u00f3n de los objetivos y metas trazados por dicha \u00e1rea del Ministerio de Desarrollo Productivo.<\/p>\n\n\n\n<p>Se trata de un sector econ\u00f3mico robusto y de trascendencia, considerando la existencia en el plano local de cooperativas de servicios, de trabajo y mutuales que asisten a sus asociados, conforme a las previsiones de sus respectivos estatutos y fines de creaci\u00f3n, que derraman en el resto de la comunidad los efectos de sus pol\u00edticas movilizando el comercio, la producci\u00f3n, el mercado laboral y el sector financiero, pero con la t\u00f3nica social y los principios propios del sistema asociativo.<\/p>\n\n\n\n<figure class=\"wp-block-image size-full is-resized\"><img loading=\"lazy\" decoding=\"async\" width=\"1322\" height=\"675\" src=\"https:\/\/elcristaldigital.org\/wp-content\/uploads\/2024\/07\/Volpato.jpeg\" alt=\"\" class=\"wp-image-1856\" style=\"width:638px;height:auto\" srcset=\"https:\/\/elcristaldigital.org\/wp-content\/uploads\/2024\/07\/Volpato.jpeg 1322w, https:\/\/elcristaldigital.org\/wp-content\/uploads\/2024\/07\/Volpato-300x153.jpeg 300w, https:\/\/elcristaldigital.org\/wp-content\/uploads\/2024\/07\/Volpato-768x392.jpeg 768w, https:\/\/elcristaldigital.org\/wp-content\/uploads\/2024\/07\/Volpato-1200x613.jpeg 1200w\" sizes=\"auto, (max-width: 1322px) 100vw, 1322px\" \/><\/figure>\n","protected":false},"excerpt":{"rendered":"<p>VISITA DEL DIRECTOR PROVINCIAL DE LECHER\u00cdA Al efecto de interiorizarse del habitual desenvolvimiento de la actividad industrial y de dialogar sobre los desaf\u00edos y oportunidades que el complejo mercado l\u00e1cteo plantea para las empresas productoras, el Director Provincial de Lecher\u00eda, Carlos De Lorenzi, visit\u00f3 la planta de la firma Ramolac, acompa\u00f1ado por el Presidente Comunal [&hellip;]<\/p>\n","protected":false},"author":1,"featured_media":0,"parent":0,"menu_order":0,"comment_status":"closed","ping_status":"closed","template":"","meta":{"footnotes":""},"class_list":["post-1788","page","type-page","status-publish","hentry"],"_links":{"self":[{"href":"https:\/\/elcristaldigital.org\/index.php\/wp-json\/wp\/v2\/pages\/1788","targetHints":{"allow":["GET"]}}],"collection":[{"href":"https:\/\/elcristaldigital.org\/index.php\/wp-json\/wp\/v2\/pages"}],"about":[{"href":"https:\/\/elcristaldigital.org\/index.php\/wp-json\/wp\/v2\/types\/page"}],"author":[{"embeddable":true,"href":"https:\/\/elcristaldigital.org\/index.php\/wp-json\/wp\/v2\/users\/1"}],"replies":[{"embeddable":true,"href":"https:\/\/elcristaldigital.org\/index.php\/wp-json\/wp\/v2\/comments?post=1788"}],"version-history":[{"count":5,"href":"https:\/\/elcristaldigital.org\/index.php\/wp-json\/wp\/v2\/pages\/1788\/revisions"}],"predecessor-version":[{"id":1859,"href":"https:\/\/elcristaldigital.org\/index.php\/wp-json\/wp\/v2\/pages\/1788\/revisions\/1859"}],"wp:attachment":[{"href":"https:\/\/elcristaldigital.org\/index.php\/wp-json\/wp\/v2\/media?parent=1788"}],"curies":[{"name":"wp","href":"https:\/\/api.w.org\/{rel}","templated":true}]}}