{"id":1710,"date":"2024-04-04T15:18:50","date_gmt":"2024-04-04T18:18:50","guid":{"rendered":"https:\/\/elcristaldigital.org\/?page_id=1710"},"modified":"2024-09-05T16:31:43","modified_gmt":"2024-09-05T19:31:43","slug":"cultura-2","status":"publish","type":"page","link":"https:\/\/elcristaldigital.org\/index.php\/cultura-2\/","title":{"rendered":"Cultura"},"content":{"rendered":"\n<h2 class=\"wp-block-heading alignfull has-text-align-center has-primary-color has-accent-background-color has-text-color has-background has-link-color wp-elements-4537aae61a65c4c4f357e46309d5d9df\">CONCURSO MASCOTERO<\/h2>\n\n\n\n<p>Al efecto de generar conciencia y una sociedad amigable con el mundo animal, dentro de la pol\u00edtica municipal de abordaje integral de su salud, se reedit\u00f3 la campa\u00f1a fotogr\u00e1fica conmemorativa de la jornada, con la que las familias participantes demostraron el cari\u00f1o, respeto y cuidado que dispensan a sus mascotas.<\/p>\n\n\n\n<p>La actividad cont\u00f3 con la participaci\u00f3n de casi 150 perros, gatos, aves, incentivando la participaci\u00f3n y recreaci\u00f3n de la comunidad y ha permitido, a los distinguidos por el azar, acceder a \u00f3rdenes de compra en comercios de rubro que se sumaron a la propuesta.&nbsp;&nbsp;<\/p>\n\n\n\n<p><\/p>\n\n\n\n<h2 class=\"wp-block-heading alignfull has-text-align-center has-primary-color has-accent-background-color has-text-color has-background has-link-color wp-elements-05311d1aef85f5e10b2e14de42d2f06c\">TURISMO RURAL CON AGENDA CARGADA<\/h2>\n\n\n\n<p>El recientemente iniciado mes de mayo trae una larga lista de acontecimientos y eventos que atraer\u00e1n a visitantes de diferentes latitudes, generando indirectamente recursos y empleo y movilizando a un importante n\u00famero de vecinos que operan como cordiales anfitriones.<\/p>\n\n\n\n<p>Fruto de la sinergia generada junto a agencias y operadores, el pasado fin de semana, un grupo proveniente de la ciudad de Rafaela recorri\u00f3 las instalaciones del Museo y disfrut\u00f3 la propuesta del Establecimiento El Vasquito, que forma parte de las opciones del grupo, con un sensacional asado campero en su contexto natural y el habitual relato de leyendas y tradiciones que lo acompa\u00f1an. Previamente, en el complejo museol\u00f3gico se acompa\u00f1\u00f3 la recorrida por cada una de las salas, en una experiencia irrepetible que transcurre entre historia, sensaciones y sabores distintivos.<\/p>\n\n\n\n<p>Con la misma agenda, el pr\u00f3ximo domingo est\u00e1 prevista la visita de un nuevo contingente en esta ocasi\u00f3n de la capital de la Provincia.&nbsp;&nbsp;&nbsp;&nbsp;<\/p>\n\n\n\n<p>Por su parte, el 26 de mayo se pauta la habitual cabalgata pueblerina con agrupaciones gauchas para toda la familia, en esta ocasi\u00f3n organizada junto a la vecina localidad de Pueblo Marini, ofreciendo una jornada de tradiciones y destrezas con bar, cantina y locro.<\/p>\n\n\n<div class=\"wp-block-image\">\n<figure class=\"aligncenter size-large is-resized\"><img loading=\"lazy\" decoding=\"async\" width=\"1444\" height=\"1080\" src=\"https:\/\/elcristaldigital.org\/wp-content\/uploads\/2024\/05\/Jose-Barbero-Turismo-mayo-2024-1444x1080.jpeg\" alt=\"\" class=\"wp-image-1778\" style=\"width:524px;height:auto\" srcset=\"https:\/\/elcristaldigital.org\/wp-content\/uploads\/2024\/05\/Jose-Barbero-Turismo-mayo-2024-1444x1080.jpeg 1444w, https:\/\/elcristaldigital.org\/wp-content\/uploads\/2024\/05\/Jose-Barbero-Turismo-mayo-2024-300x224.jpeg 300w, https:\/\/elcristaldigital.org\/wp-content\/uploads\/2024\/05\/Jose-Barbero-Turismo-mayo-2024-768x575.jpeg 768w, https:\/\/elcristaldigital.org\/wp-content\/uploads\/2024\/05\/Jose-Barbero-Turismo-mayo-2024-1536x1149.jpeg 1536w, https:\/\/elcristaldigital.org\/wp-content\/uploads\/2024\/05\/Jose-Barbero-Turismo-mayo-2024-1200x898.jpeg 1200w, https:\/\/elcristaldigital.org\/wp-content\/uploads\/2024\/05\/Jose-Barbero-Turismo-mayo-2024.jpeg 1600w\" sizes=\"auto, (max-width: 1444px) 100vw, 1444px\" \/><\/figure>\n<\/div>\n\n\n<h3 class=\"wp-block-heading alignfull has-text-align-center has-primary-color has-accent-background-color has-text-color has-background has-link-color wp-elements-0516f4fc4eb60266efb03bda8161a87d\">FERIA DE ARTESANOS Y EMPRENDEDORES<\/h3>\n\n\n\n<p>El pr\u00f3ximo domingo 12, desde las 15:30 horas, los feriantes locales volver\u00e1n a la Plaza Sarmiento para exponer sus creaciones en una nueva edici\u00f3n de la exposici\u00f3n que peri\u00f3dicamente convoca un importante n\u00famero de stands y visitantes que recorren la muestra.<\/p>\n\n\n\n<p>El evento ofrece a los productores locales un \u00e1mbito propicio para mostrar al resto de los ramonenses sus productos en materiales como cuero, tejidos, madera, metales o gastronom\u00eda. Con esta herramienta, adem\u00e1s, el gobierno municipal pone a su disposici\u00f3n un espacio para comercializar la producci\u00f3n, estableciendo canales de contacto y venta con potenciales consumidores.<\/p>\n\n\n\n<h2 class=\"wp-block-heading alignfull has-text-align-center has-primary-color has-accent-background-color has-text-color has-background has-link-color wp-elements-9bcf4476dd47e5ed334cc64127f55447\">CELEBRACION BOMBERIL<\/h2>\n\n\n\n<p>Con un evento que incluy\u00f3 juegos, animaciones y exhibici\u00f3n de los recursos materiales y humanos con los que cuenta el Cuartel N\u00ba 143 con asiento en nuestra localidad, el pasado domingo tuvo lugar una celebraci\u00f3n comunitaria, reconociendo la loable tarea que los miembros de su cuerpo activo desarrollan para brindar seguridad y proteger a las personas y sus bienes.&nbsp;<\/p>\n\n\n\n<p>El gobierno local, en respuesta a la solicitud planteada por la Comisi\u00f3n Directiva de la Asociaci\u00f3n Civil efectiviz\u00f3 un aporte econ\u00f3mico para esta jornada que intenta mostrar el valiente trabajo de los bomberos y la importancia de la prevenci\u00f3n, integrar a la comunidad en sus labores, interactuar y aprender en detalle equipos, herramientas y veh\u00edculos operativos.<\/p>\n\n\n\n<p>El 2 de junio, se celebra el D\u00eda del Bombero en honor a la fundaci\u00f3n del primer cuerpo de Bomberos Voluntarios de la Rep\u00fablica Argentina en el barrio porte\u00f1o de La Boca.<\/p>\n\n\n\n<figure class=\"wp-block-image size-full\"><img loading=\"lazy\" decoding=\"async\" width=\"747\" height=\"536\" src=\"https:\/\/elcristaldigital.org\/wp-content\/uploads\/2024\/06\/Bomberos-2024.jpeg\" alt=\"\" class=\"wp-image-1805\" srcset=\"https:\/\/elcristaldigital.org\/wp-content\/uploads\/2024\/06\/Bomberos-2024.jpeg 747w, https:\/\/elcristaldigital.org\/wp-content\/uploads\/2024\/06\/Bomberos-2024-300x215.jpeg 300w\" sizes=\"auto, (max-width: 747px) 100vw, 747px\" \/><\/figure>\n\n\n\n<h3 class=\"wp-block-heading alignfull has-text-align-center has-primary-color has-accent-background-color has-text-color has-background has-link-color wp-elements-2e2ff7574bee862f0a50d7dfe1c0e1b4\">TURISMO REGIONAL EN SINTONIA<\/h3>\n\n\n\n<p>La atractiva grilla de programaci\u00f3n del canal Next TV de la ciudad de Rafaela, present\u00f3 recientemente la novedad de un especial sobre turismo receptivo y de cercan\u00eda en nuestra regi\u00f3n, al que fueron invitados integrantes del grupo de emprendedores ramonenses.<\/p>\n\n\n\n<p>Conducido por Valentina Fontanessi, el programa cont\u00f3, adem\u00e1s, con la participaci\u00f3n de autoridades rafaelinas, Agust\u00edn Aresse de Azul Profundo por las agencias del sector, la Secretaria de Turismo de la Provincia Marcela Aeberardh, representantes de la localidad de Moises Ville y del sector automovil\u00edstico de la ciudad cabecera del Departamento. La oferta de nuestra localidad fue expuesta al detalle por Danilo Ferrero, referente del Grupo, Gerardo Bessone del Establecimiento El Vasquito y Mar\u00eda Trinidad P\u00e9rez en su car\u00e1cter de gu\u00eda del Museo Hist\u00f3rico Comunal.<\/p>\n\n\n\n<p>En pantalla, los miembros del Grupo pudieron brindar informaci\u00f3n de excursiones, visitas guiadas y de los circuitos productivos, hist\u00f3ricos y culturales, para difundir ante la audiencia de la se\u00f1al televisiva la variada propuesta que Ramona presenta a los eventuales visitantes.<\/p>\n\n\n\n<figure class=\"wp-block-image size-full\"><img loading=\"lazy\" decoding=\"async\" width=\"930\" height=\"539\" src=\"https:\/\/elcristaldigital.org\/wp-content\/uploads\/2024\/07\/Next-TV.jpeg\" alt=\"\" class=\"wp-image-1823\" srcset=\"https:\/\/elcristaldigital.org\/wp-content\/uploads\/2024\/07\/Next-TV.jpeg 930w, https:\/\/elcristaldigital.org\/wp-content\/uploads\/2024\/07\/Next-TV-300x174.jpeg 300w, https:\/\/elcristaldigital.org\/wp-content\/uploads\/2024\/07\/Next-TV-768x445.jpeg 768w\" sizes=\"auto, (max-width: 930px) 100vw, 930px\" \/><\/figure>\n\n\n\n<h3 class=\"wp-block-heading alignfull has-text-align-center has-primary-color has-accent-background-color has-text-color has-background has-link-color wp-elements-f2653d107dd8afe88eca745e5c30465c\">LA 10 DE MESSI FLAMEO EN LA PREVIA DEL BICAMPEONATO<\/h3>\n\n\n\n<p>A trav\u00e9s del programa \u201cAbanderados\u201d, perteneciente al Ente Cultural Santafesino, Ramona recibi\u00f3 una camiseta gigante de la selecci\u00f3n nacional confeccionada por la Comuna de Serodino y acompa\u00f1ada de las banderas distritales de m\u00e1s de treinta comunidades correspondientes a doce Departamentos de la Provincia de Santa Fe, exposici\u00f3n que tuvo cita en la Plaza Sarmiento durante los d\u00edas jueves, s\u00e1bado y domingo.<\/p>\n\n\n\n<p>En particular, la camiseta m\u00e1s grande del pa\u00eds, que mide dieciocho metros de alto por doce de ancho y pesa casi 100 kg, result\u00f3 la gran atracci\u00f3n del pasado fin semana, despertando el inter\u00e9s del p\u00fablico de una amplia regi\u00f3n y de medios de comunicaci\u00f3n regionales y nacionales.<\/p>\n\n\n\n<p>Las sensaciones despertadas por la participaci\u00f3n de la Selecci\u00f3n Nacional de F\u00fatbol en la recientemente concluida edici\u00f3n de la Copa Am\u00e9rica, coronadas con el bicampeonato, han estimulado a ni\u00f1os, j\u00f3venes y adultos a posar para su respectiva postal con la celeste y blanca, generando un interesante movimiento de visitantes y su correlativo impacto en el sector comercial local, beneficiado por esa afluencia.<\/p>\n\n\n\n<figure class=\"wp-block-image size-large is-resized\"><img loading=\"lazy\" decoding=\"async\" width=\"810\" height=\"1080\" src=\"https:\/\/elcristaldigital.org\/wp-content\/uploads\/2024\/07\/Jose-Barbero-Camiseta-1-810x1080.jpeg\" alt=\"\" class=\"wp-image-1837\" style=\"width:544px;height:auto\" srcset=\"https:\/\/elcristaldigital.org\/wp-content\/uploads\/2024\/07\/Jose-Barbero-Camiseta-1-810x1080.jpeg 810w, https:\/\/elcristaldigital.org\/wp-content\/uploads\/2024\/07\/Jose-Barbero-Camiseta-1-225x300.jpeg 225w, https:\/\/elcristaldigital.org\/wp-content\/uploads\/2024\/07\/Jose-Barbero-Camiseta-1-768x1024.jpeg 768w, https:\/\/elcristaldigital.org\/wp-content\/uploads\/2024\/07\/Jose-Barbero-Camiseta-1-1152x1536.jpeg 1152w, https:\/\/elcristaldigital.org\/wp-content\/uploads\/2024\/07\/Jose-Barbero-Camiseta-1.jpeg 1200w\" sizes=\"auto, (max-width: 810px) 100vw, 810px\" \/><\/figure>\n\n\n\n<h2 class=\"wp-block-heading alignfull has-text-align-center has-primary-color has-accent-background-color has-text-color has-background has-link-color wp-elements-5d1be78f655260a301767df360043eff\">VACACIONES EN LA PLAZA<\/h2>\n\n\n\n<p>Durante la semana en curso, y en coincidencia con el receso invernal educativo, tendr\u00e1 lugar una nueva edici\u00f3n de \u201cVacaciones en la Plaza\u201d, una propuesta que tiene por fin brindar una completa oferta de actividades, convirtiendo a la plaza en epicentro de encuentros y diversi\u00f3n.<\/p>\n\n\n\n<p>El cronograma de actividades tiene pautado para el d\u00eda mi\u00e9rcoles, desde las 14:30 horas en el Sal\u00f3n del Museo, la proyecci\u00f3n de una pel\u00edcula en la tarde de cine apta para todo p\u00fablico, con entrada libre y gratuita, pochoclos y sorpresas. Por su parte, el viernes se realizar\u00e1 el tradicional kermes de juegos de variados atractivos y entretenimientos que siempre convoca a una multitud de ni\u00f1os y adultos en torno a pelotas, aros, redes, raquetas y dem\u00e1s elementos deportivos<\/p>\n\n\n\n<p>Se trata de una propuesta que tiene m\u00e1s de una d\u00e9cada de antig\u00fcedad y que siempre funcion\u00f3 como una interesante alternativa de esparcimiento para los ni\u00f1os, ocupando el tiempo libre que deja el recreo escolar en la agenda infantil, llen\u00e1ndolo con recreaci\u00f3n y juegos con pares.<\/p>\n\n\n\n<figure class=\"wp-block-image size-full is-resized\"><img loading=\"lazy\" decoding=\"async\" width=\"1600\" height=\"763\" src=\"https:\/\/elcristaldigital.org\/wp-content\/uploads\/2024\/07\/Vacaciones-2024.jpeg\" alt=\"\" class=\"wp-image-1838\" style=\"width:633px;height:auto\" srcset=\"https:\/\/elcristaldigital.org\/wp-content\/uploads\/2024\/07\/Vacaciones-2024.jpeg 1600w, https:\/\/elcristaldigital.org\/wp-content\/uploads\/2024\/07\/Vacaciones-2024-300x143.jpeg 300w, https:\/\/elcristaldigital.org\/wp-content\/uploads\/2024\/07\/Vacaciones-2024-768x366.jpeg 768w, https:\/\/elcristaldigital.org\/wp-content\/uploads\/2024\/07\/Vacaciones-2024-1536x732.jpeg 1536w, https:\/\/elcristaldigital.org\/wp-content\/uploads\/2024\/07\/Vacaciones-2024-1200x572.jpeg 1200w\" sizes=\"auto, (max-width: 1600px) 100vw, 1600px\" \/><\/figure>\n\n\n\n<h3 class=\"wp-block-heading alignfull has-text-align-center has-primary-color has-accent-background-color has-text-color has-background has-link-color wp-elements-2560dbb23613d9ec3862e36d837c5841\">EL CENSO CONFIRMA EL CRECIMIENTO POBLACIONAL<\/h3>\n\n\n\n<p>Tras m\u00e1s de 2 a\u00f1os desde la fecha de su realizaci\u00f3n y una suma de inconvenientes en el procesamiento de los datos generados, el Instituto Nacional de Estad\u00edsticas y Censos (INDEC) public\u00f3 el resultado definitivo del Censo Nacional de Poblaci\u00f3n y Vivienda del a\u00f1o 2022 que, para Ramona, muestra una interesante tasa de crecimiento para un pueblo que, por ubicaci\u00f3n geogr\u00e1fica y otras variables como la conectividad regional, no recibe afluencia migratoria desde los principales centros urbanos de la regi\u00f3n.<\/p>\n\n\n\n<p>Con 2062 habitantes y una tasa positiva intercensal del 5,15 % se consolida como una de las principales poblaciones del oeste del Departamento Castellanos, no solo conservando su poblaci\u00f3n, sino creciendo de manera considerable en la comparativa con gran parte de los distritos del interior de la Provincia, que no forman parte de las \u00e1reas metropolitanas m\u00e1s inmediatas. Sin embargo, y como ha ocurrido con buena parte de los centros con \u00edndice positivo, el mismo se ha ralentizado, disminuyendo en el cotejo con los registros precedentes.<\/p>\n\n\n\n<p>Otro dato interesante que resulta de la informaci\u00f3n compartida por el organismo nacional, es el de la cantidad de viviendas particulares, n\u00famero que refleja el evidente d\u00e9ficit habitacional que ahora se confirma y que demanda de pol\u00edticas activas que se orienten a su reducci\u00f3n. En cuanto al resto de los par\u00e1metros medidos, tales como edades, distribuci\u00f3n por sexo, servicios y condiciones de los domicilios, los valores no difieren considerablemente de los promedios nacionales<\/p>\n\n\n\n<h2 class=\"wp-block-heading alignfull has-text-align-center has-primary-color has-accent-background-color has-text-color has-background has-link-color wp-elements-7baacff4bde73bdcf64d2b45c9f69822\">SEMANA A PURO TEATRO<\/h2>\n\n\n\n<p>Cumplido, el pasado mi\u00e9rcoles, el habitual lanzamiento en el que se detall\u00f3 cada una de las obras que componen la cartelera 2024 y cont\u00f3 con una simp\u00e1tica presentaci\u00f3n del grupo local La Usina que atrap\u00f3 al imponente marco de p\u00fablico que colm\u00f3 el remozado auditorio del Sal\u00f3n del Museo. Con localidades agotadas en algunas funciones y debiendo ampliar la capacidad del recinto en otras, la venta de entradas ha confirmado el profundo inter\u00e9s que despierta en la comunidad y la apropiaci\u00f3n social de esta iniciativa.&nbsp;&nbsp; &nbsp;<\/p>\n\n\n\n<p>Cabe recordar que la grilla incluye, para el d\u00eda mi\u00e9rcoles 14 desde las 21 horas, la apertura con \u201cMi propio Ni\u00f1o Dios\u201d, del Grupo La Usina de nuestra localidad, una comedia dram\u00e1tica adaptaci\u00f3n del texto del prestigioso y reconocido autor y escritor argentino Julio Chavez. El jueves tendr\u00e1 su momento la ya cl\u00e1sica participaci\u00f3n de la Cooperativa de Trabajo Maquinarte, de la ciudad de Sunchales, con \u201cLa \u00daltima Diva\u201d. \u00c9sta ser\u00e1 su tercera intervenci\u00f3n luego de las presentaciones en 2021 y 2023, con gran repercusi\u00f3n, notoria aceptaci\u00f3n y qu\u00edmica con el p\u00fablico.&nbsp;&nbsp;<\/p>\n\n\n\n<p>&#8220;El Loco y la Camisa&#8221; de La Comedia San Francisco, atraer\u00e1 la atenci\u00f3n del viernes 16, una obra reconocida como el mejor espect\u00e1culo cordob\u00e9s en los Premios Carlos 2024 que aborda tem\u00e1ticas profundas como la salud mental, la inclusi\u00f3n y la familia. Por su parte, el s\u00e1bado se presentar\u00e1 \u201cLos Cielos de la Diabla\u201d de la compa\u00f1\u00eda Tapera de la ciudad de Rosario, un mon\u00f3logo melodram\u00e1tico que interroga los usos y las costumbres de mujeres y hombres.<\/p>\n\n\n\n<p>Finalmente, el domingo 18, celebrando el d\u00eda de las ni\u00f1eces, desde Pueblo Esther la Cia. Tuto Tul traer\u00e1 \u201cCirco de Bolsillo\u201d un compendio de destrezas, acrobacias y humor que, seguramente, convocar\u00e1 a una multitud de familias en la cascada de Plaza Sarmiento.&nbsp;<\/p>\n\n\n\n<p>Esta fiesta cultural se erige como referencia regional con concurrencia de localidades vecinas, ofreciendo una cartelera de destacadas y reconocidas obras de trayectoria nacional.<\/p>\n\n\n\n<figure class=\"wp-block-image size-large is-resized\"><img loading=\"lazy\" decoding=\"async\" width=\"1614\" height=\"1080\" src=\"https:\/\/elcristaldigital.org\/wp-content\/uploads\/2024\/08\/Jose-Barbero-Teatro-2024-lanzamiento-1614x1080.jpeg\" alt=\"\" class=\"wp-image-1873\" style=\"width:592px;height:auto\" srcset=\"https:\/\/elcristaldigital.org\/wp-content\/uploads\/2024\/08\/Jose-Barbero-Teatro-2024-lanzamiento-1614x1080.jpeg 1614w, https:\/\/elcristaldigital.org\/wp-content\/uploads\/2024\/08\/Jose-Barbero-Teatro-2024-lanzamiento-300x201.jpeg 300w, https:\/\/elcristaldigital.org\/wp-content\/uploads\/2024\/08\/Jose-Barbero-Teatro-2024-lanzamiento-768x514.jpeg 768w, https:\/\/elcristaldigital.org\/wp-content\/uploads\/2024\/08\/Jose-Barbero-Teatro-2024-lanzamiento-1536x1028.jpeg 1536w, https:\/\/elcristaldigital.org\/wp-content\/uploads\/2024\/08\/Jose-Barbero-Teatro-2024-lanzamiento-2048x1370.jpeg 2048w, https:\/\/elcristaldigital.org\/wp-content\/uploads\/2024\/08\/Jose-Barbero-Teatro-2024-lanzamiento-1200x803.jpeg 1200w, https:\/\/elcristaldigital.org\/wp-content\/uploads\/2024\/08\/Jose-Barbero-Teatro-2024-lanzamiento-1980x1325.jpeg 1980w\" sizes=\"auto, (max-width: 1614px) 100vw, 1614px\" \/><\/figure>\n\n\n\n<h3 class=\"wp-block-heading alignfull has-text-align-center has-primary-color has-accent-background-color has-text-color has-background has-link-color wp-elements-943dea58c3e3b77351526dc384e80ec4\">CONVOCATORIA ASOCIACI\u00d3N CIVIL DE BOMBEROS VOLUNTARIOS RAMONA<\/h3>\n\n\n\n<figure class=\"wp-block-image size-large is-resized\"><img loading=\"lazy\" decoding=\"async\" width=\"1249\" height=\"1080\" src=\"https:\/\/elcristaldigital.org\/wp-content\/uploads\/2024\/09\/image-1249x1080.png\" alt=\"\" class=\"wp-image-1887\" style=\"width:574px;height:auto\" srcset=\"https:\/\/elcristaldigital.org\/wp-content\/uploads\/2024\/09\/image-1249x1080.png 1249w, https:\/\/elcristaldigital.org\/wp-content\/uploads\/2024\/09\/image-300x260.png 300w, https:\/\/elcristaldigital.org\/wp-content\/uploads\/2024\/09\/image-768x664.png 768w, https:\/\/elcristaldigital.org\/wp-content\/uploads\/2024\/09\/image-1536x1329.png 1536w, https:\/\/elcristaldigital.org\/wp-content\/uploads\/2024\/09\/image-1200x1038.png 1200w, https:\/\/elcristaldigital.org\/wp-content\/uploads\/2024\/09\/image.png 1600w\" sizes=\"auto, (max-width: 1249px) 100vw, 1249px\" \/><\/figure>\n\n\n\n<h3 class=\"wp-block-heading alignfull has-text-align-center has-primary-color has-accent-background-color has-text-color has-background has-link-color wp-elements-8144e4b22d13d4b719409ba063c71ca8\">PRESENTACION DE LA FIESTA PROVINCIAL DE LOS RAVIOLES<\/h3>\n\n\n\n<p>A partir de la invitaci\u00f3n cursada por la Secretar\u00eda de Turismo, en la capital provincial se efectu\u00f3 la presentaci\u00f3n de la 27\u00ba Fiesta Provincial de los Ravioles, evento que tendr\u00e1 lugar el pr\u00f3ximo domingo 8 de septiembre desde las 12 horas en el gimnasio cubierto del Centro Cultural y Deportivo y que, en virtud del inter\u00e9s percibido en los primeros d\u00edas de comercializaci\u00f3n de las tarjetas, se aguarda tenga una convocatoria multitudinaria.<\/p>\n\n\n\n<p>La conferencia de prensa, desarrollada en el Sal\u00f3n Amarillo del Ministerio de Desarrollo Productivo, estuvo encabezada por el Presidente Comunal Jos\u00e9 Barbero, acompa\u00f1ado por la Secretaria de Turismo Marcela Aeberhard, el Senador Alcides Calvo, el Diputado Mariano Cuvertino, y el Director de Turismo Franco Arone.<\/p>\n\n\n\n<p>En su alocuci\u00f3n, el mandatario ramonense relat\u00f3 detalles de la organizaci\u00f3n mientras que las autoridades provinciales destacaron, desde sus respectivos enfoques, la importancia de este tipo de festividades y su impacto econ\u00f3mico e institucional, recordando que, como en anteriores ocasiones, ser\u00e1 organizada y su producido a beneficio del Centro Cultural y Deportivo, Agrupaci\u00f3n Scouts San Ram\u00f3n Nonato y SAMCo, tres instituciones fundamentales por su labor de formaci\u00f3n integral de ni\u00f1as, ni\u00f1os y adolescentes y la salud comunitaria.<\/p>\n\n\n\n<p>Con cobertura de los principales medios de comunicaci\u00f3n de la Provincia, la ocasi\u00f3n result\u00f3 sumamente propicia para imponer la fiesta y darla a conocer al amplio p\u00fablico para que, en \u00e9sta o en sucesivas realizaciones, puedan conocer sus atributos y disfrutar de una de las reuniones gastron\u00f3micas de mayor trayectoria en este sector del territorio santafesino.<\/p>\n\n\n\n<figure class=\"wp-block-image size-large is-resized\"><img loading=\"lazy\" decoding=\"async\" width=\"1879\" height=\"1080\" src=\"https:\/\/elcristaldigital.org\/wp-content\/uploads\/2024\/09\/Ravioles-presentacion-1879x1080.jpeg\" alt=\"\" class=\"wp-image-1890\" style=\"width:571px;height:auto\" srcset=\"https:\/\/elcristaldigital.org\/wp-content\/uploads\/2024\/09\/Ravioles-presentacion-1879x1080.jpeg 1879w, https:\/\/elcristaldigital.org\/wp-content\/uploads\/2024\/09\/Ravioles-presentacion-300x172.jpeg 300w, https:\/\/elcristaldigital.org\/wp-content\/uploads\/2024\/09\/Ravioles-presentacion-768x441.jpeg 768w, https:\/\/elcristaldigital.org\/wp-content\/uploads\/2024\/09\/Ravioles-presentacion-1536x883.jpeg 1536w, https:\/\/elcristaldigital.org\/wp-content\/uploads\/2024\/09\/Ravioles-presentacion-2048x1177.jpeg 2048w, https:\/\/elcristaldigital.org\/wp-content\/uploads\/2024\/09\/Ravioles-presentacion-1200x690.jpeg 1200w, https:\/\/elcristaldigital.org\/wp-content\/uploads\/2024\/09\/Ravioles-presentacion-1980x1138.jpeg 1980w\" sizes=\"auto, (max-width: 1879px) 100vw, 1879px\" \/><\/figure>\n\n\n\n<h2 class=\"wp-block-heading alignfull has-text-align-center has-primary-color has-accent-background-color has-text-color has-background has-link-color wp-elements-972d3bd2f236ee8ab318e18d040455f9\">AGENDA DE LA FESTIVIDAD PATRONAL<\/h2>\n\n\n\n<p>El s\u00e1bado 31 de agosto ser\u00e1n los acontecimientos centrales de la celebraci\u00f3n patronal en honor a San Ram\u00f3n Nonato, jornada que se iniciar\u00e1 a la hora 10 con el Izamiento de la Ense\u00f1a Patria en la Plaza Sarmiento con posterior procesi\u00f3n y misa a cargo del sacerdote Marcelo Ferrero.<\/p>\n\n\n\n<p>Finalizada la misma, se proceder\u00e1 a la inauguraci\u00f3n formal de la ampliaci\u00f3n del sector de juegos de la Plaza Sarmiento, obra que busca garantizar la accesibilidad y el desarrollo l\u00fadico. Se trata, concretamente, de la instalaci\u00f3n de dos mangrullos modulares que combinan toboganes, puentes y postas, atendiendo especialmente a las infancias, con las condiciones necesarias para su disfrute y recreaci\u00f3n de manera segura y sin limitaciones.<\/p>\n\n\n\n<p>Para la tarde, se encuentra prevista una feria de artesanos con una importante cantidad de emprendedores locales y regionales y un show art\u00edstico de la reconocida banda rafaelina \u201c5 Monos\u201d, que por primera vez se presentar\u00e1 en la localidad con un espect\u00e1culo musical que armoniza temas propios y covers del rock nacional.<\/p>\n\n\n\n<p>Cada \u00faltimo d\u00eda de agosto se celebra la fiesta lit\u00fargica de San Ram\u00f3n Nonato, el patrono de las embarazadas, padrinazgo que se le dio por la forma en la que naci\u00f3: tras la muerte de su madre, fue extra\u00eddo a trav\u00e9s de una ces\u00e1rea. Por eso, le qued\u00f3 el apodo Nonato, que traducido del lat\u00edn significa \u2018el no nacido\u2019. Luego, durante su corta vida, desarrollo numerosas acciones que le valieron su canonizaci\u00f3n.<\/p>\n\n\n\n<figure class=\"wp-block-image size-full\"><img loading=\"lazy\" decoding=\"async\" width=\"480\" height=\"537\" src=\"https:\/\/elcristaldigital.org\/wp-content\/uploads\/2024\/09\/Jose-Barbero-Plaza-juegos.jpeg\" alt=\"\" class=\"wp-image-1891\" srcset=\"https:\/\/elcristaldigital.org\/wp-content\/uploads\/2024\/09\/Jose-Barbero-Plaza-juegos.jpeg 480w, https:\/\/elcristaldigital.org\/wp-content\/uploads\/2024\/09\/Jose-Barbero-Plaza-juegos-268x300.jpeg 268w\" sizes=\"auto, (max-width: 480px) 100vw, 480px\" \/><\/figure>\n","protected":false},"excerpt":{"rendered":"<p>CONCURSO MASCOTERO Al efecto de generar conciencia y una sociedad amigable con el mundo animal, dentro de la pol\u00edtica municipal de abordaje integral de su salud, se reedit\u00f3 la campa\u00f1a fotogr\u00e1fica conmemorativa de la jornada, con la que las familias participantes demostraron el cari\u00f1o, respeto y cuidado que dispensan a sus mascotas. La actividad cont\u00f3 [&hellip;]<\/p>\n","protected":false},"author":1,"featured_media":0,"parent":0,"menu_order":0,"comment_status":"closed","ping_status":"closed","template":"","meta":{"footnotes":""},"class_list":["post-1710","page","type-page","status-publish","hentry"],"_links":{"self":[{"href":"https:\/\/elcristaldigital.org\/index.php\/wp-json\/wp\/v2\/pages\/1710","targetHints":{"allow":["GET"]}}],"collection":[{"href":"https:\/\/elcristaldigital.org\/index.php\/wp-json\/wp\/v2\/pages"}],"about":[{"href":"https:\/\/elcristaldigital.org\/index.php\/wp-json\/wp\/v2\/types\/page"}],"author":[{"embeddable":true,"href":"https:\/\/elcristaldigital.org\/index.php\/wp-json\/wp\/v2\/users\/1"}],"replies":[{"embeddable":true,"href":"https:\/\/elcristaldigital.org\/index.php\/wp-json\/wp\/v2\/comments?post=1710"}],"version-history":[{"count":14,"href":"https:\/\/elcristaldigital.org\/index.php\/wp-json\/wp\/v2\/pages\/1710\/revisions"}],"predecessor-version":[{"id":1892,"href":"https:\/\/elcristaldigital.org\/index.php\/wp-json\/wp\/v2\/pages\/1710\/revisions\/1892"}],"wp:attachment":[{"href":"https:\/\/elcristaldigital.org\/index.php\/wp-json\/wp\/v2\/media?parent=1710"}],"curies":[{"name":"wp","href":"https:\/\/api.w.org\/{rel}","templated":true}]}}