{"id":1709,"date":"2024-04-04T15:18:50","date_gmt":"2024-04-04T18:18:50","guid":{"rendered":"https:\/\/elcristaldigital.org\/?page_id=1709"},"modified":"2024-05-07T18:05:20","modified_gmt":"2024-05-07T21:05:20","slug":"efemerides-5","status":"publish","type":"page","link":"https:\/\/elcristaldigital.org\/index.php\/efemerides-5\/","title":{"rendered":"Efem\u00e9rides"},"content":{"rendered":"\n<h4 class=\"wp-block-heading alignfull has-text-align-center has-primary-color has-accent-background-color has-text-color has-background has-link-color wp-elements-71ed338146e6314d29133eb629655bc1\">CONMEMORACION DEL ANIVERSARIO DE MALVINAS<\/h4>\n\n\n\n<p>La comunidad ramonense, en esta fecha tan significativa para la historia argentina y como cada a\u00f1o, ha vuelto a rendir su justo reconocimiento a ex conscriptos residentes en la localidad que, bajo bandera, convocados y movilizados durante el conflicto b\u00e9lico de 1982, defendieron nuestra soberan\u00eda y expusieron su vida por la Patria.<\/p>\n\n\n\n<p>Al emotivo izamiento del pabell\u00f3n nacional en el m\u00e1stil central de la Plaza Sarmiento sigui\u00f3 una ofrenda floral con la que se pretende destacar uno de los momentos m\u00e1s importantes de nuestra historia, rescatando del olvido la&nbsp;&nbsp; experiencia de aquellos j\u00f3venes que participaron de la guerra, afrontando, no solo las duras condiciones de la lucha armada, sino el resto de sus vidas padeciendo la indiferencia y olvido de parte de la sociedad.<\/p>\n\n\n\n<figure class=\"wp-block-image size-full is-resized\"><img loading=\"lazy\" decoding=\"async\" width=\"1600\" height=\"738\" src=\"https:\/\/elcristaldigital.org\/wp-content\/uploads\/2024\/04\/Jose-Barbero-Malvinas.jpeg\" alt=\"\" class=\"wp-image-1717\" style=\"width:694px;height:auto\" srcset=\"https:\/\/elcristaldigital.org\/wp-content\/uploads\/2024\/04\/Jose-Barbero-Malvinas.jpeg 1600w, https:\/\/elcristaldigital.org\/wp-content\/uploads\/2024\/04\/Jose-Barbero-Malvinas-300x138.jpeg 300w, https:\/\/elcristaldigital.org\/wp-content\/uploads\/2024\/04\/Jose-Barbero-Malvinas-768x354.jpeg 768w, https:\/\/elcristaldigital.org\/wp-content\/uploads\/2024\/04\/Jose-Barbero-Malvinas-1536x708.jpeg 1536w, https:\/\/elcristaldigital.org\/wp-content\/uploads\/2024\/04\/Jose-Barbero-Malvinas-1200x554.jpeg 1200w\" sizes=\"auto, (max-width: 1600px) 100vw, 1600px\" \/><\/figure>\n\n\n\n<h2 class=\"wp-block-heading alignfull has-text-align-center has-primary-color has-accent-background-color has-text-color has-background has-link-color wp-elements-c0b81d0eb5308c2ec864a515c51ba4d1\">MEMORIAS HONRADAS<\/h2>\n\n\n\n<p>Hoy, 4 de abril, a las 16:00 hs se llevar\u00e1 a cabo un acto, en la escuela, con el fin de conmemorar y recordar a nuestros valientes combatientes de la guerra de Malvinas que aquel 2 de marzo de 1982 dejaban todo para poner el pecho y defender lo que es nuestro, defender nuestra patria y honrarla<\/p>\n\n\n\n<h2 class=\"wp-block-heading alignfull has-text-align-center has-primary-color has-accent-background-color has-text-color has-background has-link-color wp-elements-bce4d8bb60906a80955ce64c4a936a22\">VISITA DE OWEN CRIPPA<\/h2>\n\n\n\n<p><\/p>\n\n\n\n<p>Actualmente radicado en la vecina ciudad de Sunchales, el Teniente del Nav\u00edo (RE) Owen Crippa \u200b es un aviador naval de la Armada Argentina que combati\u00f3 en la guerra de Malvinas, desempe\u00f1\u00e1ndose como piloto de la 1ra Escuadrilla Aeronaval de Ataque. Invitado por las autoridades de la EESOPI N\u00ba 3023, visit\u00f3 la localidad y expuso ante un colmado Sal\u00f3n del Museo una peque\u00f1a parte de su experiencia, captando el inter\u00e9s y la atenci\u00f3n del p\u00fablico presente.<\/p>\n\n\n\n<p>Con cuidado de detalles, la ilustre visita narr\u00f3 cada una de las acciones de combate que en virtud de su rango militar le ha tocado atravesar durante el conflicto b\u00e9lico, particularmente, su accionar en la jornada del 21 de mayo de 1982 cuando, al descubrir a la Fuerza de Tareas Brit\u00e1nica desembarcando en el estrecho de San Carlos, atac\u00f3 solitariamente a la flota, dejando fuera de servicio a la fragata HMS Argonaut, maniobra por la cual ha sido largamente reconocido y galardonado.<\/p>\n\n\n\n<p>Al finalizar, respondi\u00f3 preguntas de los asistentes y dej\u00f3 sus reflexiones, especialmente dirigidas al p\u00fablico adolescente, en relaci\u00f3n al compromiso y al valor de enfrentar los desaf\u00edos que la vida plantea, recibiendo un largo aplauso de reconocimiento del auditorio.\u00a0<\/p>\n\n\n\n<p>Owen dej\u00f3 un gran mensaje para los j\u00f3venes: que nunca dejen de aprender e indagar, y que se involucren como ciudadanos argentinos, para que el pa\u00eds siempre sea pujante.<\/p>\n\n\n<div class=\"wp-block-image\">\n<figure class=\"alignleft size-large\"><img loading=\"lazy\" decoding=\"async\" width=\"1440\" height=\"1080\" src=\"https:\/\/elcristaldigital.org\/wp-content\/uploads\/2024\/05\/WhatsApp-Image-2024-05-07-at-5.58.16-PM-1440x1080.jpeg\" alt=\"\" class=\"wp-image-1736\" srcset=\"https:\/\/elcristaldigital.org\/wp-content\/uploads\/2024\/05\/WhatsApp-Image-2024-05-07-at-5.58.16-PM-1440x1080.jpeg 1440w, https:\/\/elcristaldigital.org\/wp-content\/uploads\/2024\/05\/WhatsApp-Image-2024-05-07-at-5.58.16-PM-300x225.jpeg 300w, https:\/\/elcristaldigital.org\/wp-content\/uploads\/2024\/05\/WhatsApp-Image-2024-05-07-at-5.58.16-PM-768x576.jpeg 768w, https:\/\/elcristaldigital.org\/wp-content\/uploads\/2024\/05\/WhatsApp-Image-2024-05-07-at-5.58.16-PM-1536x1152.jpeg 1536w, https:\/\/elcristaldigital.org\/wp-content\/uploads\/2024\/05\/WhatsApp-Image-2024-05-07-at-5.58.16-PM-1200x900.jpeg 1200w, https:\/\/elcristaldigital.org\/wp-content\/uploads\/2024\/05\/WhatsApp-Image-2024-05-07-at-5.58.16-PM.jpeg 1600w\" sizes=\"auto, (max-width: 1440px) 100vw, 1440px\" \/><\/figure>\n<\/div>\n\n\n<figure class=\"wp-block-gallery has-nested-images columns-default is-cropped wp-block-gallery-1 is-layout-flex wp-block-gallery-is-layout-flex\">\n<figure class=\"wp-block-image size-large\"><img loading=\"lazy\" decoding=\"async\" width=\"1200\" height=\"1200\" data-id=\"1739\" src=\"https:\/\/elcristaldigital.org\/wp-content\/uploads\/2024\/05\/WhatsApp-Image-2024-05-07-at-5.58.17-PM-edited.jpeg\" alt=\"\" class=\"wp-image-1739\" srcset=\"https:\/\/elcristaldigital.org\/wp-content\/uploads\/2024\/05\/WhatsApp-Image-2024-05-07-at-5.58.17-PM-edited.jpeg 1200w, https:\/\/elcristaldigital.org\/wp-content\/uploads\/2024\/05\/WhatsApp-Image-2024-05-07-at-5.58.17-PM-edited-300x300.jpeg 300w, https:\/\/elcristaldigital.org\/wp-content\/uploads\/2024\/05\/WhatsApp-Image-2024-05-07-at-5.58.17-PM-edited-1080x1080.jpeg 1080w, https:\/\/elcristaldigital.org\/wp-content\/uploads\/2024\/05\/WhatsApp-Image-2024-05-07-at-5.58.17-PM-edited-150x150.jpeg 150w, https:\/\/elcristaldigital.org\/wp-content\/uploads\/2024\/05\/WhatsApp-Image-2024-05-07-at-5.58.17-PM-edited-768x768.jpeg 768w\" sizes=\"auto, (max-width: 1200px) 100vw, 1200px\" \/><\/figure>\n<\/figure>\n\n\n\n<p><\/p>\n\n\n\n<h2 class=\"wp-block-heading alignfull has-text-align-center has-accent-background-color has-background\"><\/h2>\n","protected":false},"excerpt":{"rendered":"<p>CONMEMORACION DEL ANIVERSARIO DE MALVINAS La comunidad ramonense, en esta fecha tan significativa para la historia argentina y como cada a\u00f1o, ha vuelto a rendir su justo reconocimiento a ex conscriptos residentes en la localidad que, bajo bandera, convocados y movilizados durante el conflicto b\u00e9lico de 1982, defendieron nuestra soberan\u00eda y expusieron su vida por [&hellip;]<\/p>\n","protected":false},"author":1,"featured_media":0,"parent":0,"menu_order":0,"comment_status":"closed","ping_status":"closed","template":"","meta":{"footnotes":""},"class_list":["post-1709","page","type-page","status-publish","hentry"],"_links":{"self":[{"href":"https:\/\/elcristaldigital.org\/index.php\/wp-json\/wp\/v2\/pages\/1709","targetHints":{"allow":["GET"]}}],"collection":[{"href":"https:\/\/elcristaldigital.org\/index.php\/wp-json\/wp\/v2\/pages"}],"about":[{"href":"https:\/\/elcristaldigital.org\/index.php\/wp-json\/wp\/v2\/types\/page"}],"author":[{"embeddable":true,"href":"https:\/\/elcristaldigital.org\/index.php\/wp-json\/wp\/v2\/users\/1"}],"replies":[{"embeddable":true,"href":"https:\/\/elcristaldigital.org\/index.php\/wp-json\/wp\/v2\/comments?post=1709"}],"version-history":[{"count":6,"href":"https:\/\/elcristaldigital.org\/index.php\/wp-json\/wp\/v2\/pages\/1709\/revisions"}],"predecessor-version":[{"id":1740,"href":"https:\/\/elcristaldigital.org\/index.php\/wp-json\/wp\/v2\/pages\/1709\/revisions\/1740"}],"wp:attachment":[{"href":"https:\/\/elcristaldigital.org\/index.php\/wp-json\/wp\/v2\/media?parent=1709"}],"curies":[{"name":"wp","href":"https:\/\/api.w.org\/{rel}","templated":true}]}}