{"id":1664,"date":"2024-03-21T15:19:49","date_gmt":"2024-03-21T18:19:49","guid":{"rendered":"https:\/\/elcristaldigital.org\/?page_id=1664"},"modified":"2024-10-10T16:47:33","modified_gmt":"2024-10-10T19:47:33","slug":"educacion-8","status":"publish","type":"page","link":"https:\/\/elcristaldigital.org\/index.php\/educacion-8\/","title":{"rendered":"Educaci\u00f3n"},"content":{"rendered":"\n<h2 class=\"wp-block-heading alignfull has-text-align-center has-primary-color has-accent-background-color has-text-color has-background has-link-color wp-elements-5c9a331c4eb01a3bd5e31b1bfc5d7b1a\">DESPEDIDA VIVIANA FRAIRE<\/h2>\n\n\n\n<p>El viernes 15 de marzo se llev\u00f3 a cabo un acto en la Escuela, para despedir a \u201cVivi\u201d, la preceptora de la EESOPI 3023. Despu\u00e9s de casi 30 a\u00f1os trabajando en la instituci\u00f3n se retirar\u00e1 delegando sus funciones para convertirse en egresada laboral, la tan esperada jubilaci\u00f3n.<\/p>\n\n\n\n<p>El agasajo se realiz\u00f3 en la escuela, a las 16 hs acompa\u00f1ada de familiares, amigos, autoridades escolares, y toda la comunidad educativa de la EESOPI. Se comparti\u00f3 un hermoso momento, con lindas an\u00e9cdotas y emotivas palabras de despedida.<\/p>\n\n\n<div class=\"wp-block-image\">\n<figure class=\"alignleft size-full is-resized\"><img loading=\"lazy\" decoding=\"async\" width=\"1280\" height=\"960\" src=\"https:\/\/elcristaldigital.org\/wp-content\/uploads\/2024\/03\/as.jpg\" alt=\"\" class=\"wp-image-1676\" style=\"width:454px;height:auto\" srcset=\"https:\/\/elcristaldigital.org\/wp-content\/uploads\/2024\/03\/as.jpg 1280w, https:\/\/elcristaldigital.org\/wp-content\/uploads\/2024\/03\/as-300x225.jpg 300w, https:\/\/elcristaldigital.org\/wp-content\/uploads\/2024\/03\/as-768x576.jpg 768w, https:\/\/elcristaldigital.org\/wp-content\/uploads\/2024\/03\/as-1200x900.jpg 1200w\" sizes=\"auto, (max-width: 1280px) 100vw, 1280px\" \/><\/figure>\n<\/div>\n\n\n<div class=\"wp-block-columns is-layout-flex wp-container-core-columns-is-layout-9d6595d7 wp-block-columns-is-layout-flex\">\n<div class=\"wp-block-column is-layout-flow wp-block-column-is-layout-flow\" style=\"flex-basis:100%\"><div class=\"wp-block-image\">\n<figure class=\"alignright size-full is-resized\"><img loading=\"lazy\" decoding=\"async\" width=\"1280\" height=\"960\" src=\"https:\/\/elcristaldigital.org\/wp-content\/uploads\/2024\/03\/a.jpg\" alt=\"\" class=\"wp-image-1677\" style=\"width:490px;height:auto\" srcset=\"https:\/\/elcristaldigital.org\/wp-content\/uploads\/2024\/03\/a.jpg 1280w, https:\/\/elcristaldigital.org\/wp-content\/uploads\/2024\/03\/a-300x225.jpg 300w, https:\/\/elcristaldigital.org\/wp-content\/uploads\/2024\/03\/a-768x576.jpg 768w, https:\/\/elcristaldigital.org\/wp-content\/uploads\/2024\/03\/a-1200x900.jpg 1200w\" sizes=\"auto, (max-width: 1280px) 100vw, 1280px\" \/><\/figure>\n<\/div><\/div>\n<\/div>\n\n\n\n<h2 class=\"wp-block-heading alignfull has-text-align-center has-primary-color has-accent-background-color has-text-color has-background has-link-color wp-elements-a3a7e23c9c481d85df2d3f5dfc265628\">LA EESOPI 3023 CUMPLE 50 A\u00d1OS<\/h2>\n\n\n\n<p>Un 18 de marzo de 1974 se iz\u00f3 por primera vez la bandera en nuestra escuela. En aquel momento se llamaba E.S.A.R (Instituto de Educaci\u00f3n Secundaria y Agrot\u00e9cnica).<\/p>\n\n\n\n<p>Por tal motivo, el lunes 18 de marzo de 2024 se comenzaron los festejos de sus 50 a\u00f1os de vida, invitando a la primera promoci\u00f3n a participar del izamiento de la bandera, compartir an\u00e9cdotas y vivencias. Continuaremos celebrando durante todo este a\u00f1o las Bodas de Oro, esto fue solo es el comienzo. \u00a1Feliz cumple escuela querida!<\/p>\n\n\n<div class=\"wp-block-image\">\n<figure class=\"alignleft size-large is-resized\"><img loading=\"lazy\" decoding=\"async\" width=\"1440\" height=\"1080\" src=\"https:\/\/elcristaldigital.org\/wp-content\/uploads\/2024\/03\/aaa-1440x1080.jpg\" alt=\"\" class=\"wp-image-1685\" style=\"width:357px;height:auto\" srcset=\"https:\/\/elcristaldigital.org\/wp-content\/uploads\/2024\/03\/aaa-1440x1080.jpg 1440w, https:\/\/elcristaldigital.org\/wp-content\/uploads\/2024\/03\/aaa-300x225.jpg 300w, https:\/\/elcristaldigital.org\/wp-content\/uploads\/2024\/03\/aaa-768x576.jpg 768w, https:\/\/elcristaldigital.org\/wp-content\/uploads\/2024\/03\/aaa-1536x1152.jpg 1536w, https:\/\/elcristaldigital.org\/wp-content\/uploads\/2024\/03\/aaa-1200x900.jpg 1200w, https:\/\/elcristaldigital.org\/wp-content\/uploads\/2024\/03\/aaa.jpg 1600w\" sizes=\"auto, (max-width: 1440px) 100vw, 1440px\" \/><\/figure>\n<\/div>\n\n<div class=\"wp-block-image\">\n<figure class=\"aligncenter size-large is-resized\"><img loading=\"lazy\" decoding=\"async\" width=\"1440\" height=\"1080\" src=\"https:\/\/elcristaldigital.org\/wp-content\/uploads\/2024\/03\/aaaa-1440x1080.jpg\" alt=\"\" class=\"wp-image-1686\" style=\"width:369px;height:auto\" srcset=\"https:\/\/elcristaldigital.org\/wp-content\/uploads\/2024\/03\/aaaa-1440x1080.jpg 1440w, https:\/\/elcristaldigital.org\/wp-content\/uploads\/2024\/03\/aaaa-300x225.jpg 300w, https:\/\/elcristaldigital.org\/wp-content\/uploads\/2024\/03\/aaaa-768x576.jpg 768w, https:\/\/elcristaldigital.org\/wp-content\/uploads\/2024\/03\/aaaa-1536x1152.jpg 1536w, https:\/\/elcristaldigital.org\/wp-content\/uploads\/2024\/03\/aaaa-1200x900.jpg 1200w, https:\/\/elcristaldigital.org\/wp-content\/uploads\/2024\/03\/aaaa.jpg 1600w\" sizes=\"auto, (max-width: 1440px) 100vw, 1440px\" \/><\/figure>\n<\/div>\n\n\n<h4 class=\"wp-block-heading alignfull has-text-align-center has-primary-color has-accent-background-color has-text-color has-background has-link-color wp-elements-a5d7b484e098a920fd680238f2d3c139\">NUEVA EDICI\u00d3N DEL CERTAMEN DE DECISIONES EMPRESARIALES \u201cSEMBRANDO EMPRESARIOS\u201d EN RAMONA<\/h4>\n\n\n\n<p>La Escuela de Educaci\u00f3n Secundaria Orientada Particular Incorporada N\u00b0 3023 \u201cSan Jos\u00e9 de Calasanz\u201d de la localidad de Ramona, organiz\u00f3 la 5\u00b0 edici\u00f3n del Certamen \u201cSembrando Empresarios\u201d. En esta oportunidad el evento se llev\u00f3 a cabo durante los d\u00edas lunes 29 y martes 30 de abril desde las 8:30 horas hasta las 18 horas.<\/p>\n\n\n\n<p>En la presentaci\u00f3n de la jornada estuvieron presentes representantes de instituciones y empresas de la localidad que colaboraron con aportes econ\u00f3micos para la realizaci\u00f3n de este certamen.<\/p>\n\n\n\n<p>Participaron de la competencia 34 equipos, 16 de la localidad de Ramona, 5 de la EESO N\u00b0 252 de Vila, 7 de la E.E.S.O. N\u00b0 705 de la localidad de Eusebia y 6 equipos de la EESO N\u00b0&nbsp; 247 de Colonia Aldao. Los estudiantes que jugaron son de 2\u00b0, 3\u00b0, 4\u00b0 y 5\u00b0 a\u00f1o. Los m\u00e1s peque\u00f1os han demostrado ser muy buenos competidores, obteniendo muy buenas posiciones.<\/p>\n\n\n\n<p>Se vivi\u00f3 una intensa y hermosa jornada, una linda experiencia para los estudiantes donde se vio reflejado el trabajo \u00e1ulico y se plasm\u00f3 el aprendizaje de los contenidos contables.<\/p>\n\n\n\n<p>El primer puesto lo obtuvo un equipo de alumnos de 2\u00b0 a\u00f1o de la EESOPI 3023, quienes jugaban por primera vez, el segundo puesto para un equipo conformado por alumnos de 3\u00b0 a\u00f1o de la misma escuela. El tercer lugar lo consigui\u00f3 un equipo de 5\u00b0 a\u00f1o de la EESO 705 de la localidad de Eusebia y el cuarto lugar para un grupo de la E.E.S.O. 252 de la localidad de Vila. Estos equipos se hicieron merecedores de participar en la final nacional que se jugar\u00e1 en el mes de noviembre en la ciudad cordobesa de Villa General Belgrano. &nbsp;<\/p>\n\n\n<div class=\"wp-block-image\">\n<figure class=\"aligncenter size-large is-resized\"><img loading=\"lazy\" decoding=\"async\" width=\"1440\" height=\"1080\" src=\"https:\/\/elcristaldigital.org\/wp-content\/uploads\/2024\/05\/Jose-Barbero-Sembrando-1440x1080.jpeg\" alt=\"\" class=\"wp-image-1744\" style=\"width:495px;height:auto\" srcset=\"https:\/\/elcristaldigital.org\/wp-content\/uploads\/2024\/05\/Jose-Barbero-Sembrando-1440x1080.jpeg 1440w, https:\/\/elcristaldigital.org\/wp-content\/uploads\/2024\/05\/Jose-Barbero-Sembrando-300x225.jpeg 300w, https:\/\/elcristaldigital.org\/wp-content\/uploads\/2024\/05\/Jose-Barbero-Sembrando-768x576.jpeg 768w, https:\/\/elcristaldigital.org\/wp-content\/uploads\/2024\/05\/Jose-Barbero-Sembrando-1536x1152.jpeg 1536w, https:\/\/elcristaldigital.org\/wp-content\/uploads\/2024\/05\/Jose-Barbero-Sembrando-1200x900.jpeg 1200w, https:\/\/elcristaldigital.org\/wp-content\/uploads\/2024\/05\/Jose-Barbero-Sembrando.jpeg 1600w\" sizes=\"auto, (max-width: 1440px) 100vw, 1440px\" \/><\/figure>\n<\/div>\n\n\n<h3 class=\"wp-block-heading alignfull has-text-align-center has-primary-color has-accent-background-color has-text-color has-background has-link-color wp-elements-4a5e0d588d83a2d4007d018bde0235fa\">CAPACITACION DE LA AGENCIA DE SEGURIDAD VIAL<\/h3>\n\n\n\n<p>Organizada por la Agencia Provincial de Seguridad Vial, en su sede central de la ciudad de Santa Fe, se desarroll\u00f3 una jornada para agentes de Juzgados Comunales de Faltas orientada a capacitar en el uso del Sistema de Juzgamiento y Administraci\u00f3n de Infracciones (SIJAI), implementado por el organismo para descentralizar la gesti\u00f3n de infracciones de tr\u00e1nsito dispuestas por el personal de la propia Agencia en operativos vehiculares en rutas de la bota santafesina.<\/p>\n\n\n\n<p>Esta plataforma centraliza la informaci\u00f3n en una \u00fanica base de datos, proporcionando una herramienta eficiente y moderna para la gesti\u00f3n de infracciones, contribuyendo a reducir los \u00edndices de incumplimiento de penas a partir de una gesti\u00f3n m\u00e1s eficiente y transparente de las sanciones aplicadas. La capacitaci\u00f3n de actores vinculados con la tem\u00e1tica de la seguridad vial es una tarea fundamental para fortalecer aptitudes, actualizar informaci\u00f3n y profesionalizar la tarea cotidiana y para que municipios y comunas dispongan procedimientos uniformes, armonicen criterios y aborden la tem\u00e1tica vial en forma integral y multidisciplinaria<\/p>\n\n\n\n<figure class=\"wp-block-image size-full\"><img loading=\"lazy\" decoding=\"async\" width=\"1541\" height=\"865\" src=\"https:\/\/elcristaldigital.org\/wp-content\/uploads\/2024\/06\/Seguridad-vial-2024.jpeg\" alt=\"\" class=\"wp-image-1798\" srcset=\"https:\/\/elcristaldigital.org\/wp-content\/uploads\/2024\/06\/Seguridad-vial-2024.jpeg 1541w, https:\/\/elcristaldigital.org\/wp-content\/uploads\/2024\/06\/Seguridad-vial-2024-300x168.jpeg 300w, https:\/\/elcristaldigital.org\/wp-content\/uploads\/2024\/06\/Seguridad-vial-2024-768x431.jpeg 768w, https:\/\/elcristaldigital.org\/wp-content\/uploads\/2024\/06\/Seguridad-vial-2024-1536x862.jpeg 1536w, https:\/\/elcristaldigital.org\/wp-content\/uploads\/2024\/06\/Seguridad-vial-2024-1200x674.jpeg 1200w\" sizes=\"auto, (max-width: 1541px) 100vw, 1541px\" \/><\/figure>\n\n\n\n<h3 class=\"wp-block-heading alignfull has-text-align-center has-primary-color has-accent-background-color has-text-color has-background has-link-color wp-elements-5e404695d85a7410ca493731176c373c\">CAPACITACION EN SEGURIDAD ALIMENTARIA<\/h3>\n\n\n\n<p>Con el prop\u00f3sito de incorporar conceptos de seguridad y soberan\u00eda alimentaria, fundamentales para mejorar la calidad de los alimentos que se producen, transportan o comercializan en el \u00e1mbito del distrito por parte de los integrantes de la cadena alimenticia, se dict\u00f3 un nuevo curso de formaci\u00f3n por parte de la oficina local de ASSAl. El mismo permite a los asistentes gestionar la renovaci\u00f3n o el otorgamiento del carnet de manipulador e incorporar principios y novedades relativas al manejo seguro de los alimentos<\/p>\n\n\n\n<h2 class=\"wp-block-heading alignfull has-text-align-center has-primary-color has-accent-background-color has-text-color has-background has-link-color wp-elements-d1de186d1620a20af3b734f517f75d5d\">FORMACI\u00d3N EN INTERNACIONALIZACION<\/h2>\n\n\n\n<p>Organizada por la Comisi\u00f3n de Relaciones Internacionales de la Red Argentina de Municipios frente al Cambio Clim\u00e1tico (RAMCC) se brind\u00f3, a los municipios adheridos, una capacitaci\u00f3n abierta sobre internacionalizaci\u00f3n de gobiernos locales con la que se pretende difundir posibilidades de vinculaci\u00f3n estrat\u00e9gica para el desarrollo sostenible.<\/p>\n\n\n\n<p>La misma fue dictada por el Director de Asuntos Nacionales del Ministerio de Relaciones Exteriores, Esteban Mahiques, quien expuso las herramientas existentes para generar v\u00ednculos con ciudades de otros pa\u00edses, mediante la asistencia t\u00e9cnica de la propia Canciller\u00eda y los beneficios que la misma ofrece.<\/p>\n\n\n\n<p>A continuaci\u00f3n, se presentaron las experiencias concretas de la ciudad de Santa Fe y Libertador General San Mart\u00edn, describiendo los alcances de sus proyectos de asociaci\u00f3n internacional.<\/p>\n\n\n\n<h3 class=\"wp-block-heading alignfull has-text-align-center has-primary-color has-accent-background-color has-text-color has-background has-link-color wp-elements-1df7e7840389391659371fde213c74ea\">ENCUENTRO COOPERATIVO EN EUSEBIA<\/h3>\n\n\n\n<p class=\"has-text-align-center\">El jueves 22 de agosto se llev\u00f3 a cabo el d\u00e9cimo segundo encuentro cooperativo, en la localidad de Eusebia. Asistieron Cooperativas Escolares de la localidad y zona, mostrando y exponiendo todas sus actividades, compartiendo hermosas experiencias enriquecedoras.<\/p>\n\n\n\n<p>En esta oportunidad la tem\u00e1tica fue: \u201cactos solidarios\u201d. Por lo tanto, nuestra cooperativa escolar particip\u00f3 con una colecta solidaria, juntando alimentos, ropa, juguetes y \u00fatiles escolares. Lo recaudado ser\u00e1 destinado, una parte para familias carenciadas de la localidad y el resto, para las comunidades abor\u00edgenes de la provincia del Chaco, pertenecientes a la fundaci\u00f3n \u201cCultura Nativa\u201d.<\/p>\n\n\n\n<p>En esta edici\u00f3n 2024, el evento fue declarado de inter\u00e9s regional por la C\u00e1mara de Diputados de la provincia de Santa Fe. El secretario de la Diputada Provincial Gisel Mahmud hizo entrega junto a la presidente comunal de la localidad, el reconocimiento. &nbsp;Se hizo presente, tambi\u00e9n, el Dr. Gonzalo Toselli, Secretario de Cooperativismo, Mutualismo y Emprendedurismo de la ciudad de Sunchales.<\/p>\n\n\n\n<p class=\"has-text-align-center\">El encuentro finaliz\u00f3 aproximadamente a las 14 hs, con un n\u00famero art\u00edstico a cargo de la Escuela de Danzas Folcl\u00f3ricas \u201cEl Ceibo\u201d.<\/p>\n\n\n\n<h4 class=\"wp-block-heading alignfull has-text-align-center has-primary-color has-accent-background-color has-text-color has-background has-link-color wp-elements-d1954e03e6f8ead8ae7776f687cb5a9f\">ENTREVISTA A CLAUDIO MARTINO, PROPIETARIO DEL CERAL (COMPLEJO AP\u00cdCOLA)<\/h4>\n\n\n\n<p class=\"has-text-align-center\">Durante el d\u00e9cimo Encuentro Cooperativo realizado en la localidad de Eusebia, miembros de nuestro peri\u00f3dico El Cristal realizaron varias entrevistas a los asistentes. Entre ellos se encontraba el stand de la familia Martino, emprendedores locales que apuestan a la econom\u00eda local, regional e internacional en el rubro apicultura.<\/p>\n\n\n\n<h3 class=\"wp-block-heading alignfull has-text-align-center has-primary-color has-accent-background-color has-text-color has-background has-link-color wp-elements-777299ae2aca84126f61f75026d15269\">JORNADA COOPERATIVA EN LA EESOPI 3023<\/h3>\n\n\n\n<p>El 29 de agosto, en la E.E.S.O.P.I N\u00b0 3023 \u201cSan Jos\u00e9 de Calasanz\u201d, se llev\u00f3 a cabo una jornada cooperativa en el marco del programa \u201cSanta Fe en movimiento\u201d. La misma consisti\u00f3 en siete postas que fueron pensadas y organizadas por la Cooperativa Escolar.<\/p>\n\n\n\n<p>A lo largo de la jornada hubo servicio de cantina, y todos los estudiantes pudieron compartir un d\u00eda diferente, con el objetivo de fomentar el trabajo cooperativo.<\/p>\n","protected":false},"excerpt":{"rendered":"<p>DESPEDIDA VIVIANA FRAIRE El viernes 15 de marzo se llev\u00f3 a cabo un acto en la Escuela, para despedir a \u201cVivi\u201d, la preceptora de la EESOPI 3023. Despu\u00e9s de casi 30 a\u00f1os trabajando en la instituci\u00f3n se retirar\u00e1 delegando sus funciones para convertirse en egresada laboral, la tan esperada jubilaci\u00f3n. El agasajo se realiz\u00f3 en [&hellip;]<\/p>\n","protected":false},"author":1,"featured_media":0,"parent":0,"menu_order":0,"comment_status":"closed","ping_status":"closed","template":"","meta":{"footnotes":""},"class_list":["post-1664","page","type-page","status-publish","hentry"],"_links":{"self":[{"href":"https:\/\/elcristaldigital.org\/index.php\/wp-json\/wp\/v2\/pages\/1664","targetHints":{"allow":["GET"]}}],"collection":[{"href":"https:\/\/elcristaldigital.org\/index.php\/wp-json\/wp\/v2\/pages"}],"about":[{"href":"https:\/\/elcristaldigital.org\/index.php\/wp-json\/wp\/v2\/types\/page"}],"author":[{"embeddable":true,"href":"https:\/\/elcristaldigital.org\/index.php\/wp-json\/wp\/v2\/users\/1"}],"replies":[{"embeddable":true,"href":"https:\/\/elcristaldigital.org\/index.php\/wp-json\/wp\/v2\/comments?post=1664"}],"version-history":[{"count":14,"href":"https:\/\/elcristaldigital.org\/index.php\/wp-json\/wp\/v2\/pages\/1664\/revisions"}],"predecessor-version":[{"id":1973,"href":"https:\/\/elcristaldigital.org\/index.php\/wp-json\/wp\/v2\/pages\/1664\/revisions\/1973"}],"wp:attachment":[{"href":"https:\/\/elcristaldigital.org\/index.php\/wp-json\/wp\/v2\/media?parent=1664"}],"curies":[{"name":"wp","href":"https:\/\/api.w.org\/{rel}","templated":true}]}}