{"id":1642,"date":"2024-03-14T15:32:51","date_gmt":"2024-03-14T18:32:51","guid":{"rendered":"https:\/\/elcristaldigital.org\/?page_id=1642"},"modified":"2024-09-05T16:59:06","modified_gmt":"2024-09-05T19:59:06","slug":"deportes-17","status":"publish","type":"page","link":"https:\/\/elcristaldigital.org\/index.php\/deportes-17\/","title":{"rendered":"Deportes"},"content":{"rendered":"\n<h3 class=\"wp-block-heading alignfull has-text-align-center has-primary-color has-accent-background-color has-text-color has-background has-link-color wp-elements-2c309c113ee4e69a4616dccde2fd49f8\">INFORMACION DEPORTIVA RAMONENSE<\/h3>\n\n\n\n<p>El d\u00eda 15 de abril jugadores de nuestra localidad, pudieron tener la posibilidad de entrenar en un club profesional, ellos son: Thiago Masuero, Eugenio Platini y Noah Garc\u00eda, felicitaciones a ellos y a seguir sumando experiencia.<\/p>\n\n\n\n<h2 class=\"wp-block-heading alignfull has-text-align-center has-primary-color has-accent-background-color has-text-color has-background has-link-color wp-elements-e9138024b84b975060f641b35ce3d80d\">Resultados 19 y 20 de abril<\/h2>\n\n\n\n<p>El pasado s\u00e1bado, 20 de abril, se llev\u00f3 a cabo en la localidad de Bauer y Sigel, la primera fecha del campeonato de la liga Rafaelina de Futbol, en la cual nuestro deportivo Ramona se enfrent\u00f3 contra La Trucha FC, la categor\u00eda octava, s\u00e9ptima, sexta.<\/p>\n\n\n\n<p>RESULTADOS<\/p>\n\n\n\n<p>&nbsp;&nbsp;&nbsp;&nbsp;&nbsp;&nbsp;&nbsp;&nbsp;&nbsp; OCTAVA DIVISI\u00d3N<\/p>\n\n\n\n<p>Fue una victoria para nuestro depor, en un tanto de 3 a 0, con goles de (Bruno Leiva x1, Thiago Gilabert x1 y Bruno Perlo x1).<\/p>\n\n\n\n<p>&nbsp;&nbsp;&nbsp;&nbsp;&nbsp;&nbsp;&nbsp;&nbsp;&nbsp; S\u00c9PTIMA DIVISI\u00d3N<\/p>\n\n\n\n<p>Nuestro deportivo cay\u00f3 ante La Trucha FC, en un tanto de 2 a 0.<\/p>\n\n\n\n<p>&nbsp;&nbsp;&nbsp;&nbsp;&nbsp;&nbsp;&nbsp;&nbsp;&nbsp; SEXTA DIVISI\u00d3N<\/p>\n\n\n\n<p>La sexta divisi\u00f3n obtuvo una gran victoria por 3 a 2 luego de haber luchado y sacar adelante una perdida, marcaron (Elias Vicedo Rico x1, Emanuel Molina x1, Santino Caffaratti x1).<\/p>\n\n\n\n<p>Tambi\u00e9n ese mismo fin de semana el viernes 19 de abril, se disput\u00f3 la fecha n\u00famero 3 de la liga rafaelina y se enfrent\u00f3 al deportivo Aldao.<\/p>\n\n\n\n<p>La reserva divisi\u00f3n obtuvo un empate de 2 a 2, con goles de (Mateo Masuero y Diego Parucia).<\/p>\n\n\n\n<p>La Primera Divisi\u00f3n perdi\u00f3 por 1 a 0.<\/p>\n\n\n\n<h2 class=\"wp-block-heading alignfull has-text-align-center has-primary-color has-accent-background-color has-text-color has-background has-link-color wp-elements-4ecb05a14cdd277f9fe2ab3d5f4ac40c\">Resultados 27 de abril<\/h2>\n\n\n\n<p>El pasado s\u00e1bado 27 de abril, se jug\u00f3 la segunda fecha del torneo de la liga Rafaelina, jugamos de locales y nos enfrentamos contra defensores de Frontera.<\/p>\n\n\n\n<p>&nbsp;&nbsp;&nbsp;&nbsp;&nbsp;&nbsp;&nbsp;&nbsp;&nbsp; RESULTADOS<\/p>\n\n\n\n<p>&nbsp;&nbsp;&nbsp;&nbsp;&nbsp;&nbsp;&nbsp;&nbsp;&nbsp; NOVENA DIVI\u00d3N<\/p>\n\n\n\n<p>Fue victoria para Ramona con un 4 a 0<\/p>\n\n\n\n<p>&nbsp;&nbsp;&nbsp;&nbsp;&nbsp;&nbsp;&nbsp;&nbsp;&nbsp; OCTAVA DIVISI\u00d3N<\/p>\n\n\n\n<p>Fue una dura derrota por un tanto de 4 a 1.<\/p>\n\n\n\n<p>&nbsp;&nbsp;&nbsp;&nbsp;&nbsp;&nbsp;&nbsp;&nbsp;&nbsp;&nbsp; S\u00c9PTIMA DIVISI\u00d3N<\/p>\n\n\n\n<p>La s\u00e9ptima obtuvo un empate en 1 a 1, en la cual echaron a uno de nuestros jugadores, Alan Grimaldi.<\/p>\n\n\n\n<p>&nbsp;&nbsp;&nbsp;&nbsp;&nbsp;&nbsp;&nbsp;&nbsp;&nbsp; SEXTA DIVISI\u00d3N &nbsp;<\/p>\n\n\n\n<p>Obtuvo una derrota por 2 a 0.<\/p>\n\n\n\n<h3 class=\"wp-block-heading alignfull has-text-align-center has-primary-color has-accent-background-color has-text-color has-background has-link-color wp-elements-7d9e0dd127763c65c8e76edd98ae3db0\">Resultados Divisiones Inferiores, Primera y Reserva<\/h3>\n\n\n\n<p>El d\u00eda 21 de junio en la localidad de Sunchales, el Deportivo Ramona se enfrent\u00f3 ante Libertad de Sunchales por el arranque de la segunda rueda del torneo clausura de la Liga Rafaelina.<\/p>\n\n\n\n<p>Los resultados fueron los siguientes:<\/p>\n\n\n\n<p>En la reserva divisi\u00f3n se gan\u00f3 1 a 0, con gol de Jord\u00e1n Labasto x1.<\/p>\n\n\n\n<p>Mientras que en la primera divisi\u00f3n se empato en un tanto de 0 0.<\/p>\n\n\n\n<p>El d\u00eda 6 de julio en nuestra localidad, se llev\u00f3 a cabo la 3era fecha del torneo del torneo clausura de la liga rafaelina, los resultados fueron los siguientes:<\/p>\n\n\n\n<p>En la novena divisi\u00f3n fue una derrota para nuestro depor, en un marco de 3 a 1, con gol de Matias Coraglia de penal.<\/p>\n\n\n\n<p>En la octava divisi\u00f3n se perdi\u00f3 en un tanto de 1 a 0.<\/p>\n\n\n\n<p>Ya en s\u00e9ptima divisi\u00f3n se gan\u00f3 el cl\u00e1sico, en un marco de 2 a 0, con goles de Nicol\u00e1s Montenegro x1 y Xavier Burgos x1.<\/p>\n\n\n\n<p>Y en la sexta divisi\u00f3n tambi\u00e9n se obtuvo una victoria, en un tanto de 2 a o, con goles de Emanuel Molina x1 y Santino Alves x1.<\/p>\n\n\n\n<p>El d\u00eda 7 de julio, en la localidad de Aldao, se disputo la fecha 3 del torneo clausura de la liga rafaelina, e depor obtuvo los siguientes resultados\u2026<\/p>\n\n\n\n<p>En la reserva divisi\u00f3n se obtuvo una victoria con gol de Ignacio Veliz x1.<\/p>\n\n\n\n<p>Mientras que en la primera divisi\u00f3n obtuvo una derrota ante el deportivo Aldao, en un tanto de 3 a 1, con golde Ariel Colzera.<\/p>\n\n\n\n<p>El d\u00eda 14 de julio en la localidad de tacural, se llev\u00f3 a cabo la fecha 4 del torneo clausura de la liga rafaelina, en la cual los resultados fueron los siguientes\u2026<\/p>\n\n\n\n<p>&nbsp;En la reserva divisi\u00f3n se gan\u00f3 en un marco de 5 a 1, con goles de Jord\u00e1n Labasto x3, Mateo Masuero x1 y uno en contra.<\/p>\n\n\n\n<p>Ya que en la primera divisi\u00f3n se perdi\u00f3 en un tanto de 2 a 1, con gol de Nicol\u00e1s Peralta.<\/p>\n\n\n\n<p>El d\u00eda 15 de julio en la localidad de Rafaela en el club 9 de julio, se llev\u00f3 a cabo un torneo donde fueron participes nuestros peques de las categor\u00edas 2015 y 2016, ellos tuvieron excelentes resultados.<\/p>\n\n\n\n<p>La categor\u00eda 2015 perdi\u00f3 en la semifinal de la copa de oro.<\/p>\n\n\n\n<p>Mientras que la categor\u00eda 2016, se consagr\u00f3 campeona de la copa de oro gan\u00e1ndole al anfitri\u00f3n a penales.<\/p>\n\n\n\n<p>El pasado s\u00e1bado 20 de julio en la localidad de Rafaela en el club Sportivo norte, se llev\u00f3 a cabo la fecha 5 del torneo de la liga rafaelina, los resultados fueron los siguientes:<\/p>\n\n\n\n<p>En la reserva se perdi\u00f3 en un marco de 4 a 1, con gol de Jord\u00e1n Labasto x1.<\/p>\n\n\n\n<p>&nbsp;Y en la primera divisi\u00f3n tambi\u00e9n se obtuvo una derrota en un tanto de 1 a 0.<\/p>\n\n\n\n<h3 class=\"wp-block-heading alignfull has-text-align-center has-primary-color has-accent-background-color has-text-color has-background has-link-color wp-elements-19e34b177130503e1a6d7afc6dabf1ed\">INFORMACION DEPORTIVA RAMONA 10<\/h3>\n\n\n\n<p>El d\u00eda 15 de agosto, en nuestra localidad recibimos al Club Atl\u00e9tico Quilmes de Rafaela. Los resultados fueron los siguientes:<\/p>\n\n\n\n<p>.Reserva divisi\u00f3n: empat\u00f3 1 a 1 con gol de El\u00edas Vicedo Rico.<\/p>\n\n\n\n<p>.Primera divisi\u00f3n: perdi\u00f3 1 a 0, por lo tanto, se va a jugar la permanencia en la categor\u00eda con argentino de Vila, el d\u00eda 25 de agosto.<\/p>\n\n\n\n<p>El d\u00eda 24 de agosto en la localidad de Ramona, recibimos al Zen\u00f3n Pereyra Football Club. Los resultados son los siguientes:<\/p>\n\n\n\n<p>.Novena divisi\u00f3n: empataron 0 a 0.<\/p>\n\n\n\n<p>.Octava divisi\u00f3n: derrota por 2 a 1, con gol de Santino M\u00fcller<\/p>\n\n\n\n<p>.S\u00e9ptima divisi\u00f3n: fue un empate por 1 a 1, con gol de Nicol\u00e1s Montenegro.<\/p>\n\n\n\n<p>.Sexta divisi\u00f3n: victoria por 1 a 0, gol de Santino Alvez.<\/p>\n\n\n\n<p>El d\u00eda 25 de agosto, en la localidad de Vila, se jug\u00f3 el partido de ida por la permanencia de la liga rafaelina: en donde la primera divisi\u00f3n perdi\u00f3 1 a 0. El pr\u00f3ximo partido se juega el s\u00e1bado 07 de septiembre en nuestra localidad. \u00a1VAMOS EL SUPER DEPOR!<\/p>\n","protected":false},"excerpt":{"rendered":"<p>INFORMACION DEPORTIVA RAMONENSE El d\u00eda 15 de abril jugadores de nuestra localidad, pudieron tener la posibilidad de entrenar en un club profesional, ellos son: Thiago Masuero, Eugenio Platini y Noah Garc\u00eda, felicitaciones a ellos y a seguir sumando experiencia. Resultados 19 y 20 de abril El pasado s\u00e1bado, 20 de abril, se llev\u00f3 a cabo [&hellip;]<\/p>\n","protected":false},"author":1,"featured_media":0,"parent":0,"menu_order":0,"comment_status":"closed","ping_status":"closed","template":"","meta":{"footnotes":""},"class_list":["post-1642","page","type-page","status-publish","hentry"],"_links":{"self":[{"href":"https:\/\/elcristaldigital.org\/index.php\/wp-json\/wp\/v2\/pages\/1642","targetHints":{"allow":["GET"]}}],"collection":[{"href":"https:\/\/elcristaldigital.org\/index.php\/wp-json\/wp\/v2\/pages"}],"about":[{"href":"https:\/\/elcristaldigital.org\/index.php\/wp-json\/wp\/v2\/types\/page"}],"author":[{"embeddable":true,"href":"https:\/\/elcristaldigital.org\/index.php\/wp-json\/wp\/v2\/users\/1"}],"replies":[{"embeddable":true,"href":"https:\/\/elcristaldigital.org\/index.php\/wp-json\/wp\/v2\/comments?post=1642"}],"version-history":[{"count":9,"href":"https:\/\/elcristaldigital.org\/index.php\/wp-json\/wp\/v2\/pages\/1642\/revisions"}],"predecessor-version":[{"id":1907,"href":"https:\/\/elcristaldigital.org\/index.php\/wp-json\/wp\/v2\/pages\/1642\/revisions\/1907"}],"wp:attachment":[{"href":"https:\/\/elcristaldigital.org\/index.php\/wp-json\/wp\/v2\/media?parent=1642"}],"curies":[{"name":"wp","href":"https:\/\/api.w.org\/{rel}","templated":true}]}}