{"id":1623,"date":"2023-11-30T15:23:22","date_gmt":"2023-11-30T18:23:22","guid":{"rendered":"https:\/\/elcristaldigital.org\/?page_id=1623"},"modified":"2024-09-05T16:35:48","modified_gmt":"2024-09-05T19:35:48","slug":"gestion-comuna","status":"publish","type":"page","link":"https:\/\/elcristaldigital.org\/index.php\/gestion-comuna\/","title":{"rendered":"Gestion Comunal"},"content":{"rendered":"\n<h3 class=\"wp-block-heading alignfull has-text-align-center has-primary-color has-accent-background-color has-text-color has-background has-link-color wp-elements-55aaab362ad594bef5c280eaf9319975\">NUEVOS JUEGOS INFANTILES PARA LA PLAZA SARMIENTO<\/h3>\n\n\n\n<p>Habiendo recibido la trasferencia, por parte del Ministerio de Gobierno e Innovaci\u00f3n P\u00fablica, de los recursos provenientes del Fondo para la Construcci\u00f3n de Obras y Adquisici\u00f3n de Equipamiento creado por Ley N\u00ba 12.385, m\u00e1s conocido como de Obras Menores, el gobierno ramonense ha resuelto la adquisici\u00f3n de nuevo equipamiento para ampliar el sector de juegos de la Plaza Sarmiento con el objeto de garantizar la accesibilidad y posibilidad de uso por parte de todos los ni\u00f1os.<\/p>\n\n\n\n<p>Se trata concretamente de dos mangrullos modulares que combinan toboganes, puentes y postas, atendiendo especialmente a las infancias, con las condiciones necesarias para su disfrute y recreaci\u00f3n de manera segura y sin limitaciones. Esta herramienta l\u00fadica no solo es fundamental para el entretenimiento sino tambi\u00e9n para el desarrollo f\u00edsico, emocional y social, fomentando el encuentro y la interacci\u00f3n entre ni\u00f1os y ni\u00f1as.<\/p>\n\n\n\n<p>La empresa proveedora es l\u00edder en el mercado y reconocida por sus productos innovadores transforman el espacio p\u00fablico en \u00e1reas de entretenimiento est\u00e9ticamente atractivos con innovaci\u00f3n y dise\u00f1o, sin descuidar la universalidad y el marco natural en el que se inserta.<\/p>\n\n\n\n<p>El juego es un aspecto elemental en la prevenci\u00f3n, desarrollo y rehabilitaci\u00f3n de la salud, as\u00ed como un medio para forjar el car\u00e1cter, la disciplina, la toma de decisiones y el cumplimiento de las reglas, contribuyendo el desarrollo de la ni\u00f1a\/o en todos los \u00e1mbitos de la vida cotidiana.<\/p>\n\n\n\n<h2 class=\"wp-block-heading alignfull has-text-align-center has-primary-color has-accent-background-color has-text-color has-background has-link-color wp-elements-b8bf1ac89c736b8181be0bf251b539c9\">EJECUCI\u00d3N DE OBRAS VIALES<\/h2>\n\n\n\n<p>Resultado del trabajo mancomunado cordado con las autoridades de la Direcci\u00f3n Provincial de Vialidad, se ejecutaron diversos trabajos de mantenimiento y conclusi\u00f3n de obras sobre la Ruta N\u00ba 22 en distintos sectores de su extensi\u00f3n a lo largo del distrito al efecto de brindar mayor seguridad vial a la creciente circulaci\u00f3n de veh\u00edculos por dicha v\u00eda.<\/p>\n\n\n\n<p>Por un lado, se concret\u00f3 el bacheo en los tramos Coronel Fraga-Ramona y Ramona-Pueblo Marini en los que, producto del tr\u00e1nsito, principalmente de veh\u00edculos de gran porte, la cinta asf\u00e1ltica se fue deteriorando. Por el otro, se culmin\u00f3 la carpeta sobre la alcantarilla del acceso norte, obra que hab\u00eda quedado pendiente y que al descalzarse representaba un peligro creciente para la seguridad de las personas. Resta, por su parte, la reparaci\u00f3n del reductor de velocidad, tarea que se estar\u00e1 ejecutando durante la semana en curso.<\/p>\n\n\n\n<p>Este detalle de acciones ha sido planteado como prioritario por la gesti\u00f3n comunal ante las autoridades de la Delegaci\u00f3n Rafaela del organismo provincial y el Subadministrador Sergio Cardozo, quienes coincidieron en la necesidad y decidieron dar una pronta soluci\u00f3n.&nbsp;&nbsp;&nbsp;&nbsp;<\/p>\n\n\n\n<figure class=\"wp-block-image size-large is-resized\"><img loading=\"lazy\" decoding=\"async\" width=\"1440\" height=\"1080\" src=\"https:\/\/elcristaldigital.org\/wp-content\/uploads\/2024\/08\/Jose-Barbero-Vialidad-2024-1440x1080.jpeg\" alt=\"\" class=\"wp-image-1879\" style=\"width:543px;height:auto\" srcset=\"https:\/\/elcristaldigital.org\/wp-content\/uploads\/2024\/08\/Jose-Barbero-Vialidad-2024-1440x1080.jpeg 1440w, https:\/\/elcristaldigital.org\/wp-content\/uploads\/2024\/08\/Jose-Barbero-Vialidad-2024-300x225.jpeg 300w, https:\/\/elcristaldigital.org\/wp-content\/uploads\/2024\/08\/Jose-Barbero-Vialidad-2024-768x576.jpeg 768w, https:\/\/elcristaldigital.org\/wp-content\/uploads\/2024\/08\/Jose-Barbero-Vialidad-2024-1536x1152.jpeg 1536w, https:\/\/elcristaldigital.org\/wp-content\/uploads\/2024\/08\/Jose-Barbero-Vialidad-2024-1200x900.jpeg 1200w, https:\/\/elcristaldigital.org\/wp-content\/uploads\/2024\/08\/Jose-Barbero-Vialidad-2024.jpeg 1600w\" sizes=\"auto, (max-width: 1440px) 100vw, 1440px\" \/><\/figure>\n\n\n\n<h2 class=\"wp-block-heading alignfull has-text-align-center has-primary-color has-accent-background-color has-text-color has-background has-link-color wp-elements-87b306482949d4923f0b942b547b9e2b\">NUEVAS AUTORIDADES POLICIALES<\/h2>\n\n\n\n<p>El Presidente Comunal Jos\u00e9 Barbero recibi\u00f3 en su despacho a nuevos representantes de las fuerzas de seguridad, Facundo Escobar como Jefe a cargo de la Comisar\u00eda 9\u00ba y Daniel Schame, Jefe de Zona con asiento en Ramona, quienes asumieron sus funciones fruto de su reciente designaci\u00f3n en los respectivos cargos.<\/p>\n\n\n\n<p>Luego de la presentaci\u00f3n formal, las autoridades establecieron las bases de una labor articulada en cuestiones operativas y de funcionamiento, coincidiendo la importancia en la prevenci\u00f3n y el patrullaje con el objetivo de prevenir y desalentar conductas delictivas. &nbsp;&nbsp;&nbsp; Finalmente, recorrieron el centro de monitoreo del sistema de videovigilancia observando el funcionamiento de las m\u00e1s de 30 c\u00e1maras ubicadas en puntos estrat\u00e9gicos y de vital trascendencia para la actuaci\u00f3n<\/p>\n\n\n\n<figure class=\"wp-block-image size-large is-resized\"><img loading=\"lazy\" decoding=\"async\" width=\"1440\" height=\"1080\" src=\"https:\/\/elcristaldigital.org\/wp-content\/uploads\/2024\/08\/Jose-Barbero-Policia-2024-1440x1080.jpeg\" alt=\"\" class=\"wp-image-1881\" style=\"width:583px;height:auto\" srcset=\"https:\/\/elcristaldigital.org\/wp-content\/uploads\/2024\/08\/Jose-Barbero-Policia-2024-1440x1080.jpeg 1440w, https:\/\/elcristaldigital.org\/wp-content\/uploads\/2024\/08\/Jose-Barbero-Policia-2024-300x225.jpeg 300w, https:\/\/elcristaldigital.org\/wp-content\/uploads\/2024\/08\/Jose-Barbero-Policia-2024-768x576.jpeg 768w, https:\/\/elcristaldigital.org\/wp-content\/uploads\/2024\/08\/Jose-Barbero-Policia-2024-1536x1152.jpeg 1536w, https:\/\/elcristaldigital.org\/wp-content\/uploads\/2024\/08\/Jose-Barbero-Policia-2024-1200x900.jpeg 1200w, https:\/\/elcristaldigital.org\/wp-content\/uploads\/2024\/08\/Jose-Barbero-Policia-2024.jpeg 1600w\" sizes=\"auto, (max-width: 1440px) 100vw, 1440px\" \/><\/figure>\n\n\n\n<h3 class=\"wp-block-heading alignfull has-text-align-center has-primary-color has-accent-background-color has-text-color has-background has-link-color wp-elements-3ab7c7560910132b28c749e0d5fb0272\">CONVENIO PARA POLITICAS DE GENERO<\/h3>\n\n\n\n<p>En la sede de la Secretar\u00eda de la Mujer, G\u00e9nero y Diversidad del Ministerio de Igualdad y Desarrollo Humano de la Provincia, el jefe de gobierno ramonense suscribi\u00f3 el respectivo acuerdo para el fortalecimiento y\/o creaci\u00f3n de \u00e1reas locales en la materia.<\/p>\n\n\n\n<p>Los mismos aspiran a generar, dentro de los gobiernos locales, espacios espec\u00edficamente destinados atender las necesidades de esa poblaci\u00f3n, colaborando en relaciones familiares complejas, aportando a la contenci\u00f3n y otras herramientas alternativas, como la re-vinculaci\u00f3n y alternativas de inserci\u00f3n socioecon\u00f3micas.<\/p>\n\n\n\n<h2 class=\"wp-block-heading alignfull has-text-align-center has-primary-color has-accent-background-color has-text-color has-background has-link-color wp-elements-9a4bd80e0776644de91e4e7a83d68e45\">CONTINGENTE SANTAFESINO DE VISITA<\/h2>\n\n\n\n<p class=\"has-text-align-left\">El pasado s\u00e1bado, una delegaci\u00f3n proveniente de la capital provincial pudo complacerse con cada uno de los encantos que ofrece Ramona, dentro de la propuesta dise\u00f1ada, implementada y ofrecida por el grupo Turismo Rural y que convoca a una importante y creciente cantidad de visitantes.<\/p>\n\n\n\n<p class=\"has-text-align-left\">El paquete incluy\u00f3 una recorrida por las instalaciones del Complejo Museol\u00f3gico con degustaci\u00f3n de comidas y bebidas t\u00edpicas en la Fonda, siguiendo con el paseo pueblerino, el d\u00eda de campo en el Establecimiento El Vasquito y, por \u00faltimo, una cita golosa en la Helader\u00eda Pompeya y su Museo de la Helader\u00eda. \u00a0<\/p>\n\n\n\n<p class=\"has-text-align-left\">Este itinerario, de jornada completa, muestra los or\u00edgenes, pasando por la cultura, gastronom\u00eda y tradiciones, hasta el circuito productivo incluyendo actividades recreativas, destrezas criollas, tropillas, interacci\u00f3n con animales del lugar, participaci\u00f3n en tareas de campo, cabalgatas y paseos en carro.<\/p>\n\n\n\n<figure class=\"wp-block-image size-large is-resized\"><img loading=\"lazy\" decoding=\"async\" width=\"1444\" height=\"1080\" src=\"https:\/\/elcristaldigital.org\/wp-content\/uploads\/2024\/09\/Jose-Barbero-Turismo-agosto-1444x1080.jpeg\" alt=\"\" class=\"wp-image-1894\" style=\"width:591px;height:auto\" srcset=\"https:\/\/elcristaldigital.org\/wp-content\/uploads\/2024\/09\/Jose-Barbero-Turismo-agosto-1444x1080.jpeg 1444w, https:\/\/elcristaldigital.org\/wp-content\/uploads\/2024\/09\/Jose-Barbero-Turismo-agosto-300x224.jpeg 300w, https:\/\/elcristaldigital.org\/wp-content\/uploads\/2024\/09\/Jose-Barbero-Turismo-agosto-768x575.jpeg 768w, https:\/\/elcristaldigital.org\/wp-content\/uploads\/2024\/09\/Jose-Barbero-Turismo-agosto-1536x1149.jpeg 1536w, https:\/\/elcristaldigital.org\/wp-content\/uploads\/2024\/09\/Jose-Barbero-Turismo-agosto-1200x898.jpeg 1200w, https:\/\/elcristaldigital.org\/wp-content\/uploads\/2024\/09\/Jose-Barbero-Turismo-agosto.jpeg 1600w\" sizes=\"auto, (max-width: 1444px) 100vw, 1444px\" \/><\/figure>\n\n\n\n<h2 class=\"wp-block-heading alignfull has-text-align-center has-primary-color has-accent-background-color has-text-color has-background has-link-color wp-elements-12406951ec5987a53304148980067439\">APORTE DEL SENADOR CALVO<\/h2>\n\n\n\n<p>En la delegaci\u00f3n de la C\u00e1mara de Senadores de la ciudad de Rafaela, el Senador Provincial Alcides Calvo, cumpliment\u00f3 la entrega de aportes de fortalecimiento institucional a representantes de instituciones y municipios del Departamento Castellanos, gestionados en conjunto para la concreci\u00f3n de diversos proyectos.<\/p>\n\n\n\n<p>Jos\u00e9 Barbero, presente en la ocasi\u00f3n, recibi\u00f3 de manos del legislador una contribuci\u00f3n a la organizaci\u00f3n de la recientemente concluida edici\u00f3n 2024 del reconocido Festival de Teatro, recursos que ser\u00e1n destinados a financiar gastos insumidos en la organizaci\u00f3n y log\u00edstica.<\/p>\n\n\n\n<p>Cabe mencionar que el Senador Calvo acompa\u00f1a el Festival desde sus or\u00edgenes, habiendo sido parte destacada en lanzamientos y carteleras.&nbsp;<\/p>\n","protected":false},"excerpt":{"rendered":"<p>NUEVOS JUEGOS INFANTILES PARA LA PLAZA SARMIENTO Habiendo recibido la trasferencia, por parte del Ministerio de Gobierno e Innovaci\u00f3n P\u00fablica, de los recursos provenientes del Fondo para la Construcci\u00f3n de Obras y Adquisici\u00f3n de Equipamiento creado por Ley N\u00ba 12.385, m\u00e1s conocido como de Obras Menores, el gobierno ramonense ha resuelto la adquisici\u00f3n de nuevo [&hellip;]<\/p>\n","protected":false},"author":1,"featured_media":0,"parent":0,"menu_order":0,"comment_status":"closed","ping_status":"closed","template":"","meta":{"footnotes":""},"class_list":["post-1623","page","type-page","status-publish","hentry"],"_links":{"self":[{"href":"https:\/\/elcristaldigital.org\/index.php\/wp-json\/wp\/v2\/pages\/1623","targetHints":{"allow":["GET"]}}],"collection":[{"href":"https:\/\/elcristaldigital.org\/index.php\/wp-json\/wp\/v2\/pages"}],"about":[{"href":"https:\/\/elcristaldigital.org\/index.php\/wp-json\/wp\/v2\/types\/page"}],"author":[{"embeddable":true,"href":"https:\/\/elcristaldigital.org\/index.php\/wp-json\/wp\/v2\/users\/1"}],"replies":[{"embeddable":true,"href":"https:\/\/elcristaldigital.org\/index.php\/wp-json\/wp\/v2\/comments?post=1623"}],"version-history":[{"count":7,"href":"https:\/\/elcristaldigital.org\/index.php\/wp-json\/wp\/v2\/pages\/1623\/revisions"}],"predecessor-version":[{"id":1895,"href":"https:\/\/elcristaldigital.org\/index.php\/wp-json\/wp\/v2\/pages\/1623\/revisions\/1895"}],"wp:attachment":[{"href":"https:\/\/elcristaldigital.org\/index.php\/wp-json\/wp\/v2\/media?parent=1623"}],"curies":[{"name":"wp","href":"https:\/\/api.w.org\/{rel}","templated":true}]}}