{"id":1567,"date":"2023-08-03T14:50:17","date_gmt":"2023-08-03T17:50:17","guid":{"rendered":"https:\/\/elcristaldigital.org\/?page_id=1567"},"modified":"2023-08-08T17:28:54","modified_gmt":"2023-08-08T20:28:54","slug":"deportes-14","status":"publish","type":"page","link":"https:\/\/elcristaldigital.org\/index.php\/deportes-14\/","title":{"rendered":"Deportes"},"content":{"rendered":"\n<h2 class=\"wp-block-heading alignfull has-text-align-center has-background\" style=\"background-color:#55e25f\">DEPORTIVO RAMONA VS MARIA JUANA<\/h2>\n\n\n\n<p>El dia domingo  6 de agosto el depor visita a Atl\u00e8tico de Mar\u00eca Juana por la octava fecha del Torneo Clausura de La Liga Rafaelina de Futbol.<\/p>\n\n\n\n<p>Primera Divisi\u00f2n: el Super Depor empat\u00f2 1 a 1 vs Atletico de Mar\u00eca Juana, gol de Misael Grimaldi<\/p>\n\n\n\n<p>Divisi\u00f2n Reserva: fue empate 2 a 2 con goles de Luciano Bessone y Leandro Sandrone para la celeste<\/p>\n","protected":false},"excerpt":{"rendered":"<p>DEPORTIVO RAMONA VS MARIA JUANA El dia domingo 6 de agosto el depor visita a Atl\u00e8tico de Mar\u00eca Juana por la octava fecha del Torneo Clausura de La Liga Rafaelina de Futbol. Primera Divisi\u00f2n: el Super Depor empat\u00f2 1 a 1 vs Atletico de Mar\u00eca Juana, gol de Misael Grimaldi Divisi\u00f2n Reserva: fue empate 2 [&hellip;]<\/p>\n","protected":false},"author":1,"featured_media":0,"parent":0,"menu_order":0,"comment_status":"closed","ping_status":"closed","template":"","meta":{"footnotes":""},"class_list":["post-1567","page","type-page","status-publish","hentry"],"_links":{"self":[{"href":"https:\/\/elcristaldigital.org\/index.php\/wp-json\/wp\/v2\/pages\/1567","targetHints":{"allow":["GET"]}}],"collection":[{"href":"https:\/\/elcristaldigital.org\/index.php\/wp-json\/wp\/v2\/pages"}],"about":[{"href":"https:\/\/elcristaldigital.org\/index.php\/wp-json\/wp\/v2\/types\/page"}],"author":[{"embeddable":true,"href":"https:\/\/elcristaldigital.org\/index.php\/wp-json\/wp\/v2\/users\/1"}],"replies":[{"embeddable":true,"href":"https:\/\/elcristaldigital.org\/index.php\/wp-json\/wp\/v2\/comments?post=1567"}],"version-history":[{"count":3,"href":"https:\/\/elcristaldigital.org\/index.php\/wp-json\/wp\/v2\/pages\/1567\/revisions"}],"predecessor-version":[{"id":1597,"href":"https:\/\/elcristaldigital.org\/index.php\/wp-json\/wp\/v2\/pages\/1567\/revisions\/1597"}],"wp:attachment":[{"href":"https:\/\/elcristaldigital.org\/index.php\/wp-json\/wp\/v2\/media?parent=1567"}],"curies":[{"name":"wp","href":"https:\/\/api.w.org\/{rel}","templated":true}]}}