{"id":1562,"date":"2023-08-03T14:50:17","date_gmt":"2023-08-03T17:50:17","guid":{"rendered":"https:\/\/elcristaldigital.org\/?page_id=1562"},"modified":"2023-08-03T15:14:26","modified_gmt":"2023-08-03T18:14:26","slug":"deportes-13","status":"publish","type":"page","link":"https:\/\/elcristaldigital.org\/index.php\/deportes-13\/","title":{"rendered":"Deportes"},"content":{"rendered":"\n<h2 class=\"wp-block-heading alignfull has-text-align-center has-background\" style=\"background-color:#55e25f\">DEPORTIVO RAMONA VS QUILMES<\/h2>\n\n\n\n<p>El domigo  9 de julio se jugug\u00f2 la quinta fecha del torneo clausura de la Liga Rafaselina de futbol.<\/p>\n\n\n\n<p>Primera Divisi\u00f2n: Deportivo Ramona 2 (Juan Flores, Facundo Vargas) vs Quilmes 3<\/p>\n\n\n\n<p>Divisi\u00f2n Reserva: Deportivo Ramona 2 (Luciano Bessone, Nicol\u00e0s Solis) vs Quilmes<\/p>\n\n\n\n<h2 class=\"wp-block-heading alignfull has-text-align-center has-background\" style=\"background-color:#55e25f\">Pe\u00f1arol vs Deportivo Ramona<\/h2>\n\n\n\n<p>El dia miercoles 19 de julio, se disput\u00f2 la sexta fecha  del torneo Clausura  e la Liga Rafaelina de Futbol<\/p>\n\n\n\n<p>Primera Divisi\u00f2n: Pe\u00f1arol 1 vs Ramona 0<\/p>\n\n\n\n<p>Divisi\u00f2n Reserva: Pe\u00f1arol 2 vs Ramona 1 Luciano Bessone)<\/p>\n\n\n\n<h2 class=\"wp-block-heading alignfull has-text-align-center has-background\" style=\"background-color:#55e25f\">DEPORTIVO RAMONA VS ARGENTINO DE VILA<\/h2>\n\n\n\n<p>El domigo 30 de julio se disput\u00f2 la septima fecha del torneo Clausura de la Liga Rafaelina de Futbol.<\/p>\n\n\n\n<p>Primera Divisi\u00f2n: el super depor le gan\u00f2 2 a 1 a Argentino de Vila con goles de Juan Flores y Nahuel Masuero<\/p>\n\n\n\n<p>Divisi\u00f2n Reserva: fue vicoria para el depor 2 a 0 con goles de Facundo Vegas y Elias Gutierrez<\/p>\n","protected":false},"excerpt":{"rendered":"<p>DEPORTIVO RAMONA VS QUILMES El domigo 9 de julio se jugug\u00f2 la quinta fecha del torneo clausura de la Liga Rafaselina de futbol. Primera Divisi\u00f2n: Deportivo Ramona 2 (Juan Flores, Facundo Vargas) vs Quilmes 3 Divisi\u00f2n Reserva: Deportivo Ramona 2 (Luciano Bessone, Nicol\u00e0s Solis) vs Quilmes Pe\u00f1arol vs Deportivo Ramona El dia miercoles 19 de [&hellip;]<\/p>\n","protected":false},"author":1,"featured_media":0,"parent":0,"menu_order":0,"comment_status":"closed","ping_status":"closed","template":"","meta":{"footnotes":""},"class_list":["post-1562","page","type-page","status-publish","hentry"],"_links":{"self":[{"href":"https:\/\/elcristaldigital.org\/index.php\/wp-json\/wp\/v2\/pages\/1562","targetHints":{"allow":["GET"]}}],"collection":[{"href":"https:\/\/elcristaldigital.org\/index.php\/wp-json\/wp\/v2\/pages"}],"about":[{"href":"https:\/\/elcristaldigital.org\/index.php\/wp-json\/wp\/v2\/types\/page"}],"author":[{"embeddable":true,"href":"https:\/\/elcristaldigital.org\/index.php\/wp-json\/wp\/v2\/users\/1"}],"replies":[{"embeddable":true,"href":"https:\/\/elcristaldigital.org\/index.php\/wp-json\/wp\/v2\/comments?post=1562"}],"version-history":[{"count":2,"href":"https:\/\/elcristaldigital.org\/index.php\/wp-json\/wp\/v2\/pages\/1562\/revisions"}],"predecessor-version":[{"id":1588,"href":"https:\/\/elcristaldigital.org\/index.php\/wp-json\/wp\/v2\/pages\/1562\/revisions\/1588"}],"wp:attachment":[{"href":"https:\/\/elcristaldigital.org\/index.php\/wp-json\/wp\/v2\/media?parent=1562"}],"curies":[{"name":"wp","href":"https:\/\/api.w.org\/{rel}","templated":true}]}}