{"id":1541,"date":"2023-07-06T15:08:21","date_gmt":"2023-07-06T18:08:21","guid":{"rendered":"https:\/\/elcristaldigital.org\/?page_id=1541"},"modified":"2023-07-06T15:40:30","modified_gmt":"2023-07-06T18:40:30","slug":"gestion-comunal-13","status":"publish","type":"page","link":"https:\/\/elcristaldigital.org\/index.php\/gestion-comunal-13\/","title":{"rendered":"Gesti\u00f3n Comunal"},"content":{"rendered":"\n<h2 class=\"wp-block-heading alignfull has-text-align-center has-background\" style=\"background-color:#55f26c\">Aporte de Naci\u00f3n para Equipamiento Social<\/h2>\n\n\n\n<p>Como resultado de un acuerdo alcanzado con la Secretaria de Abordaje Territorial del Ministerio de Desarrollo Social de la Naci\u00f3n, Eugenia Meana, en el marco del Programa de Fortalecimiento Institucional, la administraci\u00f3n municipal percibi\u00f3 una transferencia de fondos destinados a la adquisici\u00f3n de equipamiento para un futuro espacio multidisciplinario inclusivo.<\/p>\n\n\n\n<p>Esta es una herramienta que busca consolidar la presencia del Estado en el territorio, acercando las pol\u00edticas sociales a la poblaci\u00f3n y fortaleciendo la asistencia sanitaria, social y alimentaria en las provincias e implementar programas que promuevan el desarrollo humano y la integraci\u00f3n local, revalorizando el territorio y las econom\u00edas regionales desde la organizaci\u00f3n ciudadana.<\/p>\n\n\n\n<p>Concretamente, los recursos permitir\u00e1n financiar la adquisici\u00f3n de mobiliario, electrodom\u00e9sticos e insumos de un espacio de contenci\u00f3n y desarrollo integral de ni\u00f1os, ni\u00f1as y adolescentes desde propuestas recreativas, deportivas, de vinculaci\u00f3n con el entorno, aportando a su formaci\u00f3n y protecci\u00f3n de derechos y que se encuentra previsto establecer en el Complejo Recreativo.<\/p>\n\n\n\n<h2 class=\"wp-block-heading alignfull has-text-align-center has-background\" style=\"background-color:#55f26c\">Promoci\u00f3n de la Movilidad Sustentable<\/h2>\n\n\n\n<p>Dando comienzo al proceso de implementaci\u00f3n de un programa de movilidad sustentable y con el prop\u00f3sito de brindar mayor seguridad a las calles de nuestro pueblo, junto a los establecimientos educativos se desarrolla una encuesta entre sus alumnos cuyos resultados permitan elaborar diagn\u00f3sticos de h\u00e1bitos de los escolares.<\/p>\n\n\n\n<p>A partir de sus conclusiones, se intentar\u00e1 establecer itinerarios como v\u00edas de circulaci\u00f3n preferente escogida entre los recorridos m\u00e1s utilizados por alumnas y alumnos donde se garantiza alta seguridad y confortabilidad para los peatones y ciclistas.<\/p>\n\n\n\n<p>Para los ni\u00f1os, los desplazamientos constituyen un momento de exploraci\u00f3n del entorno y significan una fuente de conocimiento de la realidad que los rodea, as\u00ed como la posibilidad de jugar, correr, saltar y, de esta forma, disfrutar del espacio p\u00fablico solo es posible, en gran medida, si no tienen que supeditarse a las necesidades y a los deseos de los adultos que los acompa\u00f1an, y eso es lo que la iniciativa trata de cuidar.<\/p>\n\n\n\n<h2 class=\"wp-block-heading alignfull has-text-align-center has-background\" style=\"background-color:#55f26c\">Exitosa presentaci\u00f3n del C.A.M.<\/h2>\n\n\n\n<p>Finalmente, el pasado fin de semana tuvo su realizaci\u00f3n el evento deportivo por excelencia, que caracteriza a la localidad, en lo que ha sido la sexta fecha el campeonato 2023 del Certamen Argentino de Motociclismo, convocando, como en cada oportunidad, una multitud de fan\u00e1ticos del deporte motor.<\/p>\n\n\n\n<p>A pesar de que las condiciones clim\u00e1ticas impusieron su postergaci\u00f3n para la fecha suplente, la actividad pudo concretarse con marcado \u00e9xito tanto en lo deportivo como la cantidad de p\u00fablico, destacando, adem\u00e1s, las implicancias econ\u00f3micas para el comercio y los servicios.<\/p>\n\n\n\n<h2 class=\"wp-block-heading alignfull has-text-align-center has-background\" style=\"background-color:#55f26c\">Audici\u00f3n de M\u00fasica<\/h2>\n\n\n\n<p>El pr\u00f3ximo mi\u00e9rcoles 12 de julio a las 19 horas tendr\u00e1 lugar la primera presentaci\u00f3n p\u00fablica del Taller Comunal de M\u00fasica con una exhibici\u00f3n de los aprendizajes alcanzados por los asistentes en las actividades de formaci\u00f3n que desde mes de marzo se encuentran a cargo de Leandro Meyer.<\/p>\n\n\n\n<p>La actividad contar\u00e1 con entrada libre y gratuita e incluir\u00e1 la demostraci\u00f3n de los conocimientos en instrumentos de cuerdas como guitarra y viol\u00edn, adem\u00e1s de teclado, a cargo de la importante cantidad de adeptos que esta vertiente cultural ha sabido convocar.<\/p>\n\n\n\n<h2 class=\"wp-block-heading alignfull has-text-align-center has-background\" style=\"background-color:#55f26c\">Inicio de la Agenda Teatral<\/h2>\n\n\n\n<p>Con la presentaci\u00f3n de la obra \u201cEl pilar de la casa\u201d del Grupo A escena de la localidad cordobesa de Freyre, el pasado viernes 30 de junio dio comienzo la cartelera teatral del a\u00f1o 2023, en la previa de lo que ser\u00e1 una nueva edici\u00f3n del Festival de Teatro Ramona.<\/p>\n\n\n\n<p>La acci\u00f3n cont\u00f3 con la organizaci\u00f3n de la agrupaci\u00f3n La Usina y convoc\u00f3 a una importante afluencia de vecinos y visitantes de otras localidades que pudieron disfrutar de una interesante presentaci\u00f3n de la compa\u00f1\u00eda freyrense, calmando la ansiedad esc\u00e9nica.<\/p>\n","protected":false},"excerpt":{"rendered":"<p>Aporte de Naci\u00f3n para Equipamiento Social Como resultado de un acuerdo alcanzado con la Secretaria de Abordaje Territorial del Ministerio de Desarrollo Social de la Naci\u00f3n, Eugenia Meana, en el marco del Programa de Fortalecimiento Institucional, la administraci\u00f3n municipal percibi\u00f3 una transferencia de fondos destinados a la adquisici\u00f3n de equipamiento para un futuro espacio multidisciplinario [&hellip;]<\/p>\n","protected":false},"author":1,"featured_media":0,"parent":0,"menu_order":0,"comment_status":"closed","ping_status":"closed","template":"","meta":{"footnotes":""},"class_list":["post-1541","page","type-page","status-publish","hentry"],"_links":{"self":[{"href":"https:\/\/elcristaldigital.org\/index.php\/wp-json\/wp\/v2\/pages\/1541","targetHints":{"allow":["GET"]}}],"collection":[{"href":"https:\/\/elcristaldigital.org\/index.php\/wp-json\/wp\/v2\/pages"}],"about":[{"href":"https:\/\/elcristaldigital.org\/index.php\/wp-json\/wp\/v2\/types\/page"}],"author":[{"embeddable":true,"href":"https:\/\/elcristaldigital.org\/index.php\/wp-json\/wp\/v2\/users\/1"}],"replies":[{"embeddable":true,"href":"https:\/\/elcristaldigital.org\/index.php\/wp-json\/wp\/v2\/comments?post=1541"}],"version-history":[{"count":3,"href":"https:\/\/elcristaldigital.org\/index.php\/wp-json\/wp\/v2\/pages\/1541\/revisions"}],"predecessor-version":[{"id":1546,"href":"https:\/\/elcristaldigital.org\/index.php\/wp-json\/wp\/v2\/pages\/1541\/revisions\/1546"}],"wp:attachment":[{"href":"https:\/\/elcristaldigital.org\/index.php\/wp-json\/wp\/v2\/media?parent=1541"}],"curies":[{"name":"wp","href":"https:\/\/api.w.org\/{rel}","templated":true}]}}