{"id":1502,"date":"2023-06-01T15:12:01","date_gmt":"2023-06-01T18:12:01","guid":{"rendered":"https:\/\/elcristaldigital.org\/?page_id=1502"},"modified":"2023-06-01T15:31:47","modified_gmt":"2023-06-01T18:31:47","slug":"gestion-comunal-11","status":"publish","type":"page","link":"https:\/\/elcristaldigital.org\/index.php\/gestion-comunal-11\/","title":{"rendered":"Gesti\u00f3n Comunal"},"content":{"rendered":"\n<h2 class=\"wp-block-heading alignfull has-text-align-center has-background\" style=\"background-color:#55f26c\">Incorporaci\u00f3n de equipamiento ambiental<\/h2>\n\n\n\n<p>Aplicando recursos aportados por el Ministerio de Ambiente y Cambio Clim\u00e1tico, la gesti\u00f3n del Presidente Comunal Jos\u00e9 Barbero, resolvi\u00f3 la compra de una chipeadora, herramienta dise\u00f1ada para triturar hojas, ramas y troncos de determinado di\u00e1metro y que contribuir\u00e1 considerablemente a la tarea de poda del arbolado urbano, cuya temporada anual dar\u00e1 comienzo pr\u00f3ximamente.&nbsp;<\/p>\n\n\n\n<p>El uso de este equipamiento ofrece importantes beneficios, estim\u00e1ndose que reduce seis veces el volumen de este tipo de residuos, minimizando los costos de traslado a los centros de disposici\u00f3n. Por otra parte, evita la quema innecesaria, mientras que su producto tiene m\u00faltiples aprovechamientos, tales como, relleno para compostaje, abono fertilizante e, incluso, combustible de procesos productivos.<\/p>\n\n\n\n<p>Esta adquisici\u00f3n profundiza el modelo ambiental que regla el accionar del municipio con el prop\u00f3sito de reducir, reutilizar y reciclar, complementando la destacable tarea de clasificaci\u00f3n que realizan los vecinos en cada uno de sus domicilios y contribuyendo, con su parte, al sistema que cierra el c\u00edrculo al que aspira, como paradigma un modelo de producci\u00f3n y consumo responsable.&nbsp;&nbsp;<\/p>\n\n\n\n<figure class=\"wp-block-image size-full\"><img loading=\"lazy\" decoding=\"async\" width=\"1024\" height=\"768\" src=\"https:\/\/elcristaldigital.org\/wp-content\/uploads\/2023\/06\/WhatsApp-Image-2023-06-01-at-14.59.21.jpeg\" alt=\"\" class=\"wp-image-1514\" srcset=\"https:\/\/elcristaldigital.org\/wp-content\/uploads\/2023\/06\/WhatsApp-Image-2023-06-01-at-14.59.21.jpeg 1024w, https:\/\/elcristaldigital.org\/wp-content\/uploads\/2023\/06\/WhatsApp-Image-2023-06-01-at-14.59.21-300x225.jpeg 300w, https:\/\/elcristaldigital.org\/wp-content\/uploads\/2023\/06\/WhatsApp-Image-2023-06-01-at-14.59.21-768x576.jpeg 768w\" sizes=\"auto, (max-width: 1024px) 100vw, 1024px\" \/><\/figure>\n\n\n\n<h2 class=\"wp-block-heading alignfull has-text-align-center has-background\" style=\"background-color:#55f26c\">Convenio para forestaci\u00f3n<\/h2>\n\n\n\n<p>Fruto de un concurso de proyectos lanzado por la Asociaci\u00f3n Civil Red de Innovaci\u00f3n Local (RIL), en el cual result\u00f3 como una de las seleccionadas la propuesta de forestaci\u00f3n efectuada por la Comuna de Ramona, se concret\u00f3 la firma de un convenio entre ambas entidades y, mediante el cual, la empresa Klimber S.A. financiar\u00e1 la adquisici\u00f3n de ejemplares arb\u00f3reos destinados a fortalecer el patrimonio vegetal de la localidad.<\/p>\n\n\n\n<p>En el marco de su Programa de Forestaci\u00f3n P\u00fablico-Privado, esta organizaci\u00f3n se propone consolidar pol\u00edticas p\u00fablicas con impacto en el desarrollo local y regional, promoviendo y sistematizando acciones en favor del ambiente, espec\u00edficamente de arborizaci\u00f3n en espacios p\u00fablicos. Por su parte, con la concreci\u00f3n de la propuesta, la Comuna renovar\u00e1 un importante segmento de su arbolado urbano.<\/p>\n\n\n\n<p>RIL es una organizaci\u00f3n que nace en 2014 con el objetivo de lograr que, en cada ciudad, las personas puedan tener calidad de vida y oportunidades para desarrollarse, construyendo una red que conecta, acelera e inspira a resolver los desaf\u00edos p\u00fablicos. Trabaja de manera colaborativa con equipos de gobiernos locales, convocando a sus integrantes a desafiarse, potenciarse y mejorar sus comunidades.<\/p>\n\n\n\n<figure class=\"wp-block-image size-large\"><img loading=\"lazy\" decoding=\"async\" width=\"810\" height=\"1080\" src=\"https:\/\/elcristaldigital.org\/wp-content\/uploads\/2023\/06\/WhatsApp-Image-2023-06-01-at-15.00.06-810x1080.jpeg\" alt=\"\" class=\"wp-image-1515\" srcset=\"https:\/\/elcristaldigital.org\/wp-content\/uploads\/2023\/06\/WhatsApp-Image-2023-06-01-at-15.00.06-810x1080.jpeg 810w, https:\/\/elcristaldigital.org\/wp-content\/uploads\/2023\/06\/WhatsApp-Image-2023-06-01-at-15.00.06-225x300.jpeg 225w, https:\/\/elcristaldigital.org\/wp-content\/uploads\/2023\/06\/WhatsApp-Image-2023-06-01-at-15.00.06-768x1024.jpeg 768w, https:\/\/elcristaldigital.org\/wp-content\/uploads\/2023\/06\/WhatsApp-Image-2023-06-01-at-15.00.06.jpeg 960w\" sizes=\"auto, (max-width: 810px) 100vw, 810px\" \/><\/figure>\n\n\n\n<h2 class=\"wp-block-heading alignfull has-text-align-center has-background\" style=\"background-color:#55f26c\">El jard\u00edn va al teatro<\/h2>\n\n\n\n<p>Instituido en conmemoraci\u00f3n de la vida de Rosario Vera Pe\u00f1aloza, quien fuera motor del surgimiento de la educaci\u00f3n inicial en nuestro pa\u00eds, el 28 de mayo se celebra el d\u00eda de los Jardines de Infantes y, por dicha raz\u00f3n, desde el \u00e1rea cultura comunal se paut\u00f3, junto a la comunidad educativa del Jard\u00edn Mar\u00eda Elena Walsh, una funci\u00f3n teatral con la presentaci\u00f3n de \u201cZoo il\u00f3gico\u201d.<\/p>\n\n\n\n<p>\u00c9sta resulta una excelente ocasi\u00f3n para que los m\u00e1s peque\u00f1os conozcan las renovadas instalaciones del recinto cultural, disfruten de sus comodidades y experimenten por si mismos la hermosa sensaci\u00f3n de compartir una creaci\u00f3n teatral concebida como recurso educativo.<\/p>\n\n\n\n<p>\u201cZoo il\u00f3gico\u201d es una propuesta basada en un importante juego actoral donde los interpretes recurren al humor y a la m\u00fasica, como herramientas fundamentales, para dar vida a esta did\u00e1ctica historia, en la que entra\u00f1ables personajes nos dejan un mensaje que se\u00f1ala la importancia de la amistad, la responsabilidad, los valores humanos y el amor por los animales.<\/p>\n\n\n\n<figure class=\"wp-block-gallery has-nested-images columns-default is-cropped wp-block-gallery-1 is-layout-flex wp-block-gallery-is-layout-flex\">\n<figure class=\"wp-block-image size-large\"><img loading=\"lazy\" decoding=\"async\" width=\"1252\" height=\"989\" data-id=\"1516\" src=\"https:\/\/elcristaldigital.org\/wp-content\/uploads\/2023\/06\/WhatsApp-Image-2023-06-01-at-14.59.43.jpeg\" alt=\"\" class=\"wp-image-1516\" srcset=\"https:\/\/elcristaldigital.org\/wp-content\/uploads\/2023\/06\/WhatsApp-Image-2023-06-01-at-14.59.43.jpeg 1252w, https:\/\/elcristaldigital.org\/wp-content\/uploads\/2023\/06\/WhatsApp-Image-2023-06-01-at-14.59.43-300x237.jpeg 300w, https:\/\/elcristaldigital.org\/wp-content\/uploads\/2023\/06\/WhatsApp-Image-2023-06-01-at-14.59.43-768x607.jpeg 768w, https:\/\/elcristaldigital.org\/wp-content\/uploads\/2023\/06\/WhatsApp-Image-2023-06-01-at-14.59.43-1200x948.jpeg 1200w\" sizes=\"auto, (max-width: 1252px) 100vw, 1252px\" \/><\/figure>\n<\/figure>\n\n\n\n<h2 class=\"wp-block-heading alignfull has-text-align-center has-background\" style=\"background-color:#55f26c\">Promoci\u00f3n del uso de energ\u00edas renovables<\/h2>\n\n\n\n<p>Considerando el reciente lanzamiento efectuado por el gobierno provincial junto al Consejo Federal de Inversiones (CFI), del Plan Renovables 2, mediante el cual ofrecen a vecinos y vecinas, monotributistas, pymes y micropymes, alternativas crediticias destinadas a la compra e instalaci\u00f3n de sistemas fotovoltaicos y termotanques solares, buscando impulsar la transici\u00f3n energ\u00e9tica santafesina, el municipio ramonense se suma a la iniciativa contribuyendo a su promoci\u00f3n entre los vecinos.<\/p>\n\n\n\n<p>En el mismo sentido, a nivel local rige la Ordenanza N\u00ba 852\/21, por la cual se incentiva el uso e implementaci\u00f3n de sistemas de captaci\u00f3n y utilizaci\u00f3n de energ\u00eda solar en domicilios particulares, con la exenci\u00f3n durante doce per\u00edodos mensuales en el pago de la Tasa General de Inmuebles Urbanos correspondiente a la propiedad.<\/p>\n\n\n\n<p>Una medida pautada entre las acciones de mitigaci\u00f3n pautadas en el Plan Local de Acci\u00f3n Clim\u00e1tica, asumiendo el rol de articular e integrar el factor ambiental en el dise\u00f1o de las pol\u00edticas p\u00fablicas y, en particular, en el desarrollo y la aplicaci\u00f3n de esta fuente de energ\u00eda limpia que impacta positivamente en el prop\u00f3sito de la disminuci\u00f3n de las emisiones de gases de efecto invernadero.<\/p>\n\n\n\n<h2 class=\"wp-block-heading alignfull has-text-align-center has-background\" style=\"background-color:#55f26c\">Cabalgata por los caminos del Gaucho Rosendi<\/h2>\n\n\n\n<p>Tal como se encontraba previsto dentro de una extensa agenda tur\u00edstica mensual, el pasado domingo 28 de mayo se concret\u00f3 el anunciado encuentro de agrupaciones gauchas en el amplio predio del Establecimiento El Vaquito, emprendimiento que forma parte del circuito local, como uno de sus principales atractivos.<\/p>\n\n\n\n<p>Dada en llamar \u201cPor los caminos del Gaucho Rosendi\u201d, rememorando al hist\u00f3rico personaje habitante de estas tierras, la cabalgata reuni\u00f3 a la familia campestre, con juegos, recorridas en carruajes, destreza de tropilla entabladas y un paseo pueblerino y el Museo Hist\u00f3rico Comunal.<\/p>\n\n\n\n<p>Esta primera experiencia convoc\u00f3 a participantes de varias provincias argentinas, entre ellas, Buenos Aires, La Rioja, Chaco, Entre R\u00edos y C\u00f3rdoba.<\/p>\n\n\n\n<figure class=\"wp-block-gallery has-nested-images columns-default is-cropped wp-block-gallery-2 is-layout-flex wp-block-gallery-is-layout-flex\">\n<figure class=\"wp-block-image size-large\"><img loading=\"lazy\" decoding=\"async\" width=\"1280\" height=\"957\" data-id=\"1517\" src=\"https:\/\/elcristaldigital.org\/wp-content\/uploads\/2023\/06\/WhatsApp-Image-2023-06-01-at-14.59.00.jpeg\" alt=\"\" class=\"wp-image-1517\" srcset=\"https:\/\/elcristaldigital.org\/wp-content\/uploads\/2023\/06\/WhatsApp-Image-2023-06-01-at-14.59.00.jpeg 1280w, https:\/\/elcristaldigital.org\/wp-content\/uploads\/2023\/06\/WhatsApp-Image-2023-06-01-at-14.59.00-300x224.jpeg 300w, https:\/\/elcristaldigital.org\/wp-content\/uploads\/2023\/06\/WhatsApp-Image-2023-06-01-at-14.59.00-768x574.jpeg 768w, https:\/\/elcristaldigital.org\/wp-content\/uploads\/2023\/06\/WhatsApp-Image-2023-06-01-at-14.59.00-1200x897.jpeg 1200w\" sizes=\"auto, (max-width: 1280px) 100vw, 1280px\" \/><\/figure>\n<\/figure>\n","protected":false},"excerpt":{"rendered":"<p>Incorporaci\u00f3n de equipamiento ambiental Aplicando recursos aportados por el Ministerio de Ambiente y Cambio Clim\u00e1tico, la gesti\u00f3n del Presidente Comunal Jos\u00e9 Barbero, resolvi\u00f3 la compra de una chipeadora, herramienta dise\u00f1ada para triturar hojas, ramas y troncos de determinado di\u00e1metro y que contribuir\u00e1 considerablemente a la tarea de poda del arbolado urbano, cuya temporada anual dar\u00e1 [&hellip;]<\/p>\n","protected":false},"author":1,"featured_media":0,"parent":0,"menu_order":0,"comment_status":"closed","ping_status":"closed","template":"","meta":{"footnotes":""},"class_list":["post-1502","page","type-page","status-publish","hentry"],"_links":{"self":[{"href":"https:\/\/elcristaldigital.org\/index.php\/wp-json\/wp\/v2\/pages\/1502","targetHints":{"allow":["GET"]}}],"collection":[{"href":"https:\/\/elcristaldigital.org\/index.php\/wp-json\/wp\/v2\/pages"}],"about":[{"href":"https:\/\/elcristaldigital.org\/index.php\/wp-json\/wp\/v2\/types\/page"}],"author":[{"embeddable":true,"href":"https:\/\/elcristaldigital.org\/index.php\/wp-json\/wp\/v2\/users\/1"}],"replies":[{"embeddable":true,"href":"https:\/\/elcristaldigital.org\/index.php\/wp-json\/wp\/v2\/comments?post=1502"}],"version-history":[{"count":3,"href":"https:\/\/elcristaldigital.org\/index.php\/wp-json\/wp\/v2\/pages\/1502\/revisions"}],"predecessor-version":[{"id":1518,"href":"https:\/\/elcristaldigital.org\/index.php\/wp-json\/wp\/v2\/pages\/1502\/revisions\/1518"}],"wp:attachment":[{"href":"https:\/\/elcristaldigital.org\/index.php\/wp-json\/wp\/v2\/media?parent=1502"}],"curies":[{"name":"wp","href":"https:\/\/api.w.org\/{rel}","templated":true}]}}