{"id":1484,"date":"2023-04-20T14:58:28","date_gmt":"2023-04-20T17:58:28","guid":{"rendered":"https:\/\/elcristaldigital.org\/?page_id=1484"},"modified":"2023-04-20T15:09:50","modified_gmt":"2023-04-20T18:09:50","slug":"jornadas-escolares","status":"publish","type":"page","link":"https:\/\/elcristaldigital.org\/index.php\/jornadas-escolares\/","title":{"rendered":"Jornadas Escolares"},"content":{"rendered":"\n<h2 class=\"wp-block-heading alignfull has-text-align-center has-background\" style=\"background-color:#55f26c\">Expressarte<\/h2>\n\n\n\n<p>El d\u00eda 17 de abril, la profesora de educaci\u00f3n art\u00edstica Marcela Tesio, junto a los de segundo a\u00f1o, organiz\u00f3 la jornada \u201cExpressarte\u201d, por la semana del arte en la E.E.S.O.P.I. N\u00ba3023 San Jos\u00e9 de Calasanz. La jornada que se realiz\u00f3 ese mismo lunes, dur\u00f3 aproximadamente 2 horas. All\u00ed, cada curso ten\u00eda asignada una tem\u00e1tica para llevar a cabo; estas fueron la realizaci\u00f3n de lapiceros, flores de papel, cuadros, origamis y esculturas. Fue una excelente jornada disfrutando de poder hacer arte en el patio de la instituci\u00f3n, saliendo un poco de la actividad normal escolar. Al d\u00eda siguiente, se expusieron todos los trabajos realizados por los alumnos.<\/p>\n\n\n\n<figure class=\"wp-block-image size-full\"><img loading=\"lazy\" decoding=\"async\" width=\"1156\" height=\"867\" src=\"https:\/\/elcristaldigital.org\/wp-content\/uploads\/2023\/04\/WhatsApp-Image-2023-04-20-at-15.08.43.jpeg\" alt=\"\" class=\"wp-image-1490\" srcset=\"https:\/\/elcristaldigital.org\/wp-content\/uploads\/2023\/04\/WhatsApp-Image-2023-04-20-at-15.08.43.jpeg 1156w, https:\/\/elcristaldigital.org\/wp-content\/uploads\/2023\/04\/WhatsApp-Image-2023-04-20-at-15.08.43-300x225.jpeg 300w, https:\/\/elcristaldigital.org\/wp-content\/uploads\/2023\/04\/WhatsApp-Image-2023-04-20-at-15.08.43-768x576.jpeg 768w\" sizes=\"auto, (max-width: 1156px) 100vw, 1156px\" \/><\/figure>\n","protected":false},"excerpt":{"rendered":"<p>Expressarte El d\u00eda 17 de abril, la profesora de educaci\u00f3n art\u00edstica Marcela Tesio, junto a los de segundo a\u00f1o, organiz\u00f3 la jornada \u201cExpressarte\u201d, por la semana del arte en la E.E.S.O.P.I. N\u00ba3023 San Jos\u00e9 de Calasanz. La jornada que se realiz\u00f3 ese mismo lunes, dur\u00f3 aproximadamente 2 horas. All\u00ed, cada curso ten\u00eda asignada una tem\u00e1tica [&hellip;]<\/p>\n","protected":false},"author":1,"featured_media":0,"parent":0,"menu_order":0,"comment_status":"closed","ping_status":"closed","template":"","meta":{"footnotes":""},"class_list":["post-1484","page","type-page","status-publish","hentry"],"_links":{"self":[{"href":"https:\/\/elcristaldigital.org\/index.php\/wp-json\/wp\/v2\/pages\/1484","targetHints":{"allow":["GET"]}}],"collection":[{"href":"https:\/\/elcristaldigital.org\/index.php\/wp-json\/wp\/v2\/pages"}],"about":[{"href":"https:\/\/elcristaldigital.org\/index.php\/wp-json\/wp\/v2\/types\/page"}],"author":[{"embeddable":true,"href":"https:\/\/elcristaldigital.org\/index.php\/wp-json\/wp\/v2\/users\/1"}],"replies":[{"embeddable":true,"href":"https:\/\/elcristaldigital.org\/index.php\/wp-json\/wp\/v2\/comments?post=1484"}],"version-history":[{"count":4,"href":"https:\/\/elcristaldigital.org\/index.php\/wp-json\/wp\/v2\/pages\/1484\/revisions"}],"predecessor-version":[{"id":1491,"href":"https:\/\/elcristaldigital.org\/index.php\/wp-json\/wp\/v2\/pages\/1484\/revisions\/1491"}],"wp:attachment":[{"href":"https:\/\/elcristaldigital.org\/index.php\/wp-json\/wp\/v2\/media?parent=1484"}],"curies":[{"name":"wp","href":"https:\/\/api.w.org\/{rel}","templated":true}]}}