{"id":1469,"date":"2023-04-11T18:27:21","date_gmt":"2023-04-11T21:27:21","guid":{"rendered":"https:\/\/elcristaldigital.org\/?page_id=1469"},"modified":"2023-06-01T15:06:03","modified_gmt":"2023-06-01T18:06:03","slug":"deportes-10","status":"publish","type":"page","link":"https:\/\/elcristaldigital.org\/index.php\/deportes-10\/","title":{"rendered":"Deportes"},"content":{"rendered":"\n<h2 class=\"wp-block-heading alignfull has-text-align-center has-background\" style=\"background-color:#55f26c\">SUPERCL\u00c1SICO VILA VS RAMONA<\/h2>\n\n\n\n<p>El dia 2 de abril el Deportivo Ramona visit\u00f3 al Centro Cultural Argentino de Vila, para disputar la tercera fecha del torneo apertura de la Liga Rafaelina de f\u00fatbol.  <\/p>\n\n\n\n<p>Primera divisi\u00f3n: Argentino de Vila 3 vs Deportivo Ramona 1 (Ariel Colzera)<\/p>\n\n\n\n<p>Division Reserva: Argentino de Vila 0 vs Deportivo Ramona 1 (Leandro Sandrone)<\/p>\n\n\n\n<h2 class=\"wp-block-heading alignfull has-text-align-center has-background\" style=\"background-color:#55f26c\">DEPORTIVO RAMONA VS DEPORTIVO ALDAO<\/h2>\n\n\n\n<p>El dia 9 de abril el Deportivo Ramona recibi\u00f3 a Deportivo Aldao para disputar la cuarta fecha de la Liga Rafaelina de f\u00fatbol.<\/p>\n\n\n\n<p>Primer Divisi\u00f3n: el Deportivo Ramona empat\u00f3 3 a 3 Deportivo Aldao, los goles de Ramona los convirti\u00f3 Ariel C\u00f3lzera (x2) y Facundo Vargas<\/p>\n\n\n\n<p>Division Reserva fue victoria para el Deportivo Ramona 2 a 0 con goles de Gabriel Battaglino y Mateo Masuer.<\/p>\n\n\n\n<h2 class=\"wp-block-heading alignfull has-text-align-center has-background\" style=\"background-color:#55f26c\">ARGENTINO QUILMES VS DEPORTIVO RAMONA<\/h2>\n\n\n\n<p>El dia jueves 13 de abril el Deportivo Ramona visito a Argentinos Quilmes para disputar la quinta fecha de La Liga Rafaelina de Fubol.<\/p>\n\n\n\n<p>Primera Divisi\u00f3n: Quilmes 3 vs Deportivo Ramona 1 (Nahuel Masuero)<\/p>\n\n\n\n<p>Division Reserva: Quilmes 3 vs Deportivo Ramona 0 <\/p>\n\n\n\n<h2 class=\"wp-block-heading alignfull has-text-align-center has-background\" style=\"background-color:#55f26c\">DEPORTIVO RAMONA VS TACURAL<\/h2>\n\n\n\n<p>El dia viernes 21 de abril el Deportivo Ramona recibi\u00f3 a Tacural por la sexta fecha del Torneo Apertura de la Liga Rafaelina de Fubol<\/p>\n\n\n\n<p>Primera Divisi\u00f3n: Ramona 4 a 4 Tacural, los goles los convirtieron (Misael Grimaldi, Luciano Kummer y Ariel C\u00f3lzera x2)<\/p>\n\n\n\n<p>Divisi\u00f3n Reserva: Ramona 1 a 0 Tacural, el gol lo convirti\u00f3 Mateo Masuero. <\/p>\n\n\n\n<h2 class=\"wp-block-heading alignfull has-text-align-center has-background\" style=\"background-color:#55f26c\">JOSEFINA VS  DEPORTIVO RAMONA <\/h2>\n\n\n\n<p>El domingo 30 de Abril el Deportivo Ramona visit\u00f3 a Josefina por la s\u00e9ptima fecha del Torneo Apertura de La Liga Rafaelina de Futbol.<\/p>\n\n\n\n<p>Primer Divis\u00f3n: Josefina 4 vs Ramona 3, los goles del depor los marcaron Misael Grimaldi y Lucas Volken x2<\/p>\n\n\n\n<p>Divisi\u00f3n Reserva: Josefina 0 vs 1 Ramona con gol de Jordan Labasto<\/p>\n","protected":false},"excerpt":{"rendered":"<p>SUPERCL\u00c1SICO VILA VS RAMONA El dia 2 de abril el Deportivo Ramona visit\u00f3 al Centro Cultural Argentino de Vila, para disputar la tercera fecha del torneo apertura de la Liga Rafaelina de f\u00fatbol. Primera divisi\u00f3n: Argentino de Vila 3 vs Deportivo Ramona 1 (Ariel Colzera) Division Reserva: Argentino de Vila 0 vs Deportivo Ramona 1 [&hellip;]<\/p>\n","protected":false},"author":1,"featured_media":0,"parent":0,"menu_order":0,"comment_status":"closed","ping_status":"closed","template":"","meta":{"footnotes":""},"class_list":["post-1469","page","type-page","status-publish","hentry"],"_links":{"self":[{"href":"https:\/\/elcristaldigital.org\/index.php\/wp-json\/wp\/v2\/pages\/1469","targetHints":{"allow":["GET"]}}],"collection":[{"href":"https:\/\/elcristaldigital.org\/index.php\/wp-json\/wp\/v2\/pages"}],"about":[{"href":"https:\/\/elcristaldigital.org\/index.php\/wp-json\/wp\/v2\/types\/page"}],"author":[{"embeddable":true,"href":"https:\/\/elcristaldigital.org\/index.php\/wp-json\/wp\/v2\/users\/1"}],"replies":[{"embeddable":true,"href":"https:\/\/elcristaldigital.org\/index.php\/wp-json\/wp\/v2\/comments?post=1469"}],"version-history":[{"count":5,"href":"https:\/\/elcristaldigital.org\/index.php\/wp-json\/wp\/v2\/pages\/1469\/revisions"}],"predecessor-version":[{"id":1498,"href":"https:\/\/elcristaldigital.org\/index.php\/wp-json\/wp\/v2\/pages\/1469\/revisions\/1498"}],"wp:attachment":[{"href":"https:\/\/elcristaldigital.org\/index.php\/wp-json\/wp\/v2\/media?parent=1469"}],"curies":[{"name":"wp","href":"https:\/\/api.w.org\/{rel}","templated":true}]}}