{"id":1461,"date":"2023-04-11T18:23:35","date_gmt":"2023-04-11T21:23:35","guid":{"rendered":"https:\/\/elcristaldigital.org\/?page_id=1461"},"modified":"2023-11-30T15:19:00","modified_gmt":"2023-11-30T18:19:00","slug":"gestion-comunal-9","status":"publish","type":"page","link":"https:\/\/elcristaldigital.org\/index.php\/gestion-comunal-9\/","title":{"rendered":"Gesti\u00f3n Comunal"},"content":{"rendered":"\n<h2 class=\"wp-block-heading alignfull has-text-align-center has-background\" style=\"background-color:#55f26c\"><u>REVESTIMIENTO DEL CANAL PERIMETRAL<\/u><\/h2>\n\n\n\n<p>Luego de arduos meses de trabajo, se encuentra pr\u00f3xima a concluir esta obra de gran envergadura, con la cual se espera adecuar el sistema de drenaje de aguas pluviales, renovando, por otra parte, notoriamente la urbanidad de un amplio e importante sector.<\/p>\n\n\n\n<p>Cabe recordar que la misma incluy\u00f3 limpieza y remoci\u00f3n de sedimentos, construcci\u00f3n de base de hormig\u00f3n, revestimientos laterales con mamposter\u00eda de ladrillos, refuerzos tangentes y transversales, cordones cunetas y defensas viales met\u00e1licas. Un proyecto que por su complejidad y magnitud ha sabido desafiar la capacidad operativa y organizacional del municipio, pero, consumada, genera la plena satisfacci\u00f3n de la tarea cumplida.<\/p>\n\n\n\n<p>Aguardando la conformidad definitiva de todo lo actuado, por parte del Ministerio de Infraestructura, Servicios P\u00fablicos y H\u00e1bitat, organismo que financi\u00f3 su ejecuci\u00f3n, ya se gestiona la segunda etapa que comprende la intervenci\u00f3n de otros 400 metros lineales del conducto referido.<\/p>\n\n\n\n<p>Adem\u00e1s de su importancia como obra civil, la misma ha tenido un fuerte impacto socioecon\u00f3mico, generando empleo y recursos volcados al mercado de la construcci\u00f3n.<\/p>\n\n\n<div class=\"wp-block-image\">\n<figure class=\"aligncenter size-full is-resized\"><img loading=\"lazy\" decoding=\"async\" width=\"1600\" height=\"738\" src=\"https:\/\/elcristaldigital.org\/wp-content\/uploads\/2023\/04\/Jose-Barbero-Perimetral.jpeg\" alt=\"\" class=\"wp-image-1474\" style=\"width:575px;height:265px\" srcset=\"https:\/\/elcristaldigital.org\/wp-content\/uploads\/2023\/04\/Jose-Barbero-Perimetral.jpeg 1600w, https:\/\/elcristaldigital.org\/wp-content\/uploads\/2023\/04\/Jose-Barbero-Perimetral-300x138.jpeg 300w, https:\/\/elcristaldigital.org\/wp-content\/uploads\/2023\/04\/Jose-Barbero-Perimetral-768x354.jpeg 768w, https:\/\/elcristaldigital.org\/wp-content\/uploads\/2023\/04\/Jose-Barbero-Perimetral-1536x708.jpeg 1536w, https:\/\/elcristaldigital.org\/wp-content\/uploads\/2023\/04\/Jose-Barbero-Perimetral-1200x554.jpeg 1200w\" sizes=\"auto, (max-width: 1600px) 100vw, 1600px\" \/><\/figure>\n<\/div>\n\n\n<h2 class=\"wp-block-heading alignfull has-text-align-center has-background\" style=\"background-color:#55f26c\"><strong><u>BARBERO EN JORNADAS DE VINCULACION INTERNACIONAL<\/u><\/strong><\/h2>\n\n\n\n<p>Respondiendo a una invitaci\u00f3n cursada por el Ministerio de Relaciones Exteriores de la Naci\u00f3n, el jefe de gobierno ramonense participa de las primeras jornadas de vinculaci\u00f3n internacional para gobiernos locales denominadas &#8220;Pensar Global, Actuar Local&#8221;,&nbsp;que se desarrollan los d\u00edas11 y 12 de abril&nbsp;en el&nbsp;Palacio San Mart\u00edn de dicha cartera, sito en Arenales 761 de la Ciudad Aut\u00f3noma de Buenos Aires.<\/p>\n\n\n\n<p>El objetivo del evento es generar un espacio de debate, intercambio de experiencias y concepci\u00f3n de v\u00ednculos entre responsables de los ejecutivos municipales y actores intervinientes en el an\u00e1lisis, gesti\u00f3n y proyecci\u00f3n de la Pol\u00edtica Exterior de la Naci\u00f3n, as\u00ed como de representaciones diplom\u00e1ticas argentinas en el exterior y representaciones extranjeras acreditadas en nuestro pa\u00eds. De este modo, la Canciller\u00eda brinda visibilidad a las herramientas que posee a la hora de potenciar la gesti\u00f3n internacional de los municipios, en l\u00ednea con los criterios de coherencia y unicidad y los lineamientos definidos por la Pol\u00edtica Exterior de la Naci\u00f3n, contemplando la reducci\u00f3n de las asimetr\u00edas y desequilibrios existentes entre las localidades.<\/p>\n\n\n\n<h2 class=\"wp-block-heading alignfull has-text-align-center has-background\" style=\"background-color:#55f26c\"><strong><u>INCENTIVOS PARA LA FORESTACION RURAL<\/u><\/strong><\/h2>\n\n\n\n<p>En su sede social de la ciudad de Rafaela, la Asociaci\u00f3n Regional para el Desarrollo del Departamento Castellanos realiz\u00f3 recientemente una entrega de aportes no reintegrables para plantaci\u00f3n de \u00e1rboles en el medio rural a productores agropecuarios, entre ellos tres explotaciones del distrito Ramona.<\/p>\n\n\n\n<p>Dicha entrega cont\u00f3 con la presencia del Senador Provincial Alcides Calvo, del Secretario de Desarrollo Territorial y Arraigo de la Provincia, Fabricio Medina y autoridades del organismo y se enmarca dentro de las l\u00edneas de la asistencia por Emergencia Agropecuaria que la Secretar\u00eda de Agricultura, Ganader\u00eda y Pesca de la Naci\u00f3n transfiri\u00f3 al gobierno de Santa Fe. Esta asistencia financiera permitir\u00e1 a los beneficiarios la compra de \u00e1rboles para la implementaci\u00f3n de cortinas forestales, montes de reparo, implementaci\u00f3n de sistemas silvopastoriles y otras acciones, tendientes a incrementar la cobertura vegetal y ampliar los efectos beneficiosos que la misma genera.<\/p>\n\n\n\n<h2 class=\"wp-block-heading alignfull has-text-align-center has-background\" style=\"background-color:#55f26c\"><strong><u>APORTE PARA EL SAMCO<\/u><\/strong><\/h2>\n\n\n\n<p>Cumpliendo con el debido reintegro de los recursos recaudados por el organismo comunal en concepto de Tasa Asistencial, el Presidente Comunal Jos\u00e9 Barbero, efectu\u00f3 la entrega de la suma de $ 270.340 con el prop\u00f3sito de aportar al financiamiento y garantizar la continuidad de la prestaci\u00f3n de servicios esenciales de salud.<\/p>\n\n\n\n<p>Conforme lo establece la Ordenanza Tributaria vigente, este concepto tributario integra la Tasa General de Inmuebles Urbanos, y mediante \u00e9l, la comunidad solidariamente aporta al sostenimiento de la salud, la seguridad p\u00fablica y a las entidades que localmente brindan dichos servicios.&nbsp;&nbsp;<\/p>\n\n\n<div class=\"wp-block-image\">\n<figure class=\"aligncenter size-full is-resized\"><img loading=\"lazy\" decoding=\"async\" width=\"1280\" height=\"829\" src=\"https:\/\/elcristaldigital.org\/wp-content\/uploads\/2023\/04\/Jose-Barbero-Abril-2023.jpeg\" alt=\"\" class=\"wp-image-1478\" style=\"width:512px;height:332px\" srcset=\"https:\/\/elcristaldigital.org\/wp-content\/uploads\/2023\/04\/Jose-Barbero-Abril-2023.jpeg 1280w, https:\/\/elcristaldigital.org\/wp-content\/uploads\/2023\/04\/Jose-Barbero-Abril-2023-300x194.jpeg 300w, https:\/\/elcristaldigital.org\/wp-content\/uploads\/2023\/04\/Jose-Barbero-Abril-2023-768x497.jpeg 768w, https:\/\/elcristaldigital.org\/wp-content\/uploads\/2023\/04\/Jose-Barbero-Abril-2023-1200x777.jpeg 1200w\" sizes=\"auto, (max-width: 1280px) 100vw, 1280px\" \/><\/figure>\n<\/div>\n\n\n<p><\/p>\n","protected":false},"excerpt":{"rendered":"<p>REVESTIMIENTO DEL CANAL PERIMETRAL Luego de arduos meses de trabajo, se encuentra pr\u00f3xima a concluir esta obra de gran envergadura, con la cual se espera adecuar el sistema de drenaje de aguas pluviales, renovando, por otra parte, notoriamente la urbanidad de un amplio e importante sector. Cabe recordar que la misma incluy\u00f3 limpieza y remoci\u00f3n [&hellip;]<\/p>\n","protected":false},"author":1,"featured_media":0,"parent":0,"menu_order":0,"comment_status":"closed","ping_status":"closed","template":"","meta":{"footnotes":""},"class_list":["post-1461","page","type-page","status-publish","hentry"],"_links":{"self":[{"href":"https:\/\/elcristaldigital.org\/index.php\/wp-json\/wp\/v2\/pages\/1461","targetHints":{"allow":["GET"]}}],"collection":[{"href":"https:\/\/elcristaldigital.org\/index.php\/wp-json\/wp\/v2\/pages"}],"about":[{"href":"https:\/\/elcristaldigital.org\/index.php\/wp-json\/wp\/v2\/types\/page"}],"author":[{"embeddable":true,"href":"https:\/\/elcristaldigital.org\/index.php\/wp-json\/wp\/v2\/users\/1"}],"replies":[{"embeddable":true,"href":"https:\/\/elcristaldigital.org\/index.php\/wp-json\/wp\/v2\/comments?post=1461"}],"version-history":[{"count":5,"href":"https:\/\/elcristaldigital.org\/index.php\/wp-json\/wp\/v2\/pages\/1461\/revisions"}],"predecessor-version":[{"id":1622,"href":"https:\/\/elcristaldigital.org\/index.php\/wp-json\/wp\/v2\/pages\/1461\/revisions\/1622"}],"wp:attachment":[{"href":"https:\/\/elcristaldigital.org\/index.php\/wp-json\/wp\/v2\/media?parent=1461"}],"curies":[{"name":"wp","href":"https:\/\/api.w.org\/{rel}","templated":true}]}}