{"id":1431,"date":"2023-03-24T17:57:25","date_gmt":"2023-03-24T20:57:25","guid":{"rendered":"https:\/\/elcristaldigital.org\/?page_id=1431"},"modified":"2023-03-28T17:56:56","modified_gmt":"2023-03-28T20:56:56","slug":"efemerides-2","status":"publish","type":"page","link":"https:\/\/elcristaldigital.org\/index.php\/efemerides-2\/","title":{"rendered":"Efem\u00e9rides"},"content":{"rendered":"\n<h2 class=\"alignfull has-text-align-center has-background wp-block-heading\" style=\"background-color:#55f26c\">24 MARZO: \u201cD\u00cdA DE LA MEMORIA POR LA VERDAD Y LA JUSTICIA\u201d. 1976 \u2013 2023.<\/h2>\n\n\n\n<p>El d\u00eda jueves 23 de marzo se realiz\u00f3 el acto en la escuela E.E.S.O.P.I N\u00b0 3023 San Jos\u00e9 De Calasanz, sobre el D\u00cdA NACIONAL DE LA MEMORIA POR LA VERDAD Y LA JUSTICIA.<br>Tuvimos una invitada que es ex detenida por la dictadura militar , su nombre es Susana Pagliero. Naci\u00f3 en 1947 en la localidad de Ramona, se mud\u00f3 4 a\u00f1os a San Guillermo y luego se mud\u00f3 a Porte\u00f1a (Cba) donde hizo la educaci\u00f3n primaria y secundaria y actualmente el lugar donde Susana esta viviendo ahora mismo. Estudi\u00f3 ingenier\u00eda qu\u00edmica industrial en la ciudad de c\u00f3rdoba, donde conoci\u00f3 a su marido, Carlos Patrignani, quien estudiaba abogac\u00eda. All\u00ed comienzan juntos su compromiso con la militancia dentro de la agrupaci\u00f3n Vanguardia Comunista.<br>Durante su charla, Susana abord\u00f3 su historia de vida, revelando las huellas de la dictadura. Record\u00f3 que su marido Carlos fue detenido y reclutado a la ciudad de Jujuy. Luego ella fue detenida 13 meses en Jujuy donde fue torturada y violada. Tambi\u00e9n explic\u00f3 como pudo salir de la c\u00e1rcel y su reinserci\u00f3n en la sociedad Porte\u00f1a (Cba), su lucha por los derechos humanos hasta el d\u00eda de hoy y la experiencia de inaugurar la Casa de la Memoria y la Cultura en su localidad. Hoy Susana Pagliero recuerda a su marido que nunca volvi\u00f3.<\/p>\n\n\n<div class=\"wp-block-image\">\n<figure class=\"aligncenter size-large is-resized\"><img loading=\"lazy\" decoding=\"async\" src=\"https:\/\/elcristaldigital.org\/wp-content\/uploads\/2023\/03\/image-3-810x1080.png\" alt=\"\" class=\"wp-image-1439\" width=\"354\" height=\"471\" srcset=\"https:\/\/elcristaldigital.org\/wp-content\/uploads\/2023\/03\/image-3-810x1080.png 810w, https:\/\/elcristaldigital.org\/wp-content\/uploads\/2023\/03\/image-3-225x300.png 225w, https:\/\/elcristaldigital.org\/wp-content\/uploads\/2023\/03\/image-3-768x1024.png 768w, https:\/\/elcristaldigital.org\/wp-content\/uploads\/2023\/03\/image-3-1152x1536.png 1152w, https:\/\/elcristaldigital.org\/wp-content\/uploads\/2023\/03\/image-3.png 1200w\" sizes=\"auto, (max-width: 354px) 100vw, 354px\" \/><\/figure>\n<\/div>\n\n\n<p><\/p>\n","protected":false},"excerpt":{"rendered":"<p>24 MARZO: \u201cD\u00cdA DE LA MEMORIA POR LA VERDAD Y LA JUSTICIA\u201d. 1976 \u2013 2023. El d\u00eda jueves 23 de marzo se realiz\u00f3 el acto en la escuela E.E.S.O.P.I N\u00b0 3023 San Jos\u00e9 De Calasanz, sobre el D\u00cdA NACIONAL DE LA MEMORIA POR LA VERDAD Y LA JUSTICIA.Tuvimos una invitada que es ex detenida por [&hellip;]<\/p>\n","protected":false},"author":1,"featured_media":0,"parent":0,"menu_order":0,"comment_status":"closed","ping_status":"closed","template":"","meta":{"footnotes":""},"class_list":["post-1431","page","type-page","status-publish","hentry"],"_links":{"self":[{"href":"https:\/\/elcristaldigital.org\/index.php\/wp-json\/wp\/v2\/pages\/1431","targetHints":{"allow":["GET"]}}],"collection":[{"href":"https:\/\/elcristaldigital.org\/index.php\/wp-json\/wp\/v2\/pages"}],"about":[{"href":"https:\/\/elcristaldigital.org\/index.php\/wp-json\/wp\/v2\/types\/page"}],"author":[{"embeddable":true,"href":"https:\/\/elcristaldigital.org\/index.php\/wp-json\/wp\/v2\/users\/1"}],"replies":[{"embeddable":true,"href":"https:\/\/elcristaldigital.org\/index.php\/wp-json\/wp\/v2\/comments?post=1431"}],"version-history":[{"count":4,"href":"https:\/\/elcristaldigital.org\/index.php\/wp-json\/wp\/v2\/pages\/1431\/revisions"}],"predecessor-version":[{"id":1445,"href":"https:\/\/elcristaldigital.org\/index.php\/wp-json\/wp\/v2\/pages\/1431\/revisions\/1445"}],"wp:attachment":[{"href":"https:\/\/elcristaldigital.org\/index.php\/wp-json\/wp\/v2\/media?parent=1431"}],"curies":[{"name":"wp","href":"https:\/\/api.w.org\/{rel}","templated":true}]}}