{"id":1395,"date":"2023-03-21T17:54:35","date_gmt":"2023-03-21T20:54:35","guid":{"rendered":"https:\/\/elcristaldigital.org\/?page_id=1395"},"modified":"2023-03-24T14:22:23","modified_gmt":"2023-03-24T17:22:23","slug":"notas-de-opinion-2","status":"publish","type":"page","link":"https:\/\/elcristaldigital.org\/index.php\/notas-de-opinion-2\/","title":{"rendered":"NOTAS DE OPINI\u00d3N"},"content":{"rendered":"\n<h2 class=\"alignfull has-text-align-center has-background wp-block-heading\" style=\"background-color:#55f26c\">TECNOLOG\u00cdA VS JUEGOS<\/h2>\n\n\n\n<p>Los juegos tecnol\u00f3gicos se caracterizan por utilizar tecnolog\u00edas para entretener y ense\u00f1ar a los ni\u00f1os. Una de las principales ventajas de estos juegos es que para los ni\u00f1os es mucho m\u00e1s f\u00e1cil aprender y recordar algo divertido.<\/p>\n\n\n\n<p>El juego es una actividad u ocupaci\u00f3n voluntaria que se realiza atendiendo a reglas libremente aceptadas, pero incondicionalmente seguidas.<\/p>\n\n\n\n<p>Existen muchos tipos de juegos, nos vamos a centrar en uno en especial, los videojuegos.<\/p>\n\n\n\n<p>Los videojuegos son programas de ordenados que conectados a una pantalla o televisi\u00f3n, integren un sistema de video y audio. A trav\u00e9s de este sistema el usuario puede vivir experiencias disfrutando de actividades que en realidad no practicar\u00eda.<\/p>\n\n\n\n<p>Unos de los principales razones por la que se crearon estos videojuegos fue la de proporcionar alegr\u00eda y entretenimiento al mundo.<\/p>\n\n\n\n<p>Sin embargo, los beneficios de estos incluyen en el desarrollo de habilidades como la atenci\u00f3n, la creatividad, la memoria, los idiomas y el trabajo en equipo. Facilitan el aprendizaje de los contenidos educativos y el desarrollo de habilidades cognitivas.<\/p>\n\n\n\n<p>Redactado por Mat\u00edas Berrino<\/p>\n\n\n\n<h2 class=\"alignfull has-text-align-center has-background wp-block-heading\" style=\"background-color:#55f26c\">CINCO NO SON SUFICIENTES&#8230;<\/h2>\n\n\n\n<p>\u00bfNo te parece que el tiempo pasa m\u00e1s lento en la escuela, y no ves la hora de que llegue el recreo? Es un tema que nos genera ansiedad y hace que preguntemos a cada rato \u00bfqu\u00e9 hora es?. Cuando escuchamos el timbre, se puede ver en nuestras caras y en la de nuestros compa\u00f1eros la felicidad de salir al recreo para despejarnos y dejar por un rato de lado la rutina escolar,  aunque este rato no es para nada extenso ya que dura tan solo cinco minutos y no llegamos a ir al ba\u00f1o, tomar agua y hablar con nuestros compa\u00f1eros. Otro tema a tener en cuenta es que somos alrededor de 200 alumnos y a la hora de ir al ba\u00f1o estos se encuentran llenos teniendo as\u00ed que esperar a que se desocupen, y al momento de ir a llenar nuestras botellas o ir atomar agua, tambi\u00e9n hay amontonamiento de gente ya que solo hay dos dispensers, y en esta \u00e9poca del a\u00f1o donde las temperaturas son altas, la necesidad de hidratarnos aumenta. Por esto nosotros opinamos que con cinco minutos m\u00e1s, llegar\u00edamos a satisfacer nuestras necesidades y as\u00ed tambi\u00e9n evitar\u00edamos salir continuamente en el horario de clases, ya que no es algo que les agrade a directivos y docentes<\/p>\n\n\n\n<p>Redactado por Antonella Martinengo y Agostina Imhoff<\/p>\n\n\n\n<h2 class=\"alignfull has-text-align-center has-background wp-block-heading\" style=\"background-color:#55f26c\">\u00a1La Luna suma un nuevo cr\u00e1ter!<\/h2>\n\n\n\n<p>Un grupo de astr\u00f3nomos japoneses logran captar en video el impacto de un meteorito contra la Tierra. El astr\u00f3nomo japon\u00e9s destac\u00f3 que el meteorito cay\u00f3 cerca del cr\u00e1ter Ideler L y cre\u00f3 un nuevo cr\u00e1ter, cuyo di\u00e1metro puede superar los 10 metros.<\/p>\n\n\n\n<p>Esto no es nada peculiar, ya que se estima que, por d\u00eda, m\u00e1s de mil trozos de roca impactan contra nuestro sat\u00e9lite diariamente. Esto a causa de que La Luna no posee una atmosfera que proteja su superficie y desintegre estos objetos como en el caso de la Tierra. Link del video: <a href=\"https:\/\/twitter.com\/dfuji1\/status\/1629260539523403778?ref_src=twsrc%5Etfw%7Ctwcamp%5Etweetembed%7Ctwterm%5E1629261104588398592%7Ctwgr%5E73b82113ef08c35194d8ca5d32530fb5b05e8c90%7Ctwcon%5Es2_&amp;ref_url=https%3A%2F%2Fwww.clarin.com%2Finternacional%2Fcaptan-video-meteorito-estrella-luna-deja-crater-impactante_0_oBCWeJixvp.html\">https:\/\/twitter.com\/dfuji1\/status\/1629260539523403778?ref_src=twsrc%5Etfw%7Ctwcamp%5Etweetembed%7Ctwterm%5E1629261104588398592%7Ctwgr%5E73b82113ef08c35194d8ca5d32530fb5b05e8c90%7Ctwcon%5Es2_&amp;ref_url=https%3A%2F%2Fwww.clarin.com%2Finternacional%2Fcaptan-video-meteorito-estrella-luna-deja-crater-impactante_0_oBCWeJixvp.html<\/a><\/p>\n\n\n\n<p>Redactado por Jerem\u00edas Peretti<\/p>\n\n\n\n<h2 class=\"alignfull has-text-align-center has-background wp-block-heading\" style=\"background-color:#55f26c\">A trav\u00e9s de mi ventana<\/h2>\n\n\n\n<p>Uno de los libros m\u00e1s conocidos de la escritora Ariana Godoy fue llevado a los cines. Como una lectora, ten\u00eda las expectativas a un cierto nivel, pero sinceramente ver la pel\u00edcula fue decepcionante. El cast no ten\u00eda las caracter\u00edsticas f\u00edsicas de los personajes, el contexto en el que se desarrollo no fue el mismo (el libro est\u00e1 situado en Venezuela y la pel\u00edcula fue hecha por espa\u00f1oles), faltaban: personajes, escenas ic\u00f3nicas; y el soundtrack fue horripilante. En fin, esta producci\u00f3n fue un 2\/10.<\/p>\n\n\n\n<p>Redactado por Agostina Sismondi <\/p>\n\n\n\n<h2 class=\"alignfull has-text-align-center has-background wp-block-heading\" style=\"background-color:#55f26c\">Casi \u00c1ngeles &#8211; Novela.<\/h2>\n\n\n\n<p>Desde mi opini\u00f3n personal pienso que cada cap\u00edtulo tiene algo para que aprendas sobre la vida, ya que esta novela te muestra problemas u ocasiones por la que pasan diferentes adolescentes que est\u00e1n en situaci\u00f3n de calle y no cuentan con padres o con alg\u00fan familiar. Me parece que es una novela que por cada cap\u00edtulo que veas te deja algo sobre lo que reflexionar, y a la vez, esta serie te ayuda y te da muchos aprendizajes de vida mostrando por lo que pasa cada adolescente, poniendo un poco de ficci\u00f3n.<br>Es una novela que tiende a ense\u00f1arte a sacar lo bueno de lo malo, a mejorar como persona, a lograr todo lo que te propongas, te muestra distintas versiones sobre el romance, la amistad, temas familiares, sobre el dolor, la venganza y el perd\u00f3n.<br>Al mismo tiempo que transcurren las cuatro temporadas te muestra y ense\u00f1a m\u00e1s a trav\u00e9s de canciones que son creadas por los personajes.<\/p>\n\n\n\n<p>Redactado por Florencia Saluzzo<\/p>\n\n\n\n<h2 class=\"alignfull has-text-align-center has-background wp-block-heading\" style=\"background-color:#55f26c\">\u00bfQU\u00c9 ES EL CRISTAL DIGITAL?<\/h2>\n\n\n\n<p>En nuestra localidad se realizaba un peri\u00f3dico que era presentado en forma de papel, pero a mediados de 2021 decidieron realizarlo de manera digital por causas de seguridad por el COVID-19.<br>En esta nueva plataforma digital se pueden leer diferentes noticias sobre el pueblo, en \u00e9l trabajan un grupo de alumnos de 4to a\u00f1o incluy\u00e9ndome, trabajamos dividi\u00e9ndonos las tareas.<br>Dando esta primera y peque\u00f1a introducci\u00f3n voy a dar mi opini\u00f3n siendo objetiva. Dado a que vivo en carne propia el trabajo que realizamos puedo decir que a veces es un trabajo arduo que lleva varias horas de nuestro tiempo pero que al final del d\u00eda da sus frutos porque el portal siempre recibe nuevas noticias y nunca lo \u201cdejamos estar\u201d, dicho sea de paso decir que no solo se trabaja en el portal sino que tambi\u00e9n se realizan folletos informativos que se reparten una vez al mes por el pueblo y se trabaja con las redes sociales.<br>Todo este trabajo me parece casi impecable pero mi opini\u00f3n concreta es que no estar\u00eda siendo muy le\u00eddo por los habitantes de la localidad ya que las personas que suelen leer el diario son adultos y adultos mayores y estos a veces no suelen tener la tecnolog\u00eda muy incorporada y quiz\u00e1s no les interesa leer las noticias en una plataforma digital, entonces me parece que tener un peri\u00f3dico en papel aumentar\u00eda la cantidad de lectores en \u201cel Cristal\u201d m\u00e1s all\u00e1 que ese proyecto podr\u00eda ser muy costoso para la instituci\u00f3n creer\u00eda que seria lo mejor.<br>Es un gran proyecto el que est\u00e1 en la actualidad y es un gran trabajo el que realizan los alumnos y la profesora a cargo pero debemos pensar en renovarnos constantemente para que tengamos una llegada a los habitantes del pueblo con mayor facilidad.<br>Algo que opino que va a ayudar much\u00edsimo es la capacitaci\u00f3n que va a costear la Comuna ya que los alumnos lo hacen todo su trabajo de forma gratuita y ocupando otras escolares en tener todo completo y muchas veces mas tambi\u00e9n usan horas de su d\u00eda para realizarlos y no tienen ning\u00fan tipo de conocimiento m\u00e1s los que fueron aprendiendo a lo largo de los d\u00edas.<\/p>\n\n\n\n<p>Redactado por Violeta Clausen.<\/p>\n","protected":false},"excerpt":{"rendered":"<p>TECNOLOG\u00cdA VS JUEGOS Los juegos tecnol\u00f3gicos se caracterizan por utilizar tecnolog\u00edas para entretener y ense\u00f1ar a los ni\u00f1os. Una de las principales ventajas de estos juegos es que para los ni\u00f1os es mucho m\u00e1s f\u00e1cil aprender y recordar algo divertido. El juego es una actividad u ocupaci\u00f3n voluntaria que se realiza atendiendo a reglas libremente [&hellip;]<\/p>\n","protected":false},"author":1,"featured_media":0,"parent":0,"menu_order":0,"comment_status":"open","ping_status":"closed","template":"","meta":{"footnotes":""},"class_list":["post-1395","page","type-page","status-publish","hentry"],"_links":{"self":[{"href":"https:\/\/elcristaldigital.org\/index.php\/wp-json\/wp\/v2\/pages\/1395","targetHints":{"allow":["GET"]}}],"collection":[{"href":"https:\/\/elcristaldigital.org\/index.php\/wp-json\/wp\/v2\/pages"}],"about":[{"href":"https:\/\/elcristaldigital.org\/index.php\/wp-json\/wp\/v2\/types\/page"}],"author":[{"embeddable":true,"href":"https:\/\/elcristaldigital.org\/index.php\/wp-json\/wp\/v2\/users\/1"}],"replies":[{"embeddable":true,"href":"https:\/\/elcristaldigital.org\/index.php\/wp-json\/wp\/v2\/comments?post=1395"}],"version-history":[{"count":16,"href":"https:\/\/elcristaldigital.org\/index.php\/wp-json\/wp\/v2\/pages\/1395\/revisions"}],"predecessor-version":[{"id":1428,"href":"https:\/\/elcristaldigital.org\/index.php\/wp-json\/wp\/v2\/pages\/1395\/revisions\/1428"}],"wp:attachment":[{"href":"https:\/\/elcristaldigital.org\/index.php\/wp-json\/wp\/v2\/media?parent=1395"}],"curies":[{"name":"wp","href":"https:\/\/api.w.org\/{rel}","templated":true}]}}