{"id":1386,"date":"2023-03-16T11:38:39","date_gmt":"2023-03-16T14:38:39","guid":{"rendered":"https:\/\/elcristaldigital.org\/?page_id=1386"},"modified":"2023-03-16T11:46:28","modified_gmt":"2023-03-16T14:46:28","slug":"eventos-2","status":"publish","type":"page","link":"https:\/\/elcristaldigital.org\/index.php\/eventos-2\/","title":{"rendered":"Eventos"},"content":{"rendered":"\n<h2 class=\"alignfull has-text-align-center has-background wp-block-heading\" style=\"background-color:#55f26c\">Celebrando la feninidad<\/h2>\n\n\n\n<p>El pasado domingo 12, desde las 19 horas, el Sal\u00f3n del Museo alberg\u00f3 a una gran cantidad de mujeres que se dieron cita para celebrar su d\u00eda, en un evento que cont\u00f3 con regalos, sorpresas, juegos, diversi\u00f3n, karaoke y bailes.<\/p>\n\n\n\n<p>El segmento art\u00edstico estuvo a cargo de la destacada artista Andrea Cravero de la localidad vecina de Colonia Aldao, con un espect\u00e1culo musical representativo. El evento cont\u00f3 con entrada libre y gratuita, invitando a ellas a asistir con los respectivos equipos materos y tazas para acompa\u00f1ar la ocasi\u00f3n con la debida infusi\u00f3n que amenizar\u00e1 el encuentro.<\/p>\n","protected":false},"excerpt":{"rendered":"<p>Celebrando la feninidad El pasado domingo 12, desde las 19 horas, el Sal\u00f3n del Museo alberg\u00f3 a una gran cantidad de mujeres que se dieron cita para celebrar su d\u00eda, en un evento que cont\u00f3 con regalos, sorpresas, juegos, diversi\u00f3n, karaoke y bailes. El segmento art\u00edstico estuvo a cargo de la destacada artista Andrea Cravero [&hellip;]<\/p>\n","protected":false},"author":1,"featured_media":0,"parent":0,"menu_order":0,"comment_status":"closed","ping_status":"closed","template":"","meta":{"footnotes":""},"class_list":["post-1386","page","type-page","status-publish","hentry"],"_links":{"self":[{"href":"https:\/\/elcristaldigital.org\/index.php\/wp-json\/wp\/v2\/pages\/1386","targetHints":{"allow":["GET"]}}],"collection":[{"href":"https:\/\/elcristaldigital.org\/index.php\/wp-json\/wp\/v2\/pages"}],"about":[{"href":"https:\/\/elcristaldigital.org\/index.php\/wp-json\/wp\/v2\/types\/page"}],"author":[{"embeddable":true,"href":"https:\/\/elcristaldigital.org\/index.php\/wp-json\/wp\/v2\/users\/1"}],"replies":[{"embeddable":true,"href":"https:\/\/elcristaldigital.org\/index.php\/wp-json\/wp\/v2\/comments?post=1386"}],"version-history":[{"count":3,"href":"https:\/\/elcristaldigital.org\/index.php\/wp-json\/wp\/v2\/pages\/1386\/revisions"}],"predecessor-version":[{"id":1391,"href":"https:\/\/elcristaldigital.org\/index.php\/wp-json\/wp\/v2\/pages\/1386\/revisions\/1391"}],"wp:attachment":[{"href":"https:\/\/elcristaldigital.org\/index.php\/wp-json\/wp\/v2\/media?parent=1386"}],"curies":[{"name":"wp","href":"https:\/\/api.w.org\/{rel}","templated":true}]}}