{"id":1378,"date":"2023-03-14T00:54:54","date_gmt":"2023-03-14T03:54:54","guid":{"rendered":"https:\/\/elcristaldigital.org\/?page_id=1378"},"modified":"2023-03-16T11:36:49","modified_gmt":"2023-03-16T14:36:49","slug":"educacion-7","status":"publish","type":"page","link":"https:\/\/elcristaldigital.org\/index.php\/educacion-7\/","title":{"rendered":"Educaci\u00f3n"},"content":{"rendered":"\n<h2 class=\"alignfull has-text-align-center has-background wp-block-heading\" style=\"background-color:#55f26c\">Acompa\u00f1amiento familiar &#8211; escolar<\/h2>\n\n\n\n<p>Con el inicio del ciclo lectivo, alumnos de los distintos niveles educativos recibieron \u00fatiles escolares, acci\u00f3n articulada desde el \u00c1rea Social para garantizar que cada ni\u00f1o pueda disponer de la totalidad de sus menesteres, conforme la exigencia.<\/p>\n\n\n\n<p>De esta manera, cada estudiante recibi\u00f3 cuadernos, l\u00e1pices, carpetas, repuestos y dem\u00e1s materiales necesarios para comenzar el a\u00f1o y colaboraci\u00f3n para su adecuada disposici\u00f3n.<\/p>\n\n\n\n<p>Habiendo asumido el compromiso de velar por la revinculaci\u00f3n pedag\u00f3gica en el marco del programa \u201cTodas las chicas y los chicos en la Escuela\u201d del Ministerio de Educaci\u00f3n de la Provincia, se adoptan medidas concretas para eliminar los obst\u00e1culos que permitan alcanzar ese objetivo.<\/p>\n","protected":false},"excerpt":{"rendered":"<p>Acompa\u00f1amiento familiar &#8211; escolar Con el inicio del ciclo lectivo, alumnos de los distintos niveles educativos recibieron \u00fatiles escolares, acci\u00f3n articulada desde el \u00c1rea Social para garantizar que cada ni\u00f1o pueda disponer de la totalidad de sus menesteres, conforme la exigencia. De esta manera, cada estudiante recibi\u00f3 cuadernos, l\u00e1pices, carpetas, repuestos y dem\u00e1s materiales necesarios [&hellip;]<\/p>\n","protected":false},"author":1,"featured_media":0,"parent":0,"menu_order":0,"comment_status":"closed","ping_status":"closed","template":"","meta":{"footnotes":""},"class_list":["post-1378","page","type-page","status-publish","hentry"],"_links":{"self":[{"href":"https:\/\/elcristaldigital.org\/index.php\/wp-json\/wp\/v2\/pages\/1378","targetHints":{"allow":["GET"]}}],"collection":[{"href":"https:\/\/elcristaldigital.org\/index.php\/wp-json\/wp\/v2\/pages"}],"about":[{"href":"https:\/\/elcristaldigital.org\/index.php\/wp-json\/wp\/v2\/types\/page"}],"author":[{"embeddable":true,"href":"https:\/\/elcristaldigital.org\/index.php\/wp-json\/wp\/v2\/users\/1"}],"replies":[{"embeddable":true,"href":"https:\/\/elcristaldigital.org\/index.php\/wp-json\/wp\/v2\/comments?post=1378"}],"version-history":[{"count":3,"href":"https:\/\/elcristaldigital.org\/index.php\/wp-json\/wp\/v2\/pages\/1378\/revisions"}],"predecessor-version":[{"id":1385,"href":"https:\/\/elcristaldigital.org\/index.php\/wp-json\/wp\/v2\/pages\/1378\/revisions\/1385"}],"wp:attachment":[{"href":"https:\/\/elcristaldigital.org\/index.php\/wp-json\/wp\/v2\/media?parent=1378"}],"curies":[{"name":"wp","href":"https:\/\/api.w.org\/{rel}","templated":true}]}}