{"id":1366,"date":"2023-03-14T00:12:32","date_gmt":"2023-03-14T03:12:32","guid":{"rendered":"https:\/\/elcristaldigital.org\/?page_id=1366"},"modified":"2023-03-14T00:49:46","modified_gmt":"2023-03-14T03:49:46","slug":"gestion-comunal-7","status":"publish","type":"page","link":"https:\/\/elcristaldigital.org\/index.php\/gestion-comunal-7\/","title":{"rendered":"Gesti\u00f3n Comunal"},"content":{"rendered":"\n<h2 class=\"alignfull has-text-align-center has-background wp-block-heading\" style=\"background-color:#55f26c\">Barbero expuso en la Asamblea de la RAMCC<\/h2>\n\n\n\n<p>Como ocurre cada a\u00f1o, la Red de Argentina de Municipios frente al Cambio Clim\u00e1tico desarroll\u00f3 su Asamblea Anual de intendentes en la ciudad de San Mart\u00edn de los Andes, convocando a casi un centenar de municipios con una amplia agenda que incluy\u00f3 rondas sobre educaci\u00f3n ambiental, GIRSU, gesti\u00f3n h\u00eddrica y saneamiento, mitigaci\u00f3n, adaptaci\u00f3n, econom\u00eda circular, empleos verdes, movilidad sostenible y financiamiento.<\/p>\n\n\n\n<p>El Presidente Comunal Jos\u00e9 Barbero asisti\u00f3 al c\u00f3nclave tomando participaci\u00f3n en la mesa sobre mitigaci\u00f3n, realizada en el Centro Cultural COTESMA, informando sobre la experiencia de transici\u00f3n hacia la energ\u00eda solar en la producci\u00f3n de agua potable para consumo, despertando el inter\u00e9s de los presentes y compartiendo con los jefes comunales de las localidades de Maggiolo de la provincia de Santa Fe y Camilo Aldao de la provincia de C\u00f3rdoba.<\/p>\n\n\n\n<p>La convenci\u00f3n cont\u00f3 con un programa de dos jornadas intensas de intercambio y formaci\u00f3n en la que los alcaldes socializaron buenas pr\u00e1cticas en la materia, pudieron vincularse con autoridades nacionales de los Ministerios de Ambiente, Turismo, Econom\u00eda y Relaciones Exteriores, representantes de organismos internacionales como Naciones Unidas, Uni\u00f3n Europea y el Banco Interamericano de Desarrollo y proveedores de equipamiento e insumos vinculados a la tem\u00e1tica.<\/p>\n\n\n\n<figure class=\"wp-block-image size-full\"><img loading=\"lazy\" decoding=\"async\" width=\"1280\" height=\"960\" src=\"https:\/\/elcristaldigital.org\/wp-content\/uploads\/2023\/03\/image.png\" alt=\"\" class=\"wp-image-1374\" srcset=\"https:\/\/elcristaldigital.org\/wp-content\/uploads\/2023\/03\/image.png 1280w, https:\/\/elcristaldigital.org\/wp-content\/uploads\/2023\/03\/image-300x225.png 300w, https:\/\/elcristaldigital.org\/wp-content\/uploads\/2023\/03\/image-768x576.png 768w, https:\/\/elcristaldigital.org\/wp-content\/uploads\/2023\/03\/image-1200x900.png 1200w\" sizes=\"auto, (max-width: 1280px) 100vw, 1280px\" \/><\/figure>\n\n\n\n<h2 class=\"alignfull has-text-align-center has-background wp-block-heading\" style=\"background-color:#55f26c\">Audiencia con autoridades nacionales<\/h2>\n\n\n\n<p>Aprovechando la presencia de la Directora Nacional de Cambio Clim\u00e1tico del Ministerio de Ambiente de la Naci\u00f3n, Ing. Florencia Micthell, el mandatario ramonense concert\u00f3 un encuentro en el cual, ambos pudieron acordar un trabajo a futuro entre el equipo municipal y las respectivas \u00e1reas del organismo nacional.<\/p>\n\n\n\n<p>La funcionaria detall\u00f3 estrategias y herramientas federales para la implementaci\u00f3n de la acci\u00f3n clim\u00e1tica y las posibilidades de financiamiento vigentes para la concreci\u00f3n de las acciones que forman parte del Plan Local de Acci\u00f3n Clim\u00e1tica.<\/p>\n\n\n\n<p>En el ameno encuentro se acord\u00f3 la continuidad de la labor pautando un intercambio y una eventual audiencia con los responsables t\u00e9cnicos y administrativos de las correspondientes dependencias en la sede del Ministerio en Capital Federal.<\/p>\n\n\n<div class=\"wp-block-image\">\n<figure class=\"aligncenter size-large is-resized\"><img loading=\"lazy\" decoding=\"async\" src=\"https:\/\/elcristaldigital.org\/wp-content\/uploads\/2023\/03\/image-1-524x1080.png\" alt=\"\" class=\"wp-image-1375\" width=\"346\" height=\"713\" srcset=\"https:\/\/elcristaldigital.org\/wp-content\/uploads\/2023\/03\/image-1-524x1080.png 524w, https:\/\/elcristaldigital.org\/wp-content\/uploads\/2023\/03\/image-1-146x300.png 146w, https:\/\/elcristaldigital.org\/wp-content\/uploads\/2023\/03\/image-1-768x1581.png 768w, https:\/\/elcristaldigital.org\/wp-content\/uploads\/2023\/03\/image-1-746x1536.png 746w, https:\/\/elcristaldigital.org\/wp-content\/uploads\/2023\/03\/image-1.png 777w\" sizes=\"auto, (max-width: 346px) 100vw, 346px\" \/><\/figure>\n<\/div>\n\n\n<h2 class=\"alignfull has-text-align-center has-background wp-block-heading\" style=\"background-color:#55f26c\">Pintura de sendas peatonales<\/h2>\n\n\n\n<p>Con el objetivo de lograr un ordenamiento vehicular, promover el respeto a las normas viales y reducir la contingencia de siniestros, la Comuna aplica labores destinadas a mejorar la se\u00f1alizaci\u00f3n horizontal, vertical y se\u00f1al\u00e9tica urbana.<\/p>\n\n\n\n<p>Espec\u00edficamente, se cumpli\u00f3 con la demarcaci\u00f3n vial de sendas peatonales y lomos de burro ubicados en la zona urbana de la localidad.<\/p>\n\n\n\n<p>Esta medida se propone prevenir accidentes viales y tiene una gran importancia, ya que brindan mayor seguridad a los peatones, y concientizan a los conductores que el derecho de paso en las intersecciones de calles corresponde a aquellos.<\/p>\n\n\n<div class=\"wp-block-image\">\n<figure class=\"aligncenter size-large is-resized\"><img loading=\"lazy\" decoding=\"async\" src=\"https:\/\/elcristaldigital.org\/wp-content\/uploads\/2023\/03\/image-2-524x1080.png\" alt=\"\" class=\"wp-image-1376\" width=\"359\" height=\"740\" srcset=\"https:\/\/elcristaldigital.org\/wp-content\/uploads\/2023\/03\/image-2-524x1080.png 524w, https:\/\/elcristaldigital.org\/wp-content\/uploads\/2023\/03\/image-2-146x300.png 146w, https:\/\/elcristaldigital.org\/wp-content\/uploads\/2023\/03\/image-2.png 621w\" sizes=\"auto, (max-width: 359px) 100vw, 359px\" \/><\/figure>\n<\/div>","protected":false},"excerpt":{"rendered":"<p>Barbero expuso en la Asamblea de la RAMCC Como ocurre cada a\u00f1o, la Red de Argentina de Municipios frente al Cambio Clim\u00e1tico desarroll\u00f3 su Asamblea Anual de intendentes en la ciudad de San Mart\u00edn de los Andes, convocando a casi un centenar de municipios con una amplia agenda que incluy\u00f3 rondas sobre educaci\u00f3n ambiental, GIRSU, [&hellip;]<\/p>\n","protected":false},"author":1,"featured_media":0,"parent":0,"menu_order":0,"comment_status":"closed","ping_status":"closed","template":"","meta":{"footnotes":""},"class_list":["post-1366","page","type-page","status-publish","hentry"],"_links":{"self":[{"href":"https:\/\/elcristaldigital.org\/index.php\/wp-json\/wp\/v2\/pages\/1366","targetHints":{"allow":["GET"]}}],"collection":[{"href":"https:\/\/elcristaldigital.org\/index.php\/wp-json\/wp\/v2\/pages"}],"about":[{"href":"https:\/\/elcristaldigital.org\/index.php\/wp-json\/wp\/v2\/types\/page"}],"author":[{"embeddable":true,"href":"https:\/\/elcristaldigital.org\/index.php\/wp-json\/wp\/v2\/users\/1"}],"replies":[{"embeddable":true,"href":"https:\/\/elcristaldigital.org\/index.php\/wp-json\/wp\/v2\/comments?post=1366"}],"version-history":[{"count":3,"href":"https:\/\/elcristaldigital.org\/index.php\/wp-json\/wp\/v2\/pages\/1366\/revisions"}],"predecessor-version":[{"id":1377,"href":"https:\/\/elcristaldigital.org\/index.php\/wp-json\/wp\/v2\/pages\/1366\/revisions\/1377"}],"wp:attachment":[{"href":"https:\/\/elcristaldigital.org\/index.php\/wp-json\/wp\/v2\/media?parent=1366"}],"curies":[{"name":"wp","href":"https:\/\/api.w.org\/{rel}","templated":true}]}}