{"id":1343,"date":"2023-02-02T00:40:16","date_gmt":"2023-02-02T03:40:16","guid":{"rendered":"https:\/\/elcristaldigital.org\/?page_id=1343"},"modified":"2023-02-02T01:12:36","modified_gmt":"2023-02-02T04:12:36","slug":"instituciones-5","status":"publish","type":"page","link":"https:\/\/elcristaldigital.org\/index.php\/instituciones-5\/","title":{"rendered":"Instituciones"},"content":{"rendered":"\n<h2 class=\"alignfull has-text-align-center has-background wp-block-heading\" style=\"background-color:#55f26c\">Aporte a instituciones<\/h2>\n\n\n\n<p>El mandatario ramonense hizo entrega de un aporte econ\u00f3mico a dirigentes del Grupo Scout San Ram\u00f3n con el objeto de contribuir a costear gastos de movilidad para su campamento anual. El mismo se llev\u00f3 a cabo en la ciudad cordobesa de Alta Gracia, y se encuentra comprendido en el plan de actividades de la referida agrupaci\u00f3n.<br>El objetivo de esta actividad se centra en el fortalecimiento de la amistad y el esp\u00edritu religioso de los asistentes, como tambi\u00e9n fomentar en ellos el respeto y la interrelaci\u00f3n con la naturaleza, aplicando los conocimientos adquiridos durante el a\u00f1o.<br>Con este aporte, la Comuna promueve este tipo de iniciativas de inter\u00e9s comunitario, correspondiendo reconocer y felicitar a todo el equipo organizador por el \u00e9xito logrado.<br>traslado de los miembros de la Escuela de Danzas \u201cLa Salamanca\u201d que, por segunda vez, intervino en la 63\u00ba edici\u00f3n del Festival Folklore de Cosqu\u00edn, en su edici\u00f3n 2023, recientemente finalizada.<br>La agrupaci\u00f3n se presentar\u00e1 en el \u201cPatio del Festival\u201d, acompa\u00f1ando a los artistas del escenario central y en la \u201cPe\u00f1a Oficial del Festival\u201d interviniendo en parte del auditorio principal.<\/p>\n\n\n\n<figure class=\"wp-block-image size-full\"><img loading=\"lazy\" decoding=\"async\" width=\"1280\" height=\"694\" src=\"https:\/\/elcristaldigital.org\/wp-content\/uploads\/2023\/02\/image-7.png\" alt=\"\" class=\"wp-image-1354\" srcset=\"https:\/\/elcristaldigital.org\/wp-content\/uploads\/2023\/02\/image-7.png 1280w, https:\/\/elcristaldigital.org\/wp-content\/uploads\/2023\/02\/image-7-300x163.png 300w, https:\/\/elcristaldigital.org\/wp-content\/uploads\/2023\/02\/image-7-768x416.png 768w, https:\/\/elcristaldigital.org\/wp-content\/uploads\/2023\/02\/image-7-1200x651.png 1200w\" sizes=\"auto, (max-width: 1280px) 100vw, 1280px\" \/><\/figure>\n","protected":false},"excerpt":{"rendered":"<p>Aporte a instituciones El mandatario ramonense hizo entrega de un aporte econ\u00f3mico a dirigentes del Grupo Scout San Ram\u00f3n con el objeto de contribuir a costear gastos de movilidad para su campamento anual. El mismo se llev\u00f3 a cabo en la ciudad cordobesa de Alta Gracia, y se encuentra comprendido en el plan de actividades [&hellip;]<\/p>\n","protected":false},"author":1,"featured_media":0,"parent":0,"menu_order":0,"comment_status":"closed","ping_status":"closed","template":"","meta":{"footnotes":""},"class_list":["post-1343","page","type-page","status-publish","hentry"],"_links":{"self":[{"href":"https:\/\/elcristaldigital.org\/index.php\/wp-json\/wp\/v2\/pages\/1343","targetHints":{"allow":["GET"]}}],"collection":[{"href":"https:\/\/elcristaldigital.org\/index.php\/wp-json\/wp\/v2\/pages"}],"about":[{"href":"https:\/\/elcristaldigital.org\/index.php\/wp-json\/wp\/v2\/types\/page"}],"author":[{"embeddable":true,"href":"https:\/\/elcristaldigital.org\/index.php\/wp-json\/wp\/v2\/users\/1"}],"replies":[{"embeddable":true,"href":"https:\/\/elcristaldigital.org\/index.php\/wp-json\/wp\/v2\/comments?post=1343"}],"version-history":[{"count":3,"href":"https:\/\/elcristaldigital.org\/index.php\/wp-json\/wp\/v2\/pages\/1343\/revisions"}],"predecessor-version":[{"id":1355,"href":"https:\/\/elcristaldigital.org\/index.php\/wp-json\/wp\/v2\/pages\/1343\/revisions\/1355"}],"wp:attachment":[{"href":"https:\/\/elcristaldigital.org\/index.php\/wp-json\/wp\/v2\/media?parent=1343"}],"curies":[{"name":"wp","href":"https:\/\/api.w.org\/{rel}","templated":true}]}}