{"id":1342,"date":"2023-02-02T00:40:16","date_gmt":"2023-02-02T03:40:16","guid":{"rendered":"https:\/\/elcristaldigital.org\/?page_id=1342"},"modified":"2023-02-02T00:56:58","modified_gmt":"2023-02-02T03:56:58","slug":"turismo","status":"publish","type":"page","link":"https:\/\/elcristaldigital.org\/index.php\/turismo\/","title":{"rendered":"Turismo"},"content":{"rendered":"\n<h2 class=\"alignfull has-text-align-center has-background wp-block-heading\" style=\"background-color:#55f26c\">Reuni\u00f3n con agentes tur\u00edsticos<\/h2>\n\n\n\n<p>Con la participaci\u00f3n de titulares de alojamientos, productores agropecuarios que forman parte del grupo de Turismo Rural, el coordinador del mismo, Danilo Ferrero y el Presidente Comunal Jos\u00e9 Barbero, se concret\u00f3 una reuni\u00f3n orientada a planificar un a\u00f1o 2023 de enorme expectativa para el desarrollo tur\u00edstico local.<br>La intenci\u00f3n del encuentro fue programar actividades que convoquen visitantes que puedan pernoctar en la localidad para poder disfrutar de sus atractivos y, adem\u00e1s, participar de eventos tradicionales y caracter\u00edsticos, como la Fiesta Provincial de los Ravioles y el circuito de las capillas rurales, entre los m\u00e1s importantes.<br>Adem\u00e1s, de la jornada de trabajo, surgieron propuestas de nuevos eventos, acciones de promoci\u00f3n de los circuitos vigentes y la difusi\u00f3n de los atractivos entre los vecinos de la localidad para generar su apropiaci\u00f3n y convicci\u00f3n de poder ser un verdadero destino de inter\u00e9s.<\/p>\n\n\n\n<figure class=\"wp-block-image size-full\"><img loading=\"lazy\" decoding=\"async\" width=\"540\" height=\"540\" src=\"https:\/\/elcristaldigital.org\/wp-content\/uploads\/2023\/02\/image-6.png\" alt=\"\" class=\"wp-image-1351\" srcset=\"https:\/\/elcristaldigital.org\/wp-content\/uploads\/2023\/02\/image-6.png 540w, https:\/\/elcristaldigital.org\/wp-content\/uploads\/2023\/02\/image-6-300x300.png 300w, https:\/\/elcristaldigital.org\/wp-content\/uploads\/2023\/02\/image-6-150x150.png 150w\" sizes=\"auto, (max-width: 540px) 100vw, 540px\" \/><\/figure>\n","protected":false},"excerpt":{"rendered":"<p>Reuni\u00f3n con agentes tur\u00edsticos Con la participaci\u00f3n de titulares de alojamientos, productores agropecuarios que forman parte del grupo de Turismo Rural, el coordinador del mismo, Danilo Ferrero y el Presidente Comunal Jos\u00e9 Barbero, se concret\u00f3 una reuni\u00f3n orientada a planificar un a\u00f1o 2023 de enorme expectativa para el desarrollo tur\u00edstico local.La intenci\u00f3n del encuentro fue [&hellip;]<\/p>\n","protected":false},"author":1,"featured_media":0,"parent":0,"menu_order":0,"comment_status":"closed","ping_status":"closed","template":"","meta":{"footnotes":""},"class_list":["post-1342","page","type-page","status-publish","hentry"],"_links":{"self":[{"href":"https:\/\/elcristaldigital.org\/index.php\/wp-json\/wp\/v2\/pages\/1342","targetHints":{"allow":["GET"]}}],"collection":[{"href":"https:\/\/elcristaldigital.org\/index.php\/wp-json\/wp\/v2\/pages"}],"about":[{"href":"https:\/\/elcristaldigital.org\/index.php\/wp-json\/wp\/v2\/types\/page"}],"author":[{"embeddable":true,"href":"https:\/\/elcristaldigital.org\/index.php\/wp-json\/wp\/v2\/users\/1"}],"replies":[{"embeddable":true,"href":"https:\/\/elcristaldigital.org\/index.php\/wp-json\/wp\/v2\/comments?post=1342"}],"version-history":[{"count":3,"href":"https:\/\/elcristaldigital.org\/index.php\/wp-json\/wp\/v2\/pages\/1342\/revisions"}],"predecessor-version":[{"id":1352,"href":"https:\/\/elcristaldigital.org\/index.php\/wp-json\/wp\/v2\/pages\/1342\/revisions\/1352"}],"wp:attachment":[{"href":"https:\/\/elcristaldigital.org\/index.php\/wp-json\/wp\/v2\/media?parent=1342"}],"curies":[{"name":"wp","href":"https:\/\/api.w.org\/{rel}","templated":true}]}}