{"id":1330,"date":"2023-02-02T00:16:20","date_gmt":"2023-02-02T03:16:20","guid":{"rendered":"https:\/\/elcristaldigital.org\/?page_id=1330"},"modified":"2023-02-02T01:19:38","modified_gmt":"2023-02-02T04:19:38","slug":"deportes-8","status":"publish","type":"page","link":"https:\/\/elcristaldigital.org\/index.php\/deportes-8\/","title":{"rendered":"Deportes"},"content":{"rendered":"\n<h2 class=\"alignfull has-text-align-center has-background wp-block-heading\" style=\"background-color:#55f26c\">Gran temporada de verano<\/h2>\n\n\n\n<p>Con casi 200 inscriptos, dieron inicio las actividades del tradicional espacio recreativo que cada a\u00f1o se propone brindar a los ni\u00f1os la posibilidad de acceder a actividades formativas y a la pr\u00e1ctica en el medio acu\u00e1tico, destacando, nuevamente, su inclusi\u00f3n al Programa Provincial Colonias de Verano que financia parte del personal docente y dem\u00e1s gastos de funcionamiento, producto de una iniciativa conjunta con la Escuela Primaria N\u00b0 382 y el Centro Cultural y Deportivo.<br>En un ciclo que viene siendo sumamente exitoso y que ha logrado amplia convocatoria en cada una de las propuestas iniciadas, la Colonia tendr\u00e1 horario matutino, mientras que de 15 a 21 horas los asistentes podr\u00e1n disfrutar de pileta libre.<br>El amplio y remozado predio del Complejo Recreativo alberga a cada grupo etario de colonos, ofreciendo una diversidad de actividades posibles en sus dos piletas, play\u00f3n multideportivo, canchas playeras y dem\u00e1s dependencias de servicio.<br>Adem\u00e1s, se abre a las familias que disfrutan del sector de quinchos y la cantina luciendo colmados y en plenitud, demostrando la apropiaci\u00f3n social de dicho espacio, que los ramonenses podemos mostrar con orgullo a los visitantes que lo frecuentan.<\/p>\n\n\n\n<figure class=\"wp-block-image size-full\"><img loading=\"lazy\" decoding=\"async\" width=\"1280\" height=\"575\" src=\"https:\/\/elcristaldigital.org\/wp-content\/uploads\/2023\/02\/image-2.png\" alt=\"\" class=\"wp-image-1336\" srcset=\"https:\/\/elcristaldigital.org\/wp-content\/uploads\/2023\/02\/image-2.png 1280w, https:\/\/elcristaldigital.org\/wp-content\/uploads\/2023\/02\/image-2-300x135.png 300w, https:\/\/elcristaldigital.org\/wp-content\/uploads\/2023\/02\/image-2-768x345.png 768w, https:\/\/elcristaldigital.org\/wp-content\/uploads\/2023\/02\/image-2-1200x539.png 1200w\" sizes=\"auto, (max-width: 1280px) 100vw, 1280px\" \/><\/figure>\n\n\n\n<h2 class=\"alignfull has-text-align-center has-background wp-block-heading\" style=\"background-color:#55f26c\">Visita del supervisor regional a la colonia<\/h2>\n\n\n\n<p>Como ha ocurrido en anteriores ediciones, la Colonia de Verano recibir\u00e1 la visita del Supervisor de Educaci\u00f3n F\u00edsica de la Regi\u00f3n III, Prof. Pablo Giordano, la cual se encuadra en el programa de los Ministerios de Educaci\u00f3n y Desarrollo Social de la Provincia mediante el cual se financia las horas c\u00e1tedras de parte de los docentes responsables.<br>La iniciativa, que ya lleva seis ediciones, es fruto del trabajo mancomunado de la Escuela Primaria N\u00b0 382, el Centro Cultural y Deportivo y la Comuna y ha convocado a m\u00e1s de 180 colonos e intenta brindar a los ni\u00f1os, la posibilidad de acceder a actividades recreativas de verano y la pr\u00e1ctica de actividades en el medio acu\u00e1tico.<\/p>\n","protected":false},"excerpt":{"rendered":"<p>Gran temporada de verano Con casi 200 inscriptos, dieron inicio las actividades del tradicional espacio recreativo que cada a\u00f1o se propone brindar a los ni\u00f1os la posibilidad de acceder a actividades formativas y a la pr\u00e1ctica en el medio acu\u00e1tico, destacando, nuevamente, su inclusi\u00f3n al Programa Provincial Colonias de Verano que financia parte del personal [&hellip;]<\/p>\n","protected":false},"author":1,"featured_media":0,"parent":0,"menu_order":0,"comment_status":"closed","ping_status":"closed","template":"","meta":{"footnotes":""},"class_list":["post-1330","page","type-page","status-publish","hentry"],"_links":{"self":[{"href":"https:\/\/elcristaldigital.org\/index.php\/wp-json\/wp\/v2\/pages\/1330","targetHints":{"allow":["GET"]}}],"collection":[{"href":"https:\/\/elcristaldigital.org\/index.php\/wp-json\/wp\/v2\/pages"}],"about":[{"href":"https:\/\/elcristaldigital.org\/index.php\/wp-json\/wp\/v2\/types\/page"}],"author":[{"embeddable":true,"href":"https:\/\/elcristaldigital.org\/index.php\/wp-json\/wp\/v2\/users\/1"}],"replies":[{"embeddable":true,"href":"https:\/\/elcristaldigital.org\/index.php\/wp-json\/wp\/v2\/comments?post=1330"}],"version-history":[{"count":5,"href":"https:\/\/elcristaldigital.org\/index.php\/wp-json\/wp\/v2\/pages\/1330\/revisions"}],"predecessor-version":[{"id":1357,"href":"https:\/\/elcristaldigital.org\/index.php\/wp-json\/wp\/v2\/pages\/1330\/revisions\/1357"}],"wp:attachment":[{"href":"https:\/\/elcristaldigital.org\/index.php\/wp-json\/wp\/v2\/media?parent=1330"}],"curies":[{"name":"wp","href":"https:\/\/api.w.org\/{rel}","templated":true}]}}