{"id":1317,"date":"2023-02-01T18:49:26","date_gmt":"2023-02-01T21:49:26","guid":{"rendered":"https:\/\/elcristaldigital.org\/?page_id=1317"},"modified":"2023-02-02T02:04:46","modified_gmt":"2023-02-02T05:04:46","slug":"gestion-comunal-6","status":"publish","type":"page","link":"https:\/\/elcristaldigital.org\/index.php\/gestion-comunal-6\/","title":{"rendered":"Gesti\u00f3n Comunal"},"content":{"rendered":"\n<h2 class=\"alignfull has-text-align-center has-background wp-block-heading\" style=\"background-color:#55f26c\">Avances en el revestimiento del canal perimetral<\/h2>\n\n\n\n<p>Con el marcado impulso que le otorga el personal a cargo, las \u00faltimas semanas han evidenciado un importante avance en el plan de trabajo del revestimiento del canal perimetral, una obra de verdadera magnitud y complejidad que renovar\u00e1 notoriamente la urbanidad de un amplio e importante sector.<\/p>\n\n\n\n<p>Fruto de un acuerdo entre el Ministerio de Infraestructura de la Provincia y la Comuna de Ramona las tareas incluyen loza de hormig\u00f3n armado, refuerzos estructurales con vigas y mamposter\u00eda lateral de bloques cemento, adem\u00e1s de cordones y guard rail met\u00e1lico de protecci\u00f3n vial.<\/p>\n\n\n\n<p>El proyecto, si bien tiene una finalidad fundamentalmente h\u00eddrica de optimizar el drenaje de aguas pluviales, impacta en otros aspectos, teniendo en cuenta la traza contigua del desv\u00edo del tr\u00e1nsito pesado, debiendo atender a brindar mayor seguridad a la circulaci\u00f3n vehicular que recorre intensamente su trazado.<\/p>\n\n\n\n<p>Por otra parte, la intervenci\u00f3n permitir\u00e1 eliminar un canal a cielo abierto en el que, durante \u00e9pocas de importantes precipitaciones, se acumulaba el exceso de agua, generando diversos inconvenientes para los vecinos.<\/p>\n\n\n\n<figure class=\"wp-block-image size-full\"><img loading=\"lazy\" decoding=\"async\" width=\"1280\" height=\"704\" src=\"https:\/\/elcristaldigital.org\/wp-content\/uploads\/2023\/02\/image.png\" alt=\"\" class=\"wp-image-1322\" srcset=\"https:\/\/elcristaldigital.org\/wp-content\/uploads\/2023\/02\/image.png 1280w, https:\/\/elcristaldigital.org\/wp-content\/uploads\/2023\/02\/image-300x165.png 300w, https:\/\/elcristaldigital.org\/wp-content\/uploads\/2023\/02\/image-768x422.png 768w, https:\/\/elcristaldigital.org\/wp-content\/uploads\/2023\/02\/image-1200x660.png 1200w\" sizes=\"auto, (max-width: 1280px) 100vw, 1280px\" \/><\/figure>\n\n\n\n<p><\/p>\n\n\n\n<h2 class=\"alignfull has-text-align-center has-background wp-block-heading\" style=\"background-color:#55f26c\">Visita a Centro de Investigaci\u00f3n Provincial<\/h2>\n\n\n\n<p>El Centro de Investigaci\u00f3n y Desarrollo de Cannabis Medicinal, Acuicultura y Agroecolog\u00eda (CIDCaM) es una iniciativa del gobierno provincial que cuenta con sus instalaciones en la localidad de Monte Vera y trabaja en el desarrollo experimental de producciones alternativas como piscicultura, acuicultura y cannabis medicinal.<\/p>\n\n\n\n<p>Junto a su Directora, Biol. Eliana Eberle, el Presidente Comunal Jos\u00e9 Barbero recorri\u00f3 el predio y se interioriz\u00f3 de los detalles de cada uno de los proyectos dise\u00f1ados con el prop\u00f3sito de producci\u00f3n y transferencia de conocimiento que garanticen la accesibilidad de la informaci\u00f3n a toda la sociedad en cada uno de las tem\u00e1ticas.<\/p>\n\n\n\n<p>Particularmente, la acuicultura es un \u00e1rea espec\u00edfica de la hidroponia, pero con un ciclo sostenible que incluye a los peces. En este sistema se le suministra alimento balanceado para peces y el exceso de este m\u00e1s los desechos de los peces, es transformado en nutrientes para las plantas gracias a las bacterias que habitan el sistema. A su vez, las plantas contribuyen a la filtraci\u00f3n del agua y permiten que disminuya la carga de componentes que son t\u00f3xicos para los peces. Por su parte, en relaci\u00f3n al cannabis medicinal, la intenci\u00f3n es disponibilizar, intercambiar y transferir mecanismos y procesos de producci\u00f3n de aceite Cannabis sativa L.<\/p>\n\n\n\n<p>La visita se propuso generar v\u00ednculos institucionales con el organismo dependiente del Ministerio de la Producci\u00f3n para apostar al fortalecimiento del entramado productivo impulsando emprendimientos existentes o generando condiciones para el surgimiento de nuevos en \u00e1reas de enorme actualidad y futuro.<\/p>\n\n\n\n<h2 class=\"alignfull has-text-align-center has-background wp-block-heading\" style=\"background-color:#55f26c\">Convenio con el Ministerio de Infraestructura<\/h2>\n\n\n\n<p>En las oficinas que el Ministerio de Infraestructura de la Provincia posee en Avenida Almirante Brown de la costanera santafesina, el Presidente Comunal junto a la Ministra Silvina Frana, suscribieron un convenio, resultado de una solicitud conjunta con el Senador Alcides Calvo, mediante el cual la gesti\u00f3n provincial del Gobernador Omar Perotti financiar\u00e1, con un aporte no reintegrable, la obra de optimizaci\u00f3n del sistema de tratamiento de agua potable de nuestra localidad en las oficinas que el Ministerio de Infraestructura de la Provincia posee en Avenida Almirante Brown de la costanera santafesina, el Presidente Comunal junto a la Ministra Silvina Frana, suscribieron un convenio mediante el cual el organismo provincial financiar\u00e1 con un aporte no reintegrable la obra de optimizaci\u00f3n del sistema de tratamiento de agua potable de nuestra localidad.<br>El mismo asciende a $ 2.830.949,92 y tendr\u00e1 por fin devolver operatividad a la antigua planta de \u00f3smosis inversa que hab\u00eda quedado fuera de servicio al ser reemplazada por una de mayor caudal y moderna tecnolog\u00eda. La misma servir\u00e1 como complemento, aportando mayor caudal en los per\u00edodos de elevado consumo y permitiendo alternar el uso, en caso de necesidad de tareas de mantenimiento.<br>La gesti\u00f3n exhibe fielmente el inter\u00e9s y la ocupaci\u00f3n de la administraci\u00f3n local por poder brindar un servicio adecuado, entendiendo la importancia del agua de consumo humano en la salud y calidad de vida de la poblaci\u00f3n, contemplado en un plan de mejoras que se viene desarrollando en todo el sistema.<\/p>\n\n\n\n<h2 class=\"alignfull has-text-align-center has-background wp-block-heading\" style=\"background-color:#55f26c\">Ampliaci\u00f3n sistema de videovigilancia<\/h2>\n\n\n\n<p>Desde el municipio ramonense se viene ejecutando acciones concretas a los efectos de mejorar el sistema de seguridad ciudadana, habiendo invertido importantes fondos en la ampliaci\u00f3n del sistema con la ampliaci\u00f3n del n\u00famero de c\u00e1maras y del centro operativo.<br>Las mejoras incluyen la incorporaci\u00f3n de veinte nuevos dispositivos full color LED y sus accesorios, un NVR y discos r\u00edgidos, el tendido de 3500 metros de fibra \u00f3ptica y el resto de los materiales necesarios para su instalaci\u00f3n. Est\u00e1 inversi\u00f3n busca adem\u00e1s de ampliar la cobertura el sistema mejorar el transporte de datos evitando interrupciones que afecten la tarea de monitoreo y aseguren una mejor captaci\u00f3n y almacenamiento de las im\u00e1genes.<br>Fijando a la seguridad como una de las prioridades de gesti\u00f3n, el gobierno del Presidente Comunal Jos\u00e9 Barbero, ha invertido fuertemente en mejorar las herramientas para la aplicaci\u00f3n de estrategias preventivas de delitos y faltas, trabajando coordinadamente con las fuerzas policiales.<\/p>\n\n\n\n<h2 class=\"alignfull has-background wp-block-heading\" style=\"background-color:#55f26c\">Selecci\u00f3n para carnavales argentinos<\/h2>\n\n\n\n<p class=\"has-background-background-color has-background\">En una audiencia concertada con Marina Aranda, Directora de Acci\u00f3n Federal del Ministerio de Cultura de la Naci\u00f3n en la cual se conocieron las diversas l\u00edneas de trabajo de la cartera, la Comuna de Ramona propicio su postulaci\u00f3n al programa Carnavales Argentinos.<br>Este programa, dependiente de la Secretar\u00eda de Gesti\u00f3n Cultural, a cargo de Federico Prieto y su Jefa de Gabinete Eliana Zanini, fue creado para apoyar, promover y visibilizar las celebraciones en todo el territorio argentino y, luego de un proceso de selecci\u00f3n, reconoci\u00f3 a postulantes de diversas latitudes de nuestro pa\u00eds y, en particular, a nueve de la provincia de Santa Fe.<br>Est\u00e1 distinci\u00f3n implica ser destinatario de fondos aportados por el gobierno nacional para financiar gastos organizativos y permitir\u00e1 recuperar un evento social de importante convocatoria y de impacto social, brindando participaci\u00f3n a la comunidad en ese acontecimiento popular.<\/p>\n\n\n\n<figure class=\"wp-block-image size-full\"><img loading=\"lazy\" decoding=\"async\" width=\"960\" height=\"452\" src=\"https:\/\/elcristaldigital.org\/wp-content\/uploads\/2023\/02\/image-8.png\" alt=\"\" class=\"wp-image-1359\" srcset=\"https:\/\/elcristaldigital.org\/wp-content\/uploads\/2023\/02\/image-8.png 960w, https:\/\/elcristaldigital.org\/wp-content\/uploads\/2023\/02\/image-8-300x141.png 300w, https:\/\/elcristaldigital.org\/wp-content\/uploads\/2023\/02\/image-8-768x362.png 768w\" sizes=\"auto, (max-width: 960px) 100vw, 960px\" \/><\/figure>\n\n\n\n<h2 class=\"alignfull has-text-align-center has-background wp-block-heading\" style=\"background-color:#55f26c\">Celebraci\u00f3n 129\u00ba aniversario de Ramona<\/h2>\n\n\n\n<p>En el marco de la agenda de festejos conmemorativos del 129 aniversario de la fundaci\u00f3n de la localidad, el pr\u00f3ximo domingo 29 de enero se desarrollar\u00e1 una serie de actividades previstas para lograr una celebraci\u00f3n acorde a la ocasi\u00f3n.<br>El programa estipula, una feria de artesanos y emprendedores y un espect\u00e1culo musical con entrada libre y gratuita. Las mismas tendr\u00e1n sitio en el predio del Complejo Recreativo y contar\u00e1 con servicio de cantina.<br>En la ocasi\u00f3n feriantes locales expondr\u00e1n sus creaciones en materiales como cuero, tejidos, madera, metales o gastronom\u00eda como espacio de exhibici\u00f3n y comercializaci\u00f3n de su producci\u00f3n, estableciendo canales de contacto y venta con potenciales consumidores.<br>El show art\u00edstico, por su parte, estar\u00e1 a cargo de Victoria Peretti, compositora local formada musicalmente en la Escuela Municipal Remo Pignoni de la ciudad de Rafaela acompa\u00f1ada de su hermano Jerem\u00edas Peretti y Valentino Paredes de la localidad de Porte\u00f1a, y de enorme proyecci\u00f3n la banda de folk-pop \u201cRAZA\u201d, oriunda de San Mart\u00edn de las Escobas, con un repertorio compuesto de canciones cuidadosamente seleccionadas de diversos autores, adem\u00e1s de canciones de su autor\u00eda.<\/p>\n\n\n\n<h2 class=\"alignfull has-text-align-center has-background wp-block-heading\" style=\"background-color:#55f26c\">Curso de conducci\u00f3n eficiente<\/h2>\n\n\n\n<p>Con el prop\u00f3sito de fomentar el uso responsable y eficiente de la energ\u00eda a la hora de conducir veh\u00edculos entre los agentes municipales, con el fin de generar ahorros econ\u00f3micos, as\u00ed como una conciencia al respecto en lo relativo al cuidado del ambiente, personal de la Comuna participa de un taller denominado \u201cUso Responsable de la Energ\u00eda: Conducci\u00f3n eficiente de Veh\u00edculos\u201d y dictado por el Instituto Nacional de la Administraci\u00f3n P\u00fablica.<br>Se trata de una acci\u00f3n pautada en el Plan de Acci\u00f3n contra en Cambio Clim\u00e1tico propone que el participante asimile el impacto del uso de la energ\u00eda en el ambiente, conozca sobre el uso responsable de la energ\u00eda y valore las t\u00e9cnicas que permitan una conducci\u00f3n eficiente de veh\u00edculos.<\/p>\n\n\n\n<h2 class=\"alignfull has-text-align-center has-background wp-block-heading\" style=\"background-color:#55f26c\">Reuni\u00f3n del consorcio ambiental<\/h2>\n\n\n\n<p>Incluido en la agenda de reuniones que peri\u00f3dicamente cumplimenta el Consorcio Ambiental Regi\u00f3n Centro Oeste, tuvo lugar una nueva convocatoria de la que particip\u00f3 el mandatario ramonense.<br>En dicha oportunidad se dio tratamiento a diversas tem\u00e1ticas inherentes a la gesti\u00f3n del ente y acciones a futuro, particularmente en lo que refiere a la gesti\u00f3n de residuos s\u00f3lidos urbanos de cada una de las 18 comunidades integrantes de este espacio de intercambio y dise\u00f1o de pol\u00edticas ambientales.<\/p>\n\n\n\n<h2 class=\"alignfull has-text-align-center has-background wp-block-heading\" style=\"background-color:#55f26c\">Asociaci\u00f3n para el desarrollo<\/h2>\n\n\n\n<p>En la localidad de Santa Clara de Saguier y con la presencia de parte importante de sus miembros, se concret\u00f3 una reuni\u00f3n de la comisi\u00f3n directiva de la Asociaci\u00f3n Regional para el Desarrollo del Departamento Castellanos, de la que particip\u00f3 el Presidente Comunal de Ramona, Jos\u00e9 Barbero en su calidad de s\u00edndico de la referida entidad.<br>Motivo de la misma fue principalmente la instrumentaci\u00f3n la asistencia financiera a sector agropecuario dispuesto por el gobierno provincial en el marco de la emergencia decretada.<br>La Asociaci\u00f3n, se integra por municipios y comunas del Departamento y tiene por objeto propender al est\u00edmulo del sector productivo, a trav\u00e9s de herramientas financieras accesibles orientadas a emprendimientos industriales o agropecuarios.<\/p>\n\n\n\n<h2 class=\"alignfull has-text-align-center has-background wp-block-heading\" style=\"background-color:#55f26c\">Nueva visita de la unidad m\u00f3vil de ANSES<\/h2>\n\n\n\n<p>Reiterando la experiencia concretada durante los \u00faltimos a\u00f1os y por la intermediaci\u00f3n del Senador Alcides Calvo, personal del organismo de la seguridad social atendi\u00f3 la necesidad de asesoramiento por parte de vecinos para la realizaci\u00f3n de los diversos tr\u00e1mites que ante el mismo se gestionan.<br>La unidad m\u00f3vil permite agilizar tr\u00e1mites administrativos, evacuar consultas atinentes a beneficios, prestaciones que brinda la Administraci\u00f3n Nacional y responde al objetivo de acercar la ANSES y sus servicios a la comunidad, evacuando consultas y receptando documentaci\u00f3n, complementando el tr\u00e1mite previo al procesamiento de esa informaci\u00f3n.<\/p>\n\n\n\n<h2 class=\"alignfull has-text-align-center has-background wp-block-heading\" style=\"background-color:#55f26c\">Acciones del \u00e1rea de alimentos<\/h2>\n\n\n\n<p>El \u00c1rea de Alimentos de la Comuna de Ramona viene desarrollando diversas acciones en materia de seguridad y trazabilidad, como aspecto fundamental de la salud p\u00fablica y el desarrollo productivo, ofreciendo garant\u00edas e informaci\u00f3n a todos los eslabones de la cadena agroalimentaria.<br>Entre las tareas cumplimentadas cabe mencionar la habilitaci\u00f3n de Unidades de Transporte con la renovaci\u00f3n de credenciales para el a\u00f1o en curso, la capacitaci\u00f3n en Buenas Pr\u00e1cticas para transportistas, la toma de muestra y control de calidad y diversas campa\u00f1as de informaci\u00f3n dise\u00f1adas por ASSAL, vinculadas a los cuidados a dispensar en temporada estival y la reducci\u00f3n de desperdicios.<\/p>\n\n\n\n<figure class=\"wp-block-image size-full\"><img loading=\"lazy\" decoding=\"async\" width=\"1600\" height=\"738\" src=\"https:\/\/elcristaldigital.org\/wp-content\/uploads\/2023\/02\/image-9.png\" alt=\"\" class=\"wp-image-1361\" srcset=\"https:\/\/elcristaldigital.org\/wp-content\/uploads\/2023\/02\/image-9.png 1600w, https:\/\/elcristaldigital.org\/wp-content\/uploads\/2023\/02\/image-9-300x138.png 300w, https:\/\/elcristaldigital.org\/wp-content\/uploads\/2023\/02\/image-9-768x354.png 768w, https:\/\/elcristaldigital.org\/wp-content\/uploads\/2023\/02\/image-9-1536x708.png 1536w, https:\/\/elcristaldigital.org\/wp-content\/uploads\/2023\/02\/image-9-1200x554.png 1200w\" sizes=\"auto, (max-width: 1600px) 100vw, 1600px\" \/><\/figure>\n","protected":false},"excerpt":{"rendered":"<p>Avances en el revestimiento del canal perimetral Con el marcado impulso que le otorga el personal a cargo, las \u00faltimas semanas han evidenciado un importante avance en el plan de trabajo del revestimiento del canal perimetral, una obra de verdadera magnitud y complejidad que renovar\u00e1 notoriamente la urbanidad de un amplio e importante sector. Fruto [&hellip;]<\/p>\n","protected":false},"author":1,"featured_media":0,"parent":0,"menu_order":0,"comment_status":"closed","ping_status":"closed","template":"","meta":{"footnotes":""},"class_list":["post-1317","page","type-page","status-publish","hentry"],"_links":{"self":[{"href":"https:\/\/elcristaldigital.org\/index.php\/wp-json\/wp\/v2\/pages\/1317","targetHints":{"allow":["GET"]}}],"collection":[{"href":"https:\/\/elcristaldigital.org\/index.php\/wp-json\/wp\/v2\/pages"}],"about":[{"href":"https:\/\/elcristaldigital.org\/index.php\/wp-json\/wp\/v2\/types\/page"}],"author":[{"embeddable":true,"href":"https:\/\/elcristaldigital.org\/index.php\/wp-json\/wp\/v2\/users\/1"}],"replies":[{"embeddable":true,"href":"https:\/\/elcristaldigital.org\/index.php\/wp-json\/wp\/v2\/comments?post=1317"}],"version-history":[{"count":10,"href":"https:\/\/elcristaldigital.org\/index.php\/wp-json\/wp\/v2\/pages\/1317\/revisions"}],"predecessor-version":[{"id":1362,"href":"https:\/\/elcristaldigital.org\/index.php\/wp-json\/wp\/v2\/pages\/1317\/revisions\/1362"}],"wp:attachment":[{"href":"https:\/\/elcristaldigital.org\/index.php\/wp-json\/wp\/v2\/media?parent=1317"}],"curies":[{"name":"wp","href":"https:\/\/api.w.org\/{rel}","templated":true}]}}