{"id":1307,"date":"2023-02-01T18:37:59","date_gmt":"2023-02-01T21:37:59","guid":{"rendered":"https:\/\/elcristaldigital.org\/?page_id=1307"},"modified":"2023-03-24T14:28:10","modified_gmt":"2023-03-24T17:28:10","slug":"titulares","status":"publish","type":"page","link":"https:\/\/elcristaldigital.org\/index.php\/titulares\/","title":{"rendered":"TITULARES"},"content":{"rendered":"\n<h2 class=\"alignfull has-text-align-center has-background wp-block-heading\" style=\"background-color:#5ff26c\">\u00bfPOSIBLE GUERRA NUCLEAR?<\/h2>\n\n\n\n<p>La guerra entre Rusia y Ucrania iniciada el 22 de Febrero de 2022, se trata de un conflicto ya latente desde hace un a\u00f1o despu\u00e9s de que el gobierno ucraniano tomara la decisi\u00f3n de intentar ingresar a la Uni\u00f3n Europea. Algo lo cual no beneficiar\u00eda a Rusia por la cercan\u00eda con la Uni\u00f3n y la p\u00e9rdida de poder sobre Ucrania.<br>Actualmente la invasi\u00f3n a Ucrania est\u00e1 dejando miles de muertos, cr\u00edmenes de guerra intentando ser encubiertos, un gobierno chino comenzando a participar a favor de Rusia, la OTAN enviando cada vez m\u00e1s suministros y en cuanto m\u00e1s tiempo dure la guerra m\u00e1s probabilidad hay de que ambos bandos tengan errores de c\u00e1lculo y en el peor de los casos esto puede desencadenar un conflicto nuclear.<\/p>\n","protected":false},"excerpt":{"rendered":"<p>\u00bfPOSIBLE GUERRA NUCLEAR? La guerra entre Rusia y Ucrania iniciada el 22 de Febrero de 2022, se trata de un conflicto ya latente desde hace un a\u00f1o despu\u00e9s de que el gobierno ucraniano tomara la decisi\u00f3n de intentar ingresar a la Uni\u00f3n Europea. Algo lo cual no beneficiar\u00eda a Rusia por la cercan\u00eda con la [&hellip;]<\/p>\n","protected":false},"author":1,"featured_media":0,"parent":0,"menu_order":0,"comment_status":"closed","ping_status":"closed","template":"","meta":{"footnotes":""},"class_list":["post-1307","page","type-page","status-publish","hentry"],"_links":{"self":[{"href":"https:\/\/elcristaldigital.org\/index.php\/wp-json\/wp\/v2\/pages\/1307","targetHints":{"allow":["GET"]}}],"collection":[{"href":"https:\/\/elcristaldigital.org\/index.php\/wp-json\/wp\/v2\/pages"}],"about":[{"href":"https:\/\/elcristaldigital.org\/index.php\/wp-json\/wp\/v2\/types\/page"}],"author":[{"embeddable":true,"href":"https:\/\/elcristaldigital.org\/index.php\/wp-json\/wp\/v2\/users\/1"}],"replies":[{"embeddable":true,"href":"https:\/\/elcristaldigital.org\/index.php\/wp-json\/wp\/v2\/comments?post=1307"}],"version-history":[{"count":2,"href":"https:\/\/elcristaldigital.org\/index.php\/wp-json\/wp\/v2\/pages\/1307\/revisions"}],"predecessor-version":[{"id":1430,"href":"https:\/\/elcristaldigital.org\/index.php\/wp-json\/wp\/v2\/pages\/1307\/revisions\/1430"}],"wp:attachment":[{"href":"https:\/\/elcristaldigital.org\/index.php\/wp-json\/wp\/v2\/media?parent=1307"}],"curies":[{"name":"wp","href":"https:\/\/api.w.org\/{rel}","templated":true}]}}