{"id":1271,"date":"2022-12-22T19:04:29","date_gmt":"2022-12-22T22:04:29","guid":{"rendered":"https:\/\/elcristaldigital.org\/?page_id=1271"},"modified":"2023-01-11T14:53:40","modified_gmt":"2023-01-11T17:53:40","slug":"gestion-comunal-5","status":"publish","type":"page","link":"https:\/\/elcristaldigital.org\/index.php\/gestion-comunal-5\/","title":{"rendered":"Gesti\u00f3n Comunal"},"content":{"rendered":"\n<h2 class=\"alignfull has-text-align-center has-background wp-block-heading\" style=\"background-color:#49a24a\">Ampliaci\u00f3n de la Planta Potabilizadora<\/h2>\n\n\n\n<p class=\"has-text-align-left\">En respuesta a una solicitud elevada por la Comuna, planteando la necesidad de ampliar la capacidad de producci\u00f3n de la planta de agua potable debido a que el crecimiento demogr\u00e1fico lleva la capacidad instalada a su m\u00e1xima, se suscribi\u00f3 un convenio con el Ministerio de Infraestructura, por el cual se ampliar\u00e1 la producci\u00f3n de l\u00edquido con la puesta en funcionamiento de un nuevo equipo.<\/p>\n\n\n\n<p class=\"has-text-align-left\">El acuerdo fue gestionado ante la Secretar\u00eda de Empresas y Servicios P\u00fablicos, a cargo de Carlos Maina, y se plantea el prop\u00f3sito de cumplir con una debida prestaci\u00f3n del servicio, considerando su trascendencia para la salud y la exigencia de reducir a su m\u00ednima expresi\u00f3n la propagaci\u00f3n de enfermedades de origen y transmisi\u00f3n h\u00eddrica.<\/p>\n\n\n\n<p class=\"has-text-align-left\">Se trata de un aporte no reintegrable superior a los dos millones ochocientos mil pesos que se invertir\u00e1n en la puesta en funcionamiento de los equipos de procesamiento y almacenamiento que sustenten una provisi\u00f3n en cantidad y calidad que le poblaci\u00f3n demanda.<\/p>\n\n\n\n<h2 class=\"alignfull has-text-align-center has-background wp-block-heading\" style=\"background-color:#49a24a\">Aporte de Aprecod<\/h2>\n\n\n\n<p>Con la meta en contribuir al dise\u00f1o, implementaci\u00f3n, seguimiento y evaluaci\u00f3n de planes locales para la prevenci\u00f3n y abordaje de consumos de sustancias la Agencia de Prevenci\u00f3n del Consumo de Drogas (APRECOD) dependiente del Ministerio de Desarrollo Social, efectu\u00f3 la transferencia de partidas a los municipios que integran la red.<\/p>\n\n\n\n<p>Esta acci\u00f3n se plantea afrontar integralmente consumos problem\u00e1ticos, desde la integraci\u00f3n y pluralidad, propiciando iniciativas locales y territoriales, apuntando a tratamientos acordes a cada situaci\u00f3n.<\/p>\n\n\n\n<p>De esta forma, se busca atender la problem\u00e1tica del consumo desde una perspectiva de derechos, la promoci\u00f3n de h\u00e1bitos saludables, la construcci\u00f3n de proyectos de vida y la atenci\u00f3n integral de la salud asentada sobre el trabajo colaborativo de las entidades locales.<\/p>\n\n\n\n<h2 class=\"alignfull has-text-align-center has-background wp-block-heading\" style=\"background-color:#49a24a\">Reuni\u00f3n con Autoridades de la EPE<\/h2>\n\n\n\n<p>Como parte de su habitual agenda de gestiones en la capital provincial, el Presidente Comunal Jos\u00e9 Barbero, se reuni\u00f3 con parte del equipo del Presidente del Directorio de la Empresa Provincial de la Energ\u00eda, Licenciado Mauricio Caussi.<\/p>\n\n\n\n<p>El objeto de la audiencia era el de dar a conocer a las autoridades del organismo, necesidades y proyectos del gobierno local, tales como la ampliaci\u00f3n del alumbrado p\u00fablico y la provisi\u00f3n energ\u00eda a futuros proyectos de urbanizaci\u00f3n.<\/p>\n\n\n\n<p>De este modo, se acord\u00f3 un canal de di\u00e1logo para analizar f\u00e1cticamente la concreci\u00f3n de los mismos y contar, en la medida de lo posible, con el apoyo de la empresa estatal de energ\u00eda.<\/p>\n\n\n\n<figure class=\"wp-block-gallery has-nested-images columns-default is-cropped wp-block-gallery-1 is-layout-flex wp-block-gallery-is-layout-flex\">\n<figure class=\"wp-block-image size-large\"><img loading=\"lazy\" decoding=\"async\" width=\"1280\" height=\"901\" data-id=\"1279\" src=\"https:\/\/elcristaldigital.org\/wp-content\/uploads\/2022\/12\/Jose-Barbero-EPE.jpeg\" alt=\"\" class=\"wp-image-1279\" srcset=\"https:\/\/elcristaldigital.org\/wp-content\/uploads\/2022\/12\/Jose-Barbero-EPE.jpeg 1280w, https:\/\/elcristaldigital.org\/wp-content\/uploads\/2022\/12\/Jose-Barbero-EPE-300x211.jpeg 300w, https:\/\/elcristaldigital.org\/wp-content\/uploads\/2022\/12\/Jose-Barbero-EPE-768x541.jpeg 768w, https:\/\/elcristaldigital.org\/wp-content\/uploads\/2022\/12\/Jose-Barbero-EPE-1200x845.jpeg 1200w\" sizes=\"auto, (max-width: 1280px) 100vw, 1280px\" \/><\/figure>\n<\/figure>\n\n\n\n<h2 class=\"alignfull has-text-align-center has-background wp-block-heading\" style=\"background-color:#49a24a\">Adquisici\u00f3n de Retroexcavadora 0km<\/h2>\n\n\n\n<p>Con recursos provinciales pertenecientes al denominado \u201cFondo de Obras Menores\u201d, creado por Ley N\u00ba 12.385 y que tiene por objeto el financiamiento de inversiones de capital en Municipios y Comunas, ya sea para la ejecuci\u00f3n de obras o adquisici\u00f3n de equipamiento, el gobierno ramonense resolvi\u00f3 la adquisici\u00f3n de una retropala 0 km que se incorpora al renovado parque de maquinarias.<\/p>\n\n\n\n<p>El equipo, una retroexcavadora marca JCB, modelo 3CX, combina resistencia con alta productividad, desempe\u00f1o y eficiencia que la convierten en una de las mejores m\u00e1quinas de prop\u00f3sito general, permitir\u00e1 ampliar el rango de tareas, abriendo la posibilidad de realizar la limpieza de canales, colocaci\u00f3n de alcantarillas, la carga de grande vol\u00famenes y pesos, entre otras labores y servicios.<\/p>\n\n\n\n<p>Adem\u00e1s del financiamiento aportado por el Gobierno provincial, la gesti\u00f3n del Presidente Comunal Jos\u00e9 Barbero, ha comprometido importantes recursos propios, con los que cuenta producto de una administraci\u00f3n atenta y expeditiva ante las necesidades, pero equilibrada en sus decisiones y acciones.<\/p>\n\n\n\n<p>Junto a reciente adquisiciones, la incorporaci\u00f3n de esta maquinaria viene a ampliar y renovar sustancialmente el parque de herramientas, desde la convicci\u00f3n de brindar adecuadas condiciones de trabajo al personal para optimizar las prestaciones del municipio hacia su comunidad.<\/p>\n\n\n\n<h2 class=\"alignfull has-text-align-center has-background wp-block-heading\" style=\"background-color:#49a24a\">Gestiones por gasoducto<\/h2>\n\n\n\n<p>En las oficinas de ENERFE Santa Fe, Gas y Energ\u00edas Renovables SAPEM y junto al Ingeniero Leandro Rodr\u00edguez, Gerente del \u00c1rea T\u00e9cnica Gas de dicha empresa provincial, el Presidente Comunal Jos\u00e9 Barbero se inform\u00f3 de las posibilidades de provisi\u00f3n de ese importante servicio a la localidad, dentro de la planificaci\u00f3n con la que el organismo cuenta, proyectando en la energ\u00eda una ventaja competitiva para las comunidades santafesinas, a trav\u00e9s de gasoductos troncales que lleguen a cada rinc\u00f3n de la bota santafesina.<br>El funcionario detall\u00f3 las opciones de alimentaci\u00f3n que la compa\u00f1\u00eda podr\u00eda disponer mediante un ramal que incluya a varias localidades de este sector de territorio provincial, mientras Barbero remarc\u00f3 la importancia de su concreci\u00f3n.<br>Se trata de una obra de magnitud que puede mejorar sustancialmente la calidad de vida de los vecinos, reduciendo costos en hogares e instituciones, fomentando la creaci\u00f3n de puestos de trabajo, nuevos emprendimientos, inversiones que puede fortalecer el sistema productivo actual y el arraigo en los municipios del interior.<\/p>\n\n\n\n<h2 class=\"alignfull has-text-align-center has-background wp-block-heading\" style=\"background-color:#49a24a\">Inicio de nuevas viviendas<\/h2>\n\n\n\n<p>Producto de un convenio oportunamente suscripto con la Direcci\u00f3n Provincial de Vivienda y Urbanismo, en la localidad de Tacural y con la presencia de su titular, Ing. Edgardo Ragalli y el Senador Alcides Calvo se suscribieron los respectivos contratos de obra para el inicio de dos unidades, mediante la operatoria Vivienda Individuales en Lote Propio, instancia que pr\u00f3ximamente cumplimentar\u00e1n otras tres familias.<br>Se aguarda que a la brevedad se efect\u00fae la trasferencia del anticipo financiero que habilite el comienzo de las tareas constructivas que, en poco tiempo, permitan a cinco nuevas beneficiarias acceder a su propia morada.<br>Atendiendo al d\u00e9ficit habitacional que exhibe la localidad en los \u00faltimos a\u00f1os y las dificultades que el mercado financiero plantea para acceder a alternativas crediticias factibles, la gesti\u00f3n de esta asistencia busca poner a disposici\u00f3n de los grupos familiares herramientas de financiamiento que las acerquen a la construcci\u00f3n de sus hogares.<\/p>\n\n\n\n<figure class=\"wp-block-image size-full\"><img loading=\"lazy\" decoding=\"async\" width=\"1280\" height=\"797\" src=\"https:\/\/elcristaldigital.org\/wp-content\/uploads\/2023\/01\/image.png\" alt=\"\" class=\"wp-image-1289\" srcset=\"https:\/\/elcristaldigital.org\/wp-content\/uploads\/2023\/01\/image.png 1280w, https:\/\/elcristaldigital.org\/wp-content\/uploads\/2023\/01\/image-300x187.png 300w, https:\/\/elcristaldigital.org\/wp-content\/uploads\/2023\/01\/image-768x478.png 768w, https:\/\/elcristaldigital.org\/wp-content\/uploads\/2023\/01\/image-1200x747.png 1200w\" sizes=\"auto, (max-width: 1280px) 100vw, 1280px\" \/><\/figure>\n\n\n\n<h2 class=\"alignfull has-text-align-center has-background wp-block-heading\" style=\"background-color:#49a24a\">Semillas del Programa &#8220;Huerta Familiar Santafesina&#8221;<\/h2>\n\n\n\n<p>A trav\u00e9s de la Secretar\u00eda de Desarrollo Territorial y Arraigo del Ministerio de la Producci\u00f3n, Ciencia y Tecnolog\u00eda, se recibieron kit de semillas correspondientes al referido Programa provincial y pertenecientes a la temporada oto\u00f1o-invierno.<br>Los insumos son acompa\u00f1ados de un folleto con consejos m\u00ednimos aplicables a la preparaci\u00f3n del terreno, la siembra, trasplante y cuidados a considerar para lograr una producci\u00f3n aceptable. Los beneficiarios podr\u00e1n, de esta manera, desarrollar su propia huerta, incorporando alimentos naturales a su alimentaci\u00f3n diaria, principal objetivo del Programa.<\/p>\n","protected":false},"excerpt":{"rendered":"<p>Ampliaci\u00f3n de la Planta Potabilizadora En respuesta a una solicitud elevada por la Comuna, planteando la necesidad de ampliar la capacidad de producci\u00f3n de la planta de agua potable debido a que el crecimiento demogr\u00e1fico lleva la capacidad instalada a su m\u00e1xima, se suscribi\u00f3 un convenio con el Ministerio de Infraestructura, por el cual se [&hellip;]<\/p>\n","protected":false},"author":1,"featured_media":0,"parent":0,"menu_order":0,"comment_status":"closed","ping_status":"closed","template":"","meta":{"footnotes":""},"class_list":["post-1271","page","type-page","status-publish","hentry"],"_links":{"self":[{"href":"https:\/\/elcristaldigital.org\/index.php\/wp-json\/wp\/v2\/pages\/1271","targetHints":{"allow":["GET"]}}],"collection":[{"href":"https:\/\/elcristaldigital.org\/index.php\/wp-json\/wp\/v2\/pages"}],"about":[{"href":"https:\/\/elcristaldigital.org\/index.php\/wp-json\/wp\/v2\/types\/page"}],"author":[{"embeddable":true,"href":"https:\/\/elcristaldigital.org\/index.php\/wp-json\/wp\/v2\/users\/1"}],"replies":[{"embeddable":true,"href":"https:\/\/elcristaldigital.org\/index.php\/wp-json\/wp\/v2\/comments?post=1271"}],"version-history":[{"count":7,"href":"https:\/\/elcristaldigital.org\/index.php\/wp-json\/wp\/v2\/pages\/1271\/revisions"}],"predecessor-version":[{"id":1291,"href":"https:\/\/elcristaldigital.org\/index.php\/wp-json\/wp\/v2\/pages\/1271\/revisions\/1291"}],"wp:attachment":[{"href":"https:\/\/elcristaldigital.org\/index.php\/wp-json\/wp\/v2\/media?parent=1271"}],"curies":[{"name":"wp","href":"https:\/\/api.w.org\/{rel}","templated":true}]}}