{"id":1242,"date":"2022-12-01T16:26:08","date_gmt":"2022-12-01T19:26:08","guid":{"rendered":"https:\/\/elcristaldigital.org\/?page_id=1242"},"modified":"2022-12-22T19:33:19","modified_gmt":"2022-12-22T22:33:19","slug":"educacion-6","status":"publish","type":"page","link":"https:\/\/elcristaldigital.org\/index.php\/educacion-6\/","title":{"rendered":"Educaci\u00f3n"},"content":{"rendered":"\n<h2 class=\"alignwide has-text-align-center has-primary-color has-text-color has-background wp-block-heading\" style=\"background-color:#49a24a\">Ramona presente en el Parlamento Nacional Infantil<\/h2>\n\n\n\n<p>Este 28 de noviembre se desarroll\u00f3 el XXXI Parlamento Nacional Infantil, con modalidad virtual, en el que Ana Martinengo y Bruno Caffaratti, estudiantes de 7mo grado representaron a la Provincia de Santa Fe y a la Comisi\u00f3n &#8220;Valor al trabajo&#8221;, teniendo la alumna el honor de ser seleccionada para izar la bandera nacional y dar lectura, en la sesi\u00f3n, del Proyecto de Declaraci\u00f3n que inclu\u00eda la solicitud de creaci\u00f3n de una Escuela de oficios para J\u00f3venes y Adultos, propuesta que llevaron los ramonenses. Fue el cierre de una valiosa experiencia de varios meses, en el que trabajaron a distancia con diferentes provincias: Buenos Aires, La Rioja, R\u00edo Negro, Chubut y Santiago del Estero y la fundaci\u00f3n Fundal que promueve este tipo de eventos. \u00a1Felicitaciones, Chicos y Docentes por el esfuerzo realizado! Participaron todas las provincias y la escuela de la Base Esperanza en la Ant\u00e1rtida Argentina. Nos emocion\u00f3 compartirlo! Se puede ver el evento completo en este link:<\/p>\n\n\n\n<figure class=\"wp-block-embed is-type-video is-provider-youtube wp-block-embed-youtube wp-embed-aspect-16-9 wp-has-aspect-ratio\"><div class=\"wp-block-embed__wrapper\">\n<iframe loading=\"lazy\" title=\"EVENTO COMPLETO: 28 de noviembre de 2022 - Diputados Argentina\" width=\"580\" height=\"326\" src=\"https:\/\/www.youtube.com\/embed\/T1rEi1Mb8NU?feature=oembed\" frameborder=\"0\" allow=\"accelerometer; autoplay; clipboard-write; encrypted-media; gyroscope; picture-in-picture; web-share\" referrerpolicy=\"strict-origin-when-cross-origin\" allowfullscreen><\/iframe>\n<\/div><\/figure>\n\n\n\n<h2 class=\"alignfull has-text-align-center has-background wp-block-heading\" style=\"background-color:#49a24a\">Talleres educativos<\/h2>\n\n\n\n<p>Las ultimas tres semanas, se llevaron a cabo los siguientes talleres en el NIDO, para los estudiantes de todos los a\u00f1os de la E. E. S. O. P I. 3023:<\/p>\n\n\n\n<ul class=\"wp-block-list\">\n<li>Capacitaci\u00f3n de primeros auxilios.<\/li>\n\n\n\n<li>Taller de ESI, desarrollado por la profesora Romina Lusso de la ciudad de Sunchales.<\/li>\n\n\n\n<li>Taller sobre GROOMING, llevado a cabo por las ramonenses Natalia Franco y Julia Peiretti.<\/li>\n<\/ul>\n","protected":false},"excerpt":{"rendered":"<p>Ramona presente en el Parlamento Nacional Infantil Este 28 de noviembre se desarroll\u00f3 el XXXI Parlamento Nacional Infantil, con modalidad virtual, en el que Ana Martinengo y Bruno Caffaratti, estudiantes de 7mo grado representaron a la Provincia de Santa Fe y a la Comisi\u00f3n &#8220;Valor al trabajo&#8221;, teniendo la alumna el honor de ser seleccionada [&hellip;]<\/p>\n","protected":false},"author":1,"featured_media":0,"parent":0,"menu_order":0,"comment_status":"closed","ping_status":"closed","template":"","meta":{"footnotes":""},"class_list":["post-1242","page","type-page","status-publish","hentry"],"_links":{"self":[{"href":"https:\/\/elcristaldigital.org\/index.php\/wp-json\/wp\/v2\/pages\/1242","targetHints":{"allow":["GET"]}}],"collection":[{"href":"https:\/\/elcristaldigital.org\/index.php\/wp-json\/wp\/v2\/pages"}],"about":[{"href":"https:\/\/elcristaldigital.org\/index.php\/wp-json\/wp\/v2\/types\/page"}],"author":[{"embeddable":true,"href":"https:\/\/elcristaldigital.org\/index.php\/wp-json\/wp\/v2\/users\/1"}],"replies":[{"embeddable":true,"href":"https:\/\/elcristaldigital.org\/index.php\/wp-json\/wp\/v2\/comments?post=1242"}],"version-history":[{"count":4,"href":"https:\/\/elcristaldigital.org\/index.php\/wp-json\/wp\/v2\/pages\/1242\/revisions"}],"predecessor-version":[{"id":1284,"href":"https:\/\/elcristaldigital.org\/index.php\/wp-json\/wp\/v2\/pages\/1242\/revisions\/1284"}],"wp:attachment":[{"href":"https:\/\/elcristaldigital.org\/index.php\/wp-json\/wp\/v2\/media?parent=1242"}],"curies":[{"name":"wp","href":"https:\/\/api.w.org\/{rel}","templated":true}]}}