{"id":1211,"date":"2022-11-10T18:06:59","date_gmt":"2022-11-10T21:06:59","guid":{"rendered":"https:\/\/elcristaldigital.org\/?page_id=1211"},"modified":"2022-11-10T18:10:36","modified_gmt":"2022-11-10T21:10:36","slug":"deportes-6","status":"publish","type":"page","link":"https:\/\/elcristaldigital.org\/index.php\/deportes-6\/","title":{"rendered":"Deportes"},"content":{"rendered":"\n<h4 class=\"has-text-align-center has-background wp-block-heading\" style=\"background-color:#49a24a\">Resultados del Certamen Argentino de Motociclismo<\/h4>\n\n\n\n<p>MINIMOTOS: campe\u00f3n Ian Olmedo.<br>ESCUELA: campe\u00f3n Valentino Rumi.<br>110 cc. MENORES: campe\u00f3n Hip\u00f3lito Martini.<br>110 cc. MAYORES: campe\u00f3n Leonardo Fornero<br>125 GRADUADOS: campe\u00f3n Mat\u00edas Frey<br>125 INTERNACIONAL: campe\u00f3n Juan Mart\u00edn Viganoni.<br>250 INTERNACIONAL: campe\u00f3n Mat\u00edas Frey.<\/p>\n","protected":false},"excerpt":{"rendered":"<p>Resultados del Certamen Argentino de Motociclismo MINIMOTOS: campe\u00f3n Ian Olmedo.ESCUELA: campe\u00f3n Valentino Rumi.110 cc. MENORES: campe\u00f3n Hip\u00f3lito Martini.110 cc. MAYORES: campe\u00f3n Leonardo Fornero125 GRADUADOS: campe\u00f3n Mat\u00edas Frey125 INTERNACIONAL: campe\u00f3n Juan Mart\u00edn Viganoni.250 INTERNACIONAL: campe\u00f3n Mat\u00edas Frey.<\/p>\n","protected":false},"author":1,"featured_media":0,"parent":0,"menu_order":0,"comment_status":"closed","ping_status":"closed","template":"templates\/template-full-width.php","meta":{"footnotes":""},"class_list":["post-1211","page","type-page","status-publish","hentry"],"_links":{"self":[{"href":"https:\/\/elcristaldigital.org\/index.php\/wp-json\/wp\/v2\/pages\/1211","targetHints":{"allow":["GET"]}}],"collection":[{"href":"https:\/\/elcristaldigital.org\/index.php\/wp-json\/wp\/v2\/pages"}],"about":[{"href":"https:\/\/elcristaldigital.org\/index.php\/wp-json\/wp\/v2\/types\/page"}],"author":[{"embeddable":true,"href":"https:\/\/elcristaldigital.org\/index.php\/wp-json\/wp\/v2\/users\/1"}],"replies":[{"embeddable":true,"href":"https:\/\/elcristaldigital.org\/index.php\/wp-json\/wp\/v2\/comments?post=1211"}],"version-history":[{"count":3,"href":"https:\/\/elcristaldigital.org\/index.php\/wp-json\/wp\/v2\/pages\/1211\/revisions"}],"predecessor-version":[{"id":1238,"href":"https:\/\/elcristaldigital.org\/index.php\/wp-json\/wp\/v2\/pages\/1211\/revisions\/1238"}],"wp:attachment":[{"href":"https:\/\/elcristaldigital.org\/index.php\/wp-json\/wp\/v2\/media?parent=1211"}],"curies":[{"name":"wp","href":"https:\/\/api.w.org\/{rel}","templated":true}]}}