{"id":1183,"date":"2022-11-03T18:09:56","date_gmt":"2022-11-03T21:09:56","guid":{"rendered":"https:\/\/elcristaldigital.org\/?page_id=1183"},"modified":"2022-11-10T18:26:36","modified_gmt":"2022-11-10T21:26:36","slug":"educacion-5","status":"publish","type":"page","link":"https:\/\/elcristaldigital.org\/index.php\/educacion-5\/","title":{"rendered":"Educaci\u00f3n"},"content":{"rendered":"\n<h4 class=\"has-text-align-center has-background wp-block-heading\" style=\"background-color:#49a24a\">Cuarta jornada del Taller &#8220;Almas J\u00f3venes&#8221;<\/h4>\n\n\n\n<p>El d\u00eda jueves 3 de Noviembre, alumnos de 4to a\u00f1o llevaron a cabo el encuentro n\u00famero 4 del taller de asueto &#8220;Almas J\u00f3venes&#8221; en Asociaci\u00f3n Renacimiento. En esta ocasi\u00f3n, el grupo de mujeres tuvo la tarea de confeccionar &#8220;atrapasue\u00f1os&#8221; con lanas y elementos llevados desde sus hogares. Tambi\u00e9n, como en todos los encuentros, se comparti\u00f3 el t\u00e9 con tortas. \u00a1Fue otra jornada muy agradable y dichosa!<\/p>\n\n\n\n<figure class=\"wp-block-gallery has-nested-images columns-default is-cropped wp-block-gallery-1 is-layout-flex wp-block-gallery-is-layout-flex\">\n<figure class=\"wp-block-image size-large\"><img loading=\"lazy\" decoding=\"async\" width=\"1440\" height=\"1080\" data-id=\"1228\" src=\"https:\/\/elcristaldigital.org\/wp-content\/uploads\/2022\/11\/WhatsApp-Image-2022-11-10-at-6.23.44-PM-1-1440x1080.jpeg\" alt=\"\" class=\"wp-image-1228\" srcset=\"https:\/\/elcristaldigital.org\/wp-content\/uploads\/2022\/11\/WhatsApp-Image-2022-11-10-at-6.23.44-PM-1-1440x1080.jpeg 1440w, https:\/\/elcristaldigital.org\/wp-content\/uploads\/2022\/11\/WhatsApp-Image-2022-11-10-at-6.23.44-PM-1-300x225.jpeg 300w, https:\/\/elcristaldigital.org\/wp-content\/uploads\/2022\/11\/WhatsApp-Image-2022-11-10-at-6.23.44-PM-1-768x576.jpeg 768w, https:\/\/elcristaldigital.org\/wp-content\/uploads\/2022\/11\/WhatsApp-Image-2022-11-10-at-6.23.44-PM-1-1536x1152.jpeg 1536w, https:\/\/elcristaldigital.org\/wp-content\/uploads\/2022\/11\/WhatsApp-Image-2022-11-10-at-6.23.44-PM-1-1200x900.jpeg 1200w, https:\/\/elcristaldigital.org\/wp-content\/uploads\/2022\/11\/WhatsApp-Image-2022-11-10-at-6.23.44-PM-1.jpeg 1600w\" sizes=\"auto, (max-width: 1440px) 100vw, 1440px\" \/><\/figure>\n\n\n\n<figure class=\"wp-block-image size-large\"><img loading=\"lazy\" decoding=\"async\" width=\"1440\" height=\"1080\" data-id=\"1229\" src=\"https:\/\/elcristaldigital.org\/wp-content\/uploads\/2022\/11\/WhatsApp-Image-2022-11-10-at-6.23.48-PM-1-1440x1080.jpeg\" alt=\"\" class=\"wp-image-1229\" srcset=\"https:\/\/elcristaldigital.org\/wp-content\/uploads\/2022\/11\/WhatsApp-Image-2022-11-10-at-6.23.48-PM-1-1440x1080.jpeg 1440w, https:\/\/elcristaldigital.org\/wp-content\/uploads\/2022\/11\/WhatsApp-Image-2022-11-10-at-6.23.48-PM-1-300x225.jpeg 300w, https:\/\/elcristaldigital.org\/wp-content\/uploads\/2022\/11\/WhatsApp-Image-2022-11-10-at-6.23.48-PM-1-768x576.jpeg 768w, https:\/\/elcristaldigital.org\/wp-content\/uploads\/2022\/11\/WhatsApp-Image-2022-11-10-at-6.23.48-PM-1-1536x1152.jpeg 1536w, https:\/\/elcristaldigital.org\/wp-content\/uploads\/2022\/11\/WhatsApp-Image-2022-11-10-at-6.23.48-PM-1-1200x900.jpeg 1200w, https:\/\/elcristaldigital.org\/wp-content\/uploads\/2022\/11\/WhatsApp-Image-2022-11-10-at-6.23.48-PM-1.jpeg 1600w\" sizes=\"auto, (max-width: 1440px) 100vw, 1440px\" \/><\/figure>\n\n\n\n<figure class=\"wp-block-image size-large\"><img loading=\"lazy\" decoding=\"async\" width=\"1445\" height=\"1080\" data-id=\"1230\" src=\"https:\/\/elcristaldigital.org\/wp-content\/uploads\/2022\/11\/WhatsApp-Image-2022-11-10-at-6.23.52-PM-1-1445x1080.jpeg\" alt=\"\" class=\"wp-image-1230\" srcset=\"https:\/\/elcristaldigital.org\/wp-content\/uploads\/2022\/11\/WhatsApp-Image-2022-11-10-at-6.23.52-PM-1-1445x1080.jpeg 1445w, https:\/\/elcristaldigital.org\/wp-content\/uploads\/2022\/11\/WhatsApp-Image-2022-11-10-at-6.23.52-PM-1-300x224.jpeg 300w, https:\/\/elcristaldigital.org\/wp-content\/uploads\/2022\/11\/WhatsApp-Image-2022-11-10-at-6.23.52-PM-1-768x574.jpeg 768w, https:\/\/elcristaldigital.org\/wp-content\/uploads\/2022\/11\/WhatsApp-Image-2022-11-10-at-6.23.52-PM-1-1536x1148.jpeg 1536w, https:\/\/elcristaldigital.org\/wp-content\/uploads\/2022\/11\/WhatsApp-Image-2022-11-10-at-6.23.52-PM-1-1200x897.jpeg 1200w, https:\/\/elcristaldigital.org\/wp-content\/uploads\/2022\/11\/WhatsApp-Image-2022-11-10-at-6.23.52-PM-1.jpeg 1600w\" sizes=\"auto, (max-width: 1445px) 100vw, 1445px\" \/><\/figure>\n<\/figure>\n\n\n\n<h4 class=\"has-text-align-center has-background wp-block-heading\" style=\"background-color:#49a24a\">Visita al Vivero Local<\/h4>\n\n\n\n<p>El martes 8 de noviembre, los estudiantes de 1a\u00f1o A y B, visitaron las instalaciones del vivero comunal donde se encuentran instalada una huerta hidrop\u00f3nica a cargo de Gustavo Alemani, quien los recibi\u00f3 junto al Presidente comunal. Los estudiantes desde los espacios curriculares Seminario de ciencias sociales y Laboratorio de ciencias naturales abordaron contenidos referidos al agua, sus usos y cuidados, raz\u00f3n que enmarc\u00f3 el objetivo de dicha visita. La misma fue muy enriquecedora, estuvo a cargo de Gustavo, quien explico detalladamente el proceso de siembra, cuidado y cosecha de la producci\u00f3n hidrop\u00f3nica.<br>\u00a1Desde la E.E.S.O.P.I. se agradece la predisposici\u00f3n y el c\u00e1lido recibimiento!<\/p>\n\n\n\n<figure class=\"wp-block-gallery has-nested-images columns-default is-cropped wp-block-gallery-2 is-layout-flex wp-block-gallery-is-layout-flex\">\n<figure class=\"wp-block-image size-large\"><img loading=\"lazy\" decoding=\"async\" width=\"1440\" height=\"1080\" data-id=\"1221\" src=\"https:\/\/elcristaldigital.org\/wp-content\/uploads\/2022\/11\/WhatsApp-Image-2022-11-10-at-6.05.05-PM-1-2-1440x1080.jpeg\" alt=\"\" class=\"wp-image-1221\" srcset=\"https:\/\/elcristaldigital.org\/wp-content\/uploads\/2022\/11\/WhatsApp-Image-2022-11-10-at-6.05.05-PM-1-2-1440x1080.jpeg 1440w, https:\/\/elcristaldigital.org\/wp-content\/uploads\/2022\/11\/WhatsApp-Image-2022-11-10-at-6.05.05-PM-1-2-300x225.jpeg 300w, https:\/\/elcristaldigital.org\/wp-content\/uploads\/2022\/11\/WhatsApp-Image-2022-11-10-at-6.05.05-PM-1-2-768x576.jpeg 768w, https:\/\/elcristaldigital.org\/wp-content\/uploads\/2022\/11\/WhatsApp-Image-2022-11-10-at-6.05.05-PM-1-2-1536x1152.jpeg 1536w, https:\/\/elcristaldigital.org\/wp-content\/uploads\/2022\/11\/WhatsApp-Image-2022-11-10-at-6.05.05-PM-1-2-1200x900.jpeg 1200w, https:\/\/elcristaldigital.org\/wp-content\/uploads\/2022\/11\/WhatsApp-Image-2022-11-10-at-6.05.05-PM-1-2.jpeg 1600w\" sizes=\"auto, (max-width: 1440px) 100vw, 1440px\" \/><\/figure>\n\n\n\n<figure class=\"wp-block-image size-large\"><img loading=\"lazy\" decoding=\"async\" width=\"1440\" height=\"1080\" data-id=\"1222\" src=\"https:\/\/elcristaldigital.org\/wp-content\/uploads\/2022\/11\/WhatsApp-Image-2022-11-10-at-6.05.05-PM-2-1440x1080.jpeg\" alt=\"\" class=\"wp-image-1222\" srcset=\"https:\/\/elcristaldigital.org\/wp-content\/uploads\/2022\/11\/WhatsApp-Image-2022-11-10-at-6.05.05-PM-2-1440x1080.jpeg 1440w, https:\/\/elcristaldigital.org\/wp-content\/uploads\/2022\/11\/WhatsApp-Image-2022-11-10-at-6.05.05-PM-2-300x225.jpeg 300w, https:\/\/elcristaldigital.org\/wp-content\/uploads\/2022\/11\/WhatsApp-Image-2022-11-10-at-6.05.05-PM-2-768x576.jpeg 768w, https:\/\/elcristaldigital.org\/wp-content\/uploads\/2022\/11\/WhatsApp-Image-2022-11-10-at-6.05.05-PM-2-1536x1152.jpeg 1536w, https:\/\/elcristaldigital.org\/wp-content\/uploads\/2022\/11\/WhatsApp-Image-2022-11-10-at-6.05.05-PM-2-1200x900.jpeg 1200w, https:\/\/elcristaldigital.org\/wp-content\/uploads\/2022\/11\/WhatsApp-Image-2022-11-10-at-6.05.05-PM-2.jpeg 1600w\" sizes=\"auto, (max-width: 1440px) 100vw, 1440px\" \/><\/figure>\n<\/figure>\n\n\n\n<h4 class=\"has-text-align-center has-background wp-block-heading\" style=\"background-color:#49a24a\">Huerta de Cultivos &#8211; 1er A\u00f1o<\/h4>\n\n\n\n<p>Los alumnos de 1\u00b0 a\u00f1o est\u00e1n haciendo una huerta, un proyecto que surgi\u00f3 de las \u00e1reas de Laboratorio de Ciencias Naturales y Seminario de Ciencias Sociales con los profesores Hern\u00e1n Ardiles y Br\u00edgida Carrillo. Hasta ahora se encargaron de arar la tierra, realizar los canteros para cada especie, sembrar y hacer carteles que distingan cada cultivo. Las especies que sembraron son: lechuga, achicoria, perejil, albahaca, r\u00facula, zapallo, acelga y remolacha. Una vez cosechadas, van a ser destinadas para el consumo de estos alumnos.<\/p>\n\n\n\n<figure class=\"wp-block-gallery has-nested-images columns-default is-cropped wp-block-gallery-3 is-layout-flex wp-block-gallery-is-layout-flex\">\n<figure class=\"wp-block-image size-large\"><img loading=\"lazy\" decoding=\"async\" width=\"810\" height=\"1080\" data-id=\"1194\" src=\"https:\/\/elcristaldigital.org\/wp-content\/uploads\/2022\/11\/WhatsApp-Image-2022-11-03-at-5.46.30-PM-810x1080.jpeg\" alt=\"\" class=\"wp-image-1194\" srcset=\"https:\/\/elcristaldigital.org\/wp-content\/uploads\/2022\/11\/WhatsApp-Image-2022-11-03-at-5.46.30-PM-810x1080.jpeg 810w, https:\/\/elcristaldigital.org\/wp-content\/uploads\/2022\/11\/WhatsApp-Image-2022-11-03-at-5.46.30-PM-225x300.jpeg 225w, https:\/\/elcristaldigital.org\/wp-content\/uploads\/2022\/11\/WhatsApp-Image-2022-11-03-at-5.46.30-PM-768x1024.jpeg 768w, https:\/\/elcristaldigital.org\/wp-content\/uploads\/2022\/11\/WhatsApp-Image-2022-11-03-at-5.46.30-PM.jpeg 867w\" sizes=\"auto, (max-width: 810px) 100vw, 810px\" \/><\/figure>\n\n\n\n<figure class=\"wp-block-image size-large\"><img loading=\"lazy\" decoding=\"async\" width=\"810\" height=\"1080\" data-id=\"1193\" src=\"https:\/\/elcristaldigital.org\/wp-content\/uploads\/2022\/11\/WhatsApp-Image-2022-11-03-at-5.46.31-PM-810x1080.jpeg\" alt=\"\" class=\"wp-image-1193\" srcset=\"https:\/\/elcristaldigital.org\/wp-content\/uploads\/2022\/11\/WhatsApp-Image-2022-11-03-at-5.46.31-PM-810x1080.jpeg 810w, https:\/\/elcristaldigital.org\/wp-content\/uploads\/2022\/11\/WhatsApp-Image-2022-11-03-at-5.46.31-PM-225x300.jpeg 225w, https:\/\/elcristaldigital.org\/wp-content\/uploads\/2022\/11\/WhatsApp-Image-2022-11-03-at-5.46.31-PM-768x1024.jpeg 768w, https:\/\/elcristaldigital.org\/wp-content\/uploads\/2022\/11\/WhatsApp-Image-2022-11-03-at-5.46.31-PM.jpeg 867w\" sizes=\"auto, (max-width: 810px) 100vw, 810px\" \/><\/figure>\n<\/figure>\n","protected":false},"excerpt":{"rendered":"<p>Cuarta jornada del Taller &#8220;Almas J\u00f3venes&#8221; El d\u00eda jueves 3 de Noviembre, alumnos de 4to a\u00f1o llevaron a cabo el encuentro n\u00famero 4 del taller de asueto &#8220;Almas J\u00f3venes&#8221; en Asociaci\u00f3n Renacimiento. En esta ocasi\u00f3n, el grupo de mujeres tuvo la tarea de confeccionar &#8220;atrapasue\u00f1os&#8221; con lanas y elementos llevados desde sus hogares. Tambi\u00e9n, como [&hellip;]<\/p>\n","protected":false},"author":1,"featured_media":0,"parent":0,"menu_order":0,"comment_status":"closed","ping_status":"closed","template":"templates\/template-full-width.php","meta":{"footnotes":""},"class_list":["post-1183","page","type-page","status-publish","hentry"],"_links":{"self":[{"href":"https:\/\/elcristaldigital.org\/index.php\/wp-json\/wp\/v2\/pages\/1183","targetHints":{"allow":["GET"]}}],"collection":[{"href":"https:\/\/elcristaldigital.org\/index.php\/wp-json\/wp\/v2\/pages"}],"about":[{"href":"https:\/\/elcristaldigital.org\/index.php\/wp-json\/wp\/v2\/types\/page"}],"author":[{"embeddable":true,"href":"https:\/\/elcristaldigital.org\/index.php\/wp-json\/wp\/v2\/users\/1"}],"replies":[{"embeddable":true,"href":"https:\/\/elcristaldigital.org\/index.php\/wp-json\/wp\/v2\/comments?post=1183"}],"version-history":[{"count":4,"href":"https:\/\/elcristaldigital.org\/index.php\/wp-json\/wp\/v2\/pages\/1183\/revisions"}],"predecessor-version":[{"id":1231,"href":"https:\/\/elcristaldigital.org\/index.php\/wp-json\/wp\/v2\/pages\/1183\/revisions\/1231"}],"wp:attachment":[{"href":"https:\/\/elcristaldigital.org\/index.php\/wp-json\/wp\/v2\/media?parent=1183"}],"curies":[{"name":"wp","href":"https:\/\/api.w.org\/{rel}","templated":true}]}}