{"id":1120,"date":"2022-10-11T17:50:46","date_gmt":"2022-10-11T20:50:46","guid":{"rendered":"https:\/\/elcristaldigital.org\/?page_id=1120"},"modified":"2022-10-20T18:29:02","modified_gmt":"2022-10-20T21:29:02","slug":"deportes-5","status":"publish","type":"page","link":"https:\/\/elcristaldigital.org\/index.php\/deportes-5\/","title":{"rendered":"Deportes"},"content":{"rendered":"\n<h4 class=\"has-text-align-center has-background wp-block-heading\" style=\"background-color:#49a24a\">Certamen Argentino de Motociclismo<\/h4>\n\n\n<div class=\"wp-block-image\">\n<figure class=\"aligncenter size-full\"><img loading=\"lazy\" decoding=\"async\" width=\"633\" height=\"848\" src=\"https:\/\/elcristaldigital.org\/wp-content\/uploads\/2022\/10\/WhatsApp-Image-2022-10-20-at-5.49.05-PM.jpeg\" alt=\"\" class=\"wp-image-1168\" srcset=\"https:\/\/elcristaldigital.org\/wp-content\/uploads\/2022\/10\/WhatsApp-Image-2022-10-20-at-5.49.05-PM.jpeg 633w, https:\/\/elcristaldigital.org\/wp-content\/uploads\/2022\/10\/WhatsApp-Image-2022-10-20-at-5.49.05-PM-224x300.jpeg 224w\" sizes=\"auto, (max-width: 633px) 100vw, 633px\" \/><\/figure>\n<\/div>\n\n\n<h4 class=\"has-text-align-center has-background wp-block-heading\" style=\"background-color:#49a24a\">F\u00fatbol <\/h4>\n\n\n\n<p>El s\u00e1bado 1\u00ba de octubre las Divisiones Inferiores, Ramona jug\u00f3 contra Vila en condici\u00f3n de visitante, aqu\u00ed los resultados:<br>\u00b7 Novena perdi\u00f3 1 a 0.<br>\u00b7 Octava perdi\u00f3 2 a 1 (Francisco Zampar).<br>\u00b7 Septima gan\u00f3 2 a 1 (Elias Vicedo Rico, Pablo Garc\u00eda).<br>\u00b7 Sexta empat\u00f3 0 a 0.<\/p>\n\n\n\n<p>El 2 de octubre, el f\u00fatbol mayor del Deportivo Ramona se enfrent\u00f3 a Ben Hur de Rafaela en condici\u00f3n de local. Resultados:<br>\u00b7 Reserva empat\u00f3 0 a 0.<br>\u00b7 Primera perdi\u00f3 1 a 0.<\/p>\n\n\n\n<p>El d\u00eda viernes 7, las inferiores se enfrentaron a Mois\u00e9s Ville de local. Resultados:<br>\u00b7 Novena perdi\u00f3 1 a 0<br>\u00b7 Octava perdi\u00f3 3 a 1 (Santiago Sarra).<br>\u00b7 S\u00e9ptima perdi\u00f3 2 a 1 (Emanuel Molina).<br>\u00b7 Sexta gan\u00f3 2 a 0 (Mateo Masuero, Ignacio Veliz)<\/p>\n\n\n\n<p>El domingo 9 Ramona, la primera visit\u00f3 a Pe\u00f1arol de Rafaela. Reserva empat\u00f3 1 a 1 (Elias Guti\u00e9rrez) y primera perdi\u00f3 2 a 1 (Nahuel Velazquez).<\/p>\n\n\n\n<h4 class=\"has-text-align-center has-background wp-block-heading\" style=\"background-color:#49a24a\">Hockey<\/h4>\n\n\n\n<p>El pasado s\u00e1bado 8 de octubre ela Primera Divisi\u00f3n de hockey particip\u00f3 del Torneo de Hockey en San Francisco, llegando a la semifinal y teniendo en su equipo a la goleadora del torneo (Candela Alemani, 10).<\/p>\n\n\n<div class=\"wp-block-image\">\n<figure class=\"aligncenter size-full is-resized\"><img loading=\"lazy\" decoding=\"async\" src=\"https:\/\/elcristaldigital.org\/wp-content\/uploads\/2022\/10\/WhatsApp-Image-2022-10-18-at-1.38.33-PM.jpeg\" alt=\"\" class=\"wp-image-1147\" width=\"500\" height=\"364\" srcset=\"https:\/\/elcristaldigital.org\/wp-content\/uploads\/2022\/10\/WhatsApp-Image-2022-10-18-at-1.38.33-PM.jpeg 720w, https:\/\/elcristaldigital.org\/wp-content\/uploads\/2022\/10\/WhatsApp-Image-2022-10-18-at-1.38.33-PM-300x219.jpeg 300w\" sizes=\"auto, (max-width: 500px) 100vw, 500px\" \/><\/figure>\n<\/div>\n\n\n<p>El pasado domingo 2 de octubre, por la Liga Amistad, la Primera Divisi\u00f3n de Hockey de la localidad se enfrent\u00f3 a San Antonio, obteniendo un empate de 1 &#8211; 1. El gol lo convirti\u00f3 Candela Alemani.<\/p>\n\n\n<div class=\"wp-block-image\">\n<figure class=\"aligncenter size-large is-resized\"><img loading=\"lazy\" decoding=\"async\" src=\"https:\/\/elcristaldigital.org\/wp-content\/uploads\/2022\/10\/WhatsApp-Image-2022-10-13-at-6.26.16-PM-1440x1080.jpeg\" alt=\"\" class=\"wp-image-1131\" width=\"530\" height=\"397\" srcset=\"https:\/\/elcristaldigital.org\/wp-content\/uploads\/2022\/10\/WhatsApp-Image-2022-10-13-at-6.26.16-PM-1440x1080.jpeg 1440w, https:\/\/elcristaldigital.org\/wp-content\/uploads\/2022\/10\/WhatsApp-Image-2022-10-13-at-6.26.16-PM-300x225.jpeg 300w, https:\/\/elcristaldigital.org\/wp-content\/uploads\/2022\/10\/WhatsApp-Image-2022-10-13-at-6.26.16-PM-768x576.jpeg 768w, https:\/\/elcristaldigital.org\/wp-content\/uploads\/2022\/10\/WhatsApp-Image-2022-10-13-at-6.26.16-PM-1536x1152.jpeg 1536w, https:\/\/elcristaldigital.org\/wp-content\/uploads\/2022\/10\/WhatsApp-Image-2022-10-13-at-6.26.16-PM-1200x900.jpeg 1200w, https:\/\/elcristaldigital.org\/wp-content\/uploads\/2022\/10\/WhatsApp-Image-2022-10-13-at-6.26.16-PM.jpeg 1600w\" sizes=\"auto, (max-width: 530px) 100vw, 530px\" \/><\/figure>\n<\/div>","protected":false},"excerpt":{"rendered":"<p>Certamen Argentino de Motociclismo F\u00fatbol El s\u00e1bado 1\u00ba de octubre las Divisiones Inferiores, Ramona jug\u00f3 contra Vila en condici\u00f3n de visitante, aqu\u00ed los resultados:\u00b7 Novena perdi\u00f3 1 a 0.\u00b7 Octava perdi\u00f3 2 a 1 (Francisco Zampar).\u00b7 Septima gan\u00f3 2 a 1 (Elias Vicedo Rico, Pablo Garc\u00eda).\u00b7 Sexta empat\u00f3 0 a 0. El 2 de octubre, [&hellip;]<\/p>\n","protected":false},"author":1,"featured_media":0,"parent":0,"menu_order":0,"comment_status":"closed","ping_status":"closed","template":"templates\/template-full-width.php","meta":{"footnotes":""},"class_list":["post-1120","page","type-page","status-publish","hentry"],"_links":{"self":[{"href":"https:\/\/elcristaldigital.org\/index.php\/wp-json\/wp\/v2\/pages\/1120","targetHints":{"allow":["GET"]}}],"collection":[{"href":"https:\/\/elcristaldigital.org\/index.php\/wp-json\/wp\/v2\/pages"}],"about":[{"href":"https:\/\/elcristaldigital.org\/index.php\/wp-json\/wp\/v2\/types\/page"}],"author":[{"embeddable":true,"href":"https:\/\/elcristaldigital.org\/index.php\/wp-json\/wp\/v2\/users\/1"}],"replies":[{"embeddable":true,"href":"https:\/\/elcristaldigital.org\/index.php\/wp-json\/wp\/v2\/comments?post=1120"}],"version-history":[{"count":6,"href":"https:\/\/elcristaldigital.org\/index.php\/wp-json\/wp\/v2\/pages\/1120\/revisions"}],"predecessor-version":[{"id":1171,"href":"https:\/\/elcristaldigital.org\/index.php\/wp-json\/wp\/v2\/pages\/1120\/revisions\/1171"}],"wp:attachment":[{"href":"https:\/\/elcristaldigital.org\/index.php\/wp-json\/wp\/v2\/media?parent=1120"}],"curies":[{"name":"wp","href":"https:\/\/api.w.org\/{rel}","templated":true}]}}