{"id":1099,"date":"2022-10-06T18:21:12","date_gmt":"2022-10-06T21:21:12","guid":{"rendered":"https:\/\/elcristaldigital.org\/?page_id=1099"},"modified":"2022-10-20T18:25:48","modified_gmt":"2022-10-20T21:25:48","slug":"educacion-4","status":"publish","type":"page","link":"https:\/\/elcristaldigital.org\/index.php\/educacion-4\/","title":{"rendered":"Educaci\u00f3n"},"content":{"rendered":"\n<h4 class=\"has-text-align-center has-background wp-block-heading\" style=\"background-color:#49a24a\">Actividades Cooperativas en el Jard\u00edn de Infantes<\/h4>\n\n\n\n<p>Alumnos de la Cooperativa Escolar de la E.E.S.O.P.I. N\u00ba 3023 visitaron el Jard\u00edn de Infantes N\u00ba 300 el d\u00eda jueves 13 de octubre, con el objetivo de iniciarlos en el movimiento cooperativo. Realizaron juegos cooperativos resaltando fundamentalmente la ayuda mutua y el trabajo de equipo.<\/p>\n\n\n\n<figure class=\"wp-block-gallery has-nested-images columns-default is-cropped wp-block-gallery-1 is-layout-flex wp-block-gallery-is-layout-flex\">\n<figure class=\"wp-block-image size-large\"><img loading=\"lazy\" decoding=\"async\" width=\"810\" height=\"1080\" data-id=\"1165\" src=\"https:\/\/elcristaldigital.org\/wp-content\/uploads\/2022\/10\/WhatsApp-Image-2022-10-18-at-1.38.06-PM-810x1080.jpeg\" alt=\"\" class=\"wp-image-1165\" srcset=\"https:\/\/elcristaldigital.org\/wp-content\/uploads\/2022\/10\/WhatsApp-Image-2022-10-18-at-1.38.06-PM-810x1080.jpeg 810w, https:\/\/elcristaldigital.org\/wp-content\/uploads\/2022\/10\/WhatsApp-Image-2022-10-18-at-1.38.06-PM-225x300.jpeg 225w, https:\/\/elcristaldigital.org\/wp-content\/uploads\/2022\/10\/WhatsApp-Image-2022-10-18-at-1.38.06-PM-768x1024.jpeg 768w, https:\/\/elcristaldigital.org\/wp-content\/uploads\/2022\/10\/WhatsApp-Image-2022-10-18-at-1.38.06-PM-1152x1536.jpeg 1152w, https:\/\/elcristaldigital.org\/wp-content\/uploads\/2022\/10\/WhatsApp-Image-2022-10-18-at-1.38.06-PM.jpeg 1200w\" sizes=\"auto, (max-width: 810px) 100vw, 810px\" \/><\/figure>\n\n\n\n<figure class=\"wp-block-image size-large\"><img loading=\"lazy\" decoding=\"async\" width=\"1440\" height=\"1080\" data-id=\"1163\" src=\"https:\/\/elcristaldigital.org\/wp-content\/uploads\/2022\/10\/WhatsApp-Image-2022-10-18-at-1.38.07-PM-1-1440x1080.jpeg\" alt=\"\" class=\"wp-image-1163\" srcset=\"https:\/\/elcristaldigital.org\/wp-content\/uploads\/2022\/10\/WhatsApp-Image-2022-10-18-at-1.38.07-PM-1-1440x1080.jpeg 1440w, https:\/\/elcristaldigital.org\/wp-content\/uploads\/2022\/10\/WhatsApp-Image-2022-10-18-at-1.38.07-PM-1-300x225.jpeg 300w, https:\/\/elcristaldigital.org\/wp-content\/uploads\/2022\/10\/WhatsApp-Image-2022-10-18-at-1.38.07-PM-1-768x576.jpeg 768w, https:\/\/elcristaldigital.org\/wp-content\/uploads\/2022\/10\/WhatsApp-Image-2022-10-18-at-1.38.07-PM-1-1536x1152.jpeg 1536w, https:\/\/elcristaldigital.org\/wp-content\/uploads\/2022\/10\/WhatsApp-Image-2022-10-18-at-1.38.07-PM-1-1200x900.jpeg 1200w, https:\/\/elcristaldigital.org\/wp-content\/uploads\/2022\/10\/WhatsApp-Image-2022-10-18-at-1.38.07-PM-1.jpeg 1600w\" sizes=\"auto, (max-width: 1440px) 100vw, 1440px\" \/><\/figure>\n\n\n\n<figure class=\"wp-block-image size-large\"><img loading=\"lazy\" decoding=\"async\" width=\"813\" height=\"1080\" data-id=\"1164\" src=\"https:\/\/elcristaldigital.org\/wp-content\/uploads\/2022\/10\/WhatsApp-Image-2022-10-18-at-1.38.07-PM-813x1080.jpeg\" alt=\"\" class=\"wp-image-1164\" srcset=\"https:\/\/elcristaldigital.org\/wp-content\/uploads\/2022\/10\/WhatsApp-Image-2022-10-18-at-1.38.07-PM-813x1080.jpeg 813w, https:\/\/elcristaldigital.org\/wp-content\/uploads\/2022\/10\/WhatsApp-Image-2022-10-18-at-1.38.07-PM-226x300.jpeg 226w, https:\/\/elcristaldigital.org\/wp-content\/uploads\/2022\/10\/WhatsApp-Image-2022-10-18-at-1.38.07-PM-768x1021.jpeg 768w, https:\/\/elcristaldigital.org\/wp-content\/uploads\/2022\/10\/WhatsApp-Image-2022-10-18-at-1.38.07-PM-1156x1536.jpeg 1156w, https:\/\/elcristaldigital.org\/wp-content\/uploads\/2022\/10\/WhatsApp-Image-2022-10-18-at-1.38.07-PM-1200x1595.jpeg 1200w, https:\/\/elcristaldigital.org\/wp-content\/uploads\/2022\/10\/WhatsApp-Image-2022-10-18-at-1.38.07-PM.jpeg 1204w\" sizes=\"auto, (max-width: 813px) 100vw, 813px\" \/><\/figure>\n\n\n\n<figure class=\"wp-block-image size-large\"><img loading=\"lazy\" decoding=\"async\" width=\"813\" height=\"1080\" data-id=\"1166\" src=\"https:\/\/elcristaldigital.org\/wp-content\/uploads\/2022\/10\/WhatsApp-Image-2022-10-18-at-1.38.08-PM-813x1080.jpeg\" alt=\"\" class=\"wp-image-1166\" srcset=\"https:\/\/elcristaldigital.org\/wp-content\/uploads\/2022\/10\/WhatsApp-Image-2022-10-18-at-1.38.08-PM-813x1080.jpeg 813w, https:\/\/elcristaldigital.org\/wp-content\/uploads\/2022\/10\/WhatsApp-Image-2022-10-18-at-1.38.08-PM-226x300.jpeg 226w, https:\/\/elcristaldigital.org\/wp-content\/uploads\/2022\/10\/WhatsApp-Image-2022-10-18-at-1.38.08-PM-768x1021.jpeg 768w, https:\/\/elcristaldigital.org\/wp-content\/uploads\/2022\/10\/WhatsApp-Image-2022-10-18-at-1.38.08-PM-1156x1536.jpeg 1156w, https:\/\/elcristaldigital.org\/wp-content\/uploads\/2022\/10\/WhatsApp-Image-2022-10-18-at-1.38.08-PM-1200x1595.jpeg 1200w, https:\/\/elcristaldigital.org\/wp-content\/uploads\/2022\/10\/WhatsApp-Image-2022-10-18-at-1.38.08-PM.jpeg 1204w\" sizes=\"auto, (max-width: 813px) 100vw, 813px\" \/><\/figure>\n<\/figure>\n\n\n\n<h4 class=\"has-text-align-center has-background wp-block-heading\" style=\"background-color:#49a24a\">4\u00b0 Modelo de las Naciones Unidas<\/h4>\n\n\n\n<p>Los d\u00edas 17 y 18 de octubre, alumnos de 4to a\u00f1o de nuestro colegio participaron del programa Uniendo Metas- J\u00f3venes para el Futuro, propuesto por la Asociaci\u00f3n Conciencia del Senador Alcides Calvo, en el Instituto del Profesorado N\u00b0 2 en la localidad de Rafaela. Luego de varias semanas de capacitaci\u00f3n, los alumnos pudieron lograr un buen desempe\u00f1o, llev\u00e1ndose una menci\u00f3n grupal.<\/p>\n\n\n\n<figure class=\"wp-block-gallery has-nested-images columns-default is-cropped wp-block-gallery-2 is-layout-flex wp-block-gallery-is-layout-flex\">\n<figure class=\"wp-block-image size-large\"><img loading=\"lazy\" decoding=\"async\" width=\"1080\" height=\"1080\" data-id=\"1150\" src=\"https:\/\/elcristaldigital.org\/wp-content\/uploads\/2022\/10\/WhatsApp-Image-2022-10-19-at-7.21.35-PM.jpeg\" alt=\"\" class=\"wp-image-1150\" srcset=\"https:\/\/elcristaldigital.org\/wp-content\/uploads\/2022\/10\/WhatsApp-Image-2022-10-19-at-7.21.35-PM.jpeg 1080w, https:\/\/elcristaldigital.org\/wp-content\/uploads\/2022\/10\/WhatsApp-Image-2022-10-19-at-7.21.35-PM-300x300.jpeg 300w, https:\/\/elcristaldigital.org\/wp-content\/uploads\/2022\/10\/WhatsApp-Image-2022-10-19-at-7.21.35-PM-150x150.jpeg 150w, https:\/\/elcristaldigital.org\/wp-content\/uploads\/2022\/10\/WhatsApp-Image-2022-10-19-at-7.21.35-PM-768x768.jpeg 768w\" sizes=\"auto, (max-width: 1080px) 100vw, 1080px\" \/><\/figure>\n\n\n\n<figure class=\"wp-block-image size-large\"><img loading=\"lazy\" decoding=\"async\" width=\"808\" height=\"1080\" data-id=\"1152\" src=\"https:\/\/elcristaldigital.org\/wp-content\/uploads\/2022\/10\/WhatsApp-Image-2022-10-19-at-7.21.36-PM-808x1080.jpeg\" alt=\"\" class=\"wp-image-1152\" srcset=\"https:\/\/elcristaldigital.org\/wp-content\/uploads\/2022\/10\/WhatsApp-Image-2022-10-19-at-7.21.36-PM-808x1080.jpeg 808w, https:\/\/elcristaldigital.org\/wp-content\/uploads\/2022\/10\/WhatsApp-Image-2022-10-19-at-7.21.36-PM-225x300.jpeg 225w, https:\/\/elcristaldigital.org\/wp-content\/uploads\/2022\/10\/WhatsApp-Image-2022-10-19-at-7.21.36-PM-768x1026.jpeg 768w, https:\/\/elcristaldigital.org\/wp-content\/uploads\/2022\/10\/WhatsApp-Image-2022-10-19-at-7.21.36-PM.jpeg 958w\" sizes=\"auto, (max-width: 808px) 100vw, 808px\" \/><\/figure>\n\n\n\n<figure class=\"wp-block-image size-large\"><img loading=\"lazy\" decoding=\"async\" width=\"1366\" height=\"768\" data-id=\"1151\" src=\"https:\/\/elcristaldigital.org\/wp-content\/uploads\/2022\/10\/WhatsApp-Image-2022-10-19-at-7.21.52-PM.jpeg\" alt=\"\" class=\"wp-image-1151\" srcset=\"https:\/\/elcristaldigital.org\/wp-content\/uploads\/2022\/10\/WhatsApp-Image-2022-10-19-at-7.21.52-PM.jpeg 1366w, https:\/\/elcristaldigital.org\/wp-content\/uploads\/2022\/10\/WhatsApp-Image-2022-10-19-at-7.21.52-PM-300x169.jpeg 300w, https:\/\/elcristaldigital.org\/wp-content\/uploads\/2022\/10\/WhatsApp-Image-2022-10-19-at-7.21.52-PM-768x432.jpeg 768w, https:\/\/elcristaldigital.org\/wp-content\/uploads\/2022\/10\/WhatsApp-Image-2022-10-19-at-7.21.52-PM-1200x675.jpeg 1200w\" sizes=\"auto, (max-width: 1366px) 100vw, 1366px\" \/><\/figure>\n\n\n\n<figure class=\"wp-block-image size-large\"><img loading=\"lazy\" decoding=\"async\" width=\"1440\" height=\"1080\" data-id=\"1153\" src=\"https:\/\/elcristaldigital.org\/wp-content\/uploads\/2022\/10\/WhatsApp-Image-2022-10-19-at-7.22.16-PM-1440x1080.jpeg\" alt=\"\" class=\"wp-image-1153\" srcset=\"https:\/\/elcristaldigital.org\/wp-content\/uploads\/2022\/10\/WhatsApp-Image-2022-10-19-at-7.22.16-PM-1440x1080.jpeg 1440w, https:\/\/elcristaldigital.org\/wp-content\/uploads\/2022\/10\/WhatsApp-Image-2022-10-19-at-7.22.16-PM-300x225.jpeg 300w, https:\/\/elcristaldigital.org\/wp-content\/uploads\/2022\/10\/WhatsApp-Image-2022-10-19-at-7.22.16-PM-768x576.jpeg 768w, https:\/\/elcristaldigital.org\/wp-content\/uploads\/2022\/10\/WhatsApp-Image-2022-10-19-at-7.22.16-PM-1536x1152.jpeg 1536w, https:\/\/elcristaldigital.org\/wp-content\/uploads\/2022\/10\/WhatsApp-Image-2022-10-19-at-7.22.16-PM-1200x900.jpeg 1200w, https:\/\/elcristaldigital.org\/wp-content\/uploads\/2022\/10\/WhatsApp-Image-2022-10-19-at-7.22.16-PM.jpeg 1600w\" sizes=\"auto, (max-width: 1440px) 100vw, 1440px\" \/><\/figure>\n<\/figure>\n\n\n\n<h4 class=\"has-text-align-center has-background wp-block-heading\" style=\"background-color:#49a24a\">Segundo encuentro Taller de Asueto &#8220;Almas J\u00f3venes&#8221;<\/h4>\n\n\n\n<p>El pasado jueves 13 del corriente mes, nosreecontramos con el grupo de asueto en Renacimiento. Fue una tarde muy placentera en la cual compartimos el t\u00e9 y bailamos folklore y chacarera. Esperamos que se siga sumando gente para los pr\u00f3ximos encuentros.<\/p>\n\n\n<div class=\"wp-block-image\">\n<figure class=\"aligncenter size-full is-resized\"><img loading=\"lazy\" decoding=\"async\" src=\"https:\/\/elcristaldigital.org\/wp-content\/uploads\/2022\/10\/WhatsApp-Image-2022-10-18-at-1.27.04-PM.jpeg\" alt=\"\" class=\"wp-image-1143\" width=\"493\" height=\"363\" srcset=\"https:\/\/elcristaldigital.org\/wp-content\/uploads\/2022\/10\/WhatsApp-Image-2022-10-18-at-1.27.04-PM.jpeg 720w, https:\/\/elcristaldigital.org\/wp-content\/uploads\/2022\/10\/WhatsApp-Image-2022-10-18-at-1.27.04-PM-300x221.jpeg 300w\" sizes=\"auto, (max-width: 493px) 100vw, 493px\" \/><\/figure>\n<\/div>\n\n\n<h4 class=\"has-text-align-center has-background wp-block-heading\" style=\"background-color:#49a24a\">REENCUENTRO DEL TALLER DE ASUETO &#8220;ALMAS J\u00d3VENES&#8221;<\/h4>\n\n\n\n<p>En &#8220;Renacimiento&#8221; se retomaron los talleres de asueto organizados por la cooperativa escolar de la E.E.S.O.P.I. N\u00b03023, el d\u00eda 6 de octubre.<br>Participaron 14 adultos mayores que se presentaron y compartieron con los estudiantes t\u00e9 con tortas.<br>Fue una tarde muy placentera y colm\u00f3 todas las expectativas.<\/p>\n\n\n<div class=\"wp-block-image\">\n<figure class=\"aligncenter size-full is-resized\"><img loading=\"lazy\" decoding=\"async\" src=\"https:\/\/elcristaldigital.org\/wp-content\/uploads\/2022\/10\/WhatsApp-Image-2022-10-06-at-6.25.27-PM-1.jpeg\" alt=\"\" class=\"wp-image-1118\" width=\"502\" height=\"377\" srcset=\"https:\/\/elcristaldigital.org\/wp-content\/uploads\/2022\/10\/WhatsApp-Image-2022-10-06-at-6.25.27-PM-1.jpeg 1280w, https:\/\/elcristaldigital.org\/wp-content\/uploads\/2022\/10\/WhatsApp-Image-2022-10-06-at-6.25.27-PM-1-300x225.jpeg 300w, https:\/\/elcristaldigital.org\/wp-content\/uploads\/2022\/10\/WhatsApp-Image-2022-10-06-at-6.25.27-PM-1-768x576.jpeg 768w, https:\/\/elcristaldigital.org\/wp-content\/uploads\/2022\/10\/WhatsApp-Image-2022-10-06-at-6.25.27-PM-1-1200x900.jpeg 1200w\" sizes=\"auto, (max-width: 502px) 100vw, 502px\" \/><\/figure>\n<\/div>","protected":false},"excerpt":{"rendered":"<p>Actividades Cooperativas en el Jard\u00edn de Infantes Alumnos de la Cooperativa Escolar de la E.E.S.O.P.I. N\u00ba 3023 visitaron el Jard\u00edn de Infantes N\u00ba 300 el d\u00eda jueves 13 de octubre, con el objetivo de iniciarlos en el movimiento cooperativo. Realizaron juegos cooperativos resaltando fundamentalmente la ayuda mutua y el trabajo de equipo. 4\u00b0 Modelo de [&hellip;]<\/p>\n","protected":false},"author":1,"featured_media":0,"parent":0,"menu_order":0,"comment_status":"closed","ping_status":"closed","template":"templates\/template-full-width.php","meta":{"footnotes":""},"class_list":["post-1099","page","type-page","status-publish","hentry"],"_links":{"self":[{"href":"https:\/\/elcristaldigital.org\/index.php\/wp-json\/wp\/v2\/pages\/1099","targetHints":{"allow":["GET"]}}],"collection":[{"href":"https:\/\/elcristaldigital.org\/index.php\/wp-json\/wp\/v2\/pages"}],"about":[{"href":"https:\/\/elcristaldigital.org\/index.php\/wp-json\/wp\/v2\/types\/page"}],"author":[{"embeddable":true,"href":"https:\/\/elcristaldigital.org\/index.php\/wp-json\/wp\/v2\/users\/1"}],"replies":[{"embeddable":true,"href":"https:\/\/elcristaldigital.org\/index.php\/wp-json\/wp\/v2\/comments?post=1099"}],"version-history":[{"count":6,"href":"https:\/\/elcristaldigital.org\/index.php\/wp-json\/wp\/v2\/pages\/1099\/revisions"}],"predecessor-version":[{"id":1167,"href":"https:\/\/elcristaldigital.org\/index.php\/wp-json\/wp\/v2\/pages\/1099\/revisions\/1167"}],"wp:attachment":[{"href":"https:\/\/elcristaldigital.org\/index.php\/wp-json\/wp\/v2\/media?parent=1099"}],"curies":[{"name":"wp","href":"https:\/\/api.w.org\/{rel}","templated":true}]}}