{"id":1098,"date":"2022-10-06T18:21:12","date_gmt":"2022-10-06T21:21:12","guid":{"rendered":"https:\/\/elcristaldigital.org\/?page_id=1098"},"modified":"2022-10-20T18:22:07","modified_gmt":"2022-10-20T21:22:07","slug":"gestion-comunal-3","status":"publish","type":"page","link":"https:\/\/elcristaldigital.org\/index.php\/gestion-comunal-3\/","title":{"rendered":"Gesti\u00f3n Comunal"},"content":{"rendered":"\n<h4 class=\"has-text-align-center has-background wp-block-heading\" style=\"background-color:#49a24a\">Construcci\u00f3n de Cord\u00f3n Cuneta<\/h4>\n\n\n\n<p>Dentro del plan de obras que despliega el gobierno comunal para el mejoramiento de la infraestructura urbana, se inici\u00f3 la construcci\u00f3n de cord\u00f3n cuneta en 200 metros de calle Alte. Brown entre L. de la Torre y Bv. San Mart\u00edn.<\/p>\n\n\n\n<p>El mejorado de estas arterias garantiza una salida segura a los vecinos y reviste especial trascendencia por su funci\u00f3n en el flujo de aguas pluviales, teniendo en cuenta que constituye uno de los principales puntos de evacuaci\u00f3n de los desag\u00fces urbanos.<\/p>\n\n\n<div class=\"wp-block-image\">\n<figure class=\"aligncenter size-full is-resized\"><img loading=\"lazy\" decoding=\"async\" src=\"https:\/\/elcristaldigital.org\/wp-content\/uploads\/2022\/10\/Jose-Barbero-Cordon.jpeg\" alt=\"\" class=\"wp-image-1160\" width=\"567\" height=\"322\" srcset=\"https:\/\/elcristaldigital.org\/wp-content\/uploads\/2022\/10\/Jose-Barbero-Cordon.jpeg 1039w, https:\/\/elcristaldigital.org\/wp-content\/uploads\/2022\/10\/Jose-Barbero-Cordon-300x170.jpeg 300w, https:\/\/elcristaldigital.org\/wp-content\/uploads\/2022\/10\/Jose-Barbero-Cordon-768x436.jpeg 768w\" sizes=\"auto, (max-width: 567px) 100vw, 567px\" \/><\/figure>\n<\/div>\n\n\n<h4 class=\"has-text-align-center has-background wp-block-heading\" style=\"background-color:#49a24a\">Cr\u00e9ditos Productivos<\/h4>\n\n\n\n<p>La Asociaci\u00f3n para el Desarrollo del Departamento Castellanos, con fondos aportados por el Ministerio de Producci\u00f3n, Ciencia y Tecnolog\u00eda de la Provincia, formaliz\u00f3 la asistencia financiera a peque\u00f1os y medianos productores agr\u00edcolas y ganaderos afectados por la sequ\u00eda.<\/p>\n\n\n\n<p>Los tres beneficiarios del distrito, por un monto total de tres millones de pesos y con destino espec\u00edfico a inversiones en infraestructura, insumos y equipamiento, estuvieron acompa\u00f1ados por el mandatario ramonense, el Senador Provincial Alcides Calvo, el Secretario de Lecher\u00eda de Provincia Abel Zenclussen y autoridades de la Asociaci\u00f3n.<\/p>\n\n\n\n<h4 class=\"has-text-align-center has-background wp-block-heading\" style=\"background-color:#49a24a\">Bolsas biodegradables y patol\u00f3gicas<\/h4>\n\n\n\n<p>Cumpliendo con la segunda entrega del a\u00f1o en curso, los m\u00e1s de 50 comercios adheridos al Programa de Sustituci\u00f3n de Bolsas Pl\u00e1sticas recibieron paquetes de bolsas biodegradables con el objeto de evitar la utilizaci\u00f3n de bolsas pl\u00e1sticas para la entrega de mercader\u00edas comercializadas, entendiendo por ello, las de tipo camiseta confeccionadas en polietileno, polipropileno o cualquier pol\u00edmero artificial no degradable.<\/p>\n\n\n\n<p>La acci\u00f3n busca promover, entre los clientes de los emprendimientos ligados a la iniciativa, el uso de bolsos de materiales reutilizables como friselina o tela u ofreciendo, en su defecto, contenedores biodegradables o compostables.<\/p>\n\n\n\n<p>En el mismo sentido, el municipio aport\u00f3 al SAMCo bolsas especiales para la recolecci\u00f3n de residuos patol\u00f3gicos, considerado que el mismo efector centraliza la generaci\u00f3n de comercios y profesionales vinculados a la salud, con el prop\u00f3sito de brindar el tratamiento adecuado a un deshecho de compleja manipulaci\u00f3n.<\/p>\n\n\n<div class=\"wp-block-image\">\n<figure class=\"aligncenter size-full is-resized\"><img loading=\"lazy\" decoding=\"async\" src=\"https:\/\/elcristaldigital.org\/wp-content\/uploads\/2022\/10\/Jose-Barbero-Patologicos-edited.jpeg\" alt=\"\" class=\"wp-image-1159\" width=\"463\" height=\"463\" srcset=\"https:\/\/elcristaldigital.org\/wp-content\/uploads\/2022\/10\/Jose-Barbero-Patologicos-edited.jpeg 590w, https:\/\/elcristaldigital.org\/wp-content\/uploads\/2022\/10\/Jose-Barbero-Patologicos-edited-300x300.jpeg 300w, https:\/\/elcristaldigital.org\/wp-content\/uploads\/2022\/10\/Jose-Barbero-Patologicos-edited-150x150.jpeg 150w\" sizes=\"auto, (max-width: 463px) 100vw, 463px\" \/><\/figure>\n<\/div>\n\n\n<h4 class=\"has-text-align-center has-background wp-block-heading\" style=\"background-color:#49a24a\">Inauguraci\u00f3n de tap\u00f3metros y ecobotellas<\/h4>\n\n\n\n<p>Ahondando en el sistema de recolecci\u00f3n de residuos como m\u00e9todo de permanente transformaci\u00f3n ambiental y optimizando la clasificaci\u00f3n en origen que fundamenta todo el proceso, colaborativamente con los establecimientos educativos se inici\u00f3 una campa\u00f1a destinada a la recupero de tapas pl\u00e1sticas y eco-botellas, estimulando la contribuci\u00f3n activa de alumnos y sus familias.<\/p>\n\n\n\n<p>Con esta propuesta participativa se establecieron dos nuevos puntos de recolecci\u00f3n, ubicados frente a los edificios del Jard\u00edn de Infantes N\u00ba 300 y la Escuela Primaria N\u00ba 382 para facilitar la disposici\u00f3n de estos materiales.<\/p>\n\n\n\n<p>Es necesario mencionar que ambos productos, una vez recolectados, se entregan a fundaciones que asumen su acopio y posterior procesamiento, cumpliendo de esta manera con las premisas clim\u00e1ticas esenciales de reducir, recuperar y reutilizar.<\/p>\n\n\n<div class=\"wp-block-image\">\n<figure class=\"aligncenter size-full is-resized\"><img loading=\"lazy\" decoding=\"async\" src=\"https:\/\/elcristaldigital.org\/wp-content\/uploads\/2022\/10\/Jose-Barbero-Tapometro.jpeg\" alt=\"\" class=\"wp-image-1157\" width=\"560\" height=\"289\" srcset=\"https:\/\/elcristaldigital.org\/wp-content\/uploads\/2022\/10\/Jose-Barbero-Tapometro.jpeg 1139w, https:\/\/elcristaldigital.org\/wp-content\/uploads\/2022\/10\/Jose-Barbero-Tapometro-300x155.jpeg 300w, https:\/\/elcristaldigital.org\/wp-content\/uploads\/2022\/10\/Jose-Barbero-Tapometro-768x398.jpeg 768w\" sizes=\"auto, (max-width: 560px) 100vw, 560px\" \/><\/figure>\n<\/div>\n\n\n<h4 class=\"has-text-align-center has-background wp-block-heading\" style=\"background-color:#49a24a\">Importante inversi\u00f3n en nuevo mobiliario<\/h4>\n\n\n\n<p>Para optimizar la eficiencia y eficacia de las tareas administrativas e integrar nuevas soluciones, es fundamental aspirar a un modelo que considere, entre otras cosas, las herramientas de trabajo y los sistemas de gesti\u00f3n, y con esa meta el Programa Municipal de Inversiones (PROMUDI) pone a disposici\u00f3n de los gobiernos locales, herramientas financieras que sustenten inversiones en tal sentido.<\/p>\n\n\n\n<p>De esta manera, la gesti\u00f3n del Presidente Comunal Jos\u00e9 Barbero ha avanzado en la renovaci\u00f3n del mobiliario comunal, incorporando sillones ergon\u00f3micos, archivos, sillas y una impresora multifunci\u00f3n a inmuebles p\u00fablicos, particularmente la sede comunal y el edificio cultural, de manera tal, de brindar mejores condiciones de labor al personal y comodidad a las personas que requieren de los servicios que el organismo presta.<\/p>\n\n\n\n<p>La totalidad del equipamiento supone una inversi\u00f3n de casi dos millones de pesos y atiende espec\u00edficamente a las condiciones que imponen los nuevos est\u00e1ndares de la administraci\u00f3n p\u00fablica, m\u00e1s \u00e1gil, din\u00e1mica y orientada a la satisfacci\u00f3n de los vecinos.<\/p>\n\n\n<div class=\"wp-block-image\">\n<figure class=\"aligncenter size-large is-resized\"><img loading=\"lazy\" decoding=\"async\" src=\"https:\/\/elcristaldigital.org\/wp-content\/uploads\/2022\/10\/Jose-Barbero-Sillas-1440x1080.jpeg\" alt=\"\" class=\"wp-image-1156\" width=\"526\" height=\"394\" srcset=\"https:\/\/elcristaldigital.org\/wp-content\/uploads\/2022\/10\/Jose-Barbero-Sillas-1440x1080.jpeg 1440w, https:\/\/elcristaldigital.org\/wp-content\/uploads\/2022\/10\/Jose-Barbero-Sillas-300x225.jpeg 300w, https:\/\/elcristaldigital.org\/wp-content\/uploads\/2022\/10\/Jose-Barbero-Sillas-768x576.jpeg 768w, https:\/\/elcristaldigital.org\/wp-content\/uploads\/2022\/10\/Jose-Barbero-Sillas-1536x1152.jpeg 1536w, https:\/\/elcristaldigital.org\/wp-content\/uploads\/2022\/10\/Jose-Barbero-Sillas-1200x900.jpeg 1200w, https:\/\/elcristaldigital.org\/wp-content\/uploads\/2022\/10\/Jose-Barbero-Sillas.jpeg 1600w\" sizes=\"auto, (max-width: 526px) 100vw, 526px\" \/><\/figure>\n<\/div>\n\n\n<h4 class=\"has-text-align-center has-background wp-block-heading\" style=\"background-color:#49a24a\">Programa Banco Solidario<\/h4>\n\n\n\n<p>Fundamentado en el buen nivel de percepci\u00f3n de cuotas de los pr\u00e9stamos otorgados originalmente, el Banco Solidario contin\u00faa financiando inversiones de peque\u00f1os emprendimientos de la econom\u00eda social, ya sea que surgen o buscan su consolidaci\u00f3n.<\/p>\n\n\n\n<p>Cabe se\u00f1alar que el mismo se origina en un aporte de un mill\u00f3n de pesos, dispuesto por el Ministerio de Desarrollo Social de Santa Fe y que, desde su implementaci\u00f3n beneficio a m\u00e1s de diecinueve familias.<\/p>\n\n\n\n<p>\u00c9sta junto a otras alternativas que el municipio ofrece, tales como Fondo Rotatorio y cr\u00e9ditos de la Asociaci\u00f3n para el Desarrollo del Departamento Castellanos, componen la posibilidad de financiamiento que tienen los emprendedores ramonenses.<\/p>\n\n\n<div class=\"wp-block-image\">\n<figure class=\"aligncenter size-full is-resized\"><img loading=\"lazy\" decoding=\"async\" src=\"https:\/\/elcristaldigital.org\/wp-content\/uploads\/2022\/10\/Jose-Barbero-Banco.jpeg\" alt=\"\" class=\"wp-image-1128\" width=\"571\" height=\"277\" srcset=\"https:\/\/elcristaldigital.org\/wp-content\/uploads\/2022\/10\/Jose-Barbero-Banco.jpeg 1280w, https:\/\/elcristaldigital.org\/wp-content\/uploads\/2022\/10\/Jose-Barbero-Banco-300x146.jpeg 300w, https:\/\/elcristaldigital.org\/wp-content\/uploads\/2022\/10\/Jose-Barbero-Banco-768x373.jpeg 768w, https:\/\/elcristaldigital.org\/wp-content\/uploads\/2022\/10\/Jose-Barbero-Banco-1200x583.jpeg 1200w\" sizes=\"auto, (max-width: 571px) 100vw, 571px\" \/><\/figure>\n<\/div>\n\n\n<h4 class=\"has-text-align-center has-background wp-block-heading\" style=\"background-color:#49a24a\">Ripiado de caminos rurales<\/h4>\n\n\n\n<p>Con la reinversi\u00f3n de fondos el programa Caminos de la Ruralidad, mediante el cual se estabilizaron 11,5 kil\u00f3metros de v\u00edas productivas, se ejecuta, ahora, el mejorado de otros 1500 metros en el sector sudeste del distrito.<\/p>\n\n\n\n<p>Tal cual la ingenier\u00eda del programa recomienda, los recursos aportados para el Ministerio de la Producci\u00f3n de la provincia y el Ministerio de Agricultura de la Naci\u00f3n, junto al aporte del propio municipio y de los productores beneficiados, son reinvertidos en la ampliaci\u00f3n de la red, alcanzando mayor cantidad de unidades primarias y totalizando m\u00e1s de 20 kil\u00f3metros intervenidos.<\/p>\n\n\n\n<p>Una disposici\u00f3n largamente esperada por el sector que devuelve con infraestructura su contribuci\u00f3n a la econom\u00eda nacional y brinda mejores condiciones de habitabilidad a la poblaci\u00f3n rural que presta su mano de obra al servicio del tambo, la agricultura y la ganader\u00eda de esta regi\u00f3n de la llanura pampeana.<\/p>\n\n\n<div class=\"wp-block-image\">\n<figure class=\"aligncenter size-full is-resized\"><img loading=\"lazy\" decoding=\"async\" src=\"https:\/\/elcristaldigital.org\/wp-content\/uploads\/2022\/10\/Jose-Barbero-Ripio.jpeg\" alt=\"\" class=\"wp-image-1127\" width=\"602\" height=\"354\" srcset=\"https:\/\/elcristaldigital.org\/wp-content\/uploads\/2022\/10\/Jose-Barbero-Ripio.jpeg 762w, https:\/\/elcristaldigital.org\/wp-content\/uploads\/2022\/10\/Jose-Barbero-Ripio-300x177.jpeg 300w\" sizes=\"auto, (max-width: 602px) 100vw, 602px\" \/><\/figure>\n<\/div>\n\n\n<h4 class=\"has-text-align-center has-background wp-block-heading\" style=\"background-color:#49a24a\">Nuevo tractor, demalezadora y rolo compactador<\/h4>\n\n\n\n<p>Con financiamiento del Programa Municipal de Inversiones (PROMUDI) dependiente del Ministerio de Econom\u00eda de la Provincia, la gesti\u00f3n comunal materializ\u00f3 la compra de nueva maquinaria para el mejoramiento de la prestaci\u00f3n de servicios p\u00fablicos. Concretamente, se trata de un tractor, marca Pauny, de 80 HP y tracci\u00f3n simple, una desmalezadora de tres puntos marca Grosspal y un rolo pata de cabra, del mismo fabricante.<\/p>\n\n\n\n<p>Este equipamiento viene a facilitar la tarea del personal que desarrolla el mantenimiento de inmuebles p\u00fablicos y espacios verdes, la conservaci\u00f3n de calzadas naturales y otros servicios, como el barrido de pavimentos y la recolecci\u00f3n de residuos en puntos verdes.<\/p>\n\n\n\n<p>La complejidad de la situaci\u00f3n econ\u00f3mica requiri\u00f3 agudizar el ingenio y dinamizar procesos administrativos para poder llegar al resultado final, aplicando una herramienta que dispone la gesti\u00f3n del Gobernador Perotti para que gobiernos locales puedan acceder a este tipo de inversiones.<\/p>\n\n\n\n<p>Dentro del mismo programa, la Comuna de Ramona ultima detalles para la compra de mobiliario y equipamiento administrativo y para la ampliaci\u00f3n del sistema de videovigilancia.<\/p>\n\n\n<div class=\"wp-block-image\">\n<figure class=\"aligncenter size-large is-resized\"><img loading=\"lazy\" decoding=\"async\" src=\"https:\/\/elcristaldigital.org\/wp-content\/uploads\/2022\/10\/Jose-Barbero-Tractor-1440x1080.jpeg\" alt=\"\" class=\"wp-image-1126\" width=\"605\" height=\"454\" srcset=\"https:\/\/elcristaldigital.org\/wp-content\/uploads\/2022\/10\/Jose-Barbero-Tractor-1440x1080.jpeg 1440w, https:\/\/elcristaldigital.org\/wp-content\/uploads\/2022\/10\/Jose-Barbero-Tractor-300x225.jpeg 300w, https:\/\/elcristaldigital.org\/wp-content\/uploads\/2022\/10\/Jose-Barbero-Tractor-768x576.jpeg 768w, https:\/\/elcristaldigital.org\/wp-content\/uploads\/2022\/10\/Jose-Barbero-Tractor-1536x1152.jpeg 1536w, https:\/\/elcristaldigital.org\/wp-content\/uploads\/2022\/10\/Jose-Barbero-Tractor-1200x900.jpeg 1200w, https:\/\/elcristaldigital.org\/wp-content\/uploads\/2022\/10\/Jose-Barbero-Tractor.jpeg 1600w\" sizes=\"auto, (max-width: 605px) 100vw, 605px\" \/><\/figure>\n<\/div>","protected":false},"excerpt":{"rendered":"<p>Construcci\u00f3n de Cord\u00f3n Cuneta Dentro del plan de obras que despliega el gobierno comunal para el mejoramiento de la infraestructura urbana, se inici\u00f3 la construcci\u00f3n de cord\u00f3n cuneta en 200 metros de calle Alte. Brown entre L. de la Torre y Bv. San Mart\u00edn. El mejorado de estas arterias garantiza una salida segura a los [&hellip;]<\/p>\n","protected":false},"author":1,"featured_media":0,"parent":0,"menu_order":0,"comment_status":"closed","ping_status":"closed","template":"templates\/template-full-width.php","meta":{"footnotes":""},"class_list":["post-1098","page","type-page","status-publish","hentry"],"_links":{"self":[{"href":"https:\/\/elcristaldigital.org\/index.php\/wp-json\/wp\/v2\/pages\/1098","targetHints":{"allow":["GET"]}}],"collection":[{"href":"https:\/\/elcristaldigital.org\/index.php\/wp-json\/wp\/v2\/pages"}],"about":[{"href":"https:\/\/elcristaldigital.org\/index.php\/wp-json\/wp\/v2\/types\/page"}],"author":[{"embeddable":true,"href":"https:\/\/elcristaldigital.org\/index.php\/wp-json\/wp\/v2\/users\/1"}],"replies":[{"embeddable":true,"href":"https:\/\/elcristaldigital.org\/index.php\/wp-json\/wp\/v2\/comments?post=1098"}],"version-history":[{"count":4,"href":"https:\/\/elcristaldigital.org\/index.php\/wp-json\/wp\/v2\/pages\/1098\/revisions"}],"predecessor-version":[{"id":1161,"href":"https:\/\/elcristaldigital.org\/index.php\/wp-json\/wp\/v2\/pages\/1098\/revisions\/1161"}],"wp:attachment":[{"href":"https:\/\/elcristaldigital.org\/index.php\/wp-json\/wp\/v2\/media?parent=1098"}],"curies":[{"name":"wp","href":"https:\/\/api.w.org\/{rel}","templated":true}]}}