{"id":1023,"date":"2022-09-27T17:38:01","date_gmt":"2022-09-27T20:38:01","guid":{"rendered":"https:\/\/elcristaldigital.org\/?page_id=1023"},"modified":"2022-09-29T18:30:15","modified_gmt":"2022-09-29T21:30:15","slug":"gestion-comunal-2","status":"publish","type":"page","link":"https:\/\/elcristaldigital.org\/index.php\/gestion-comunal-2\/","title":{"rendered":"Gesti\u00f3n Comunal"},"content":{"rendered":"\n<h4 class=\"has-text-align-center has-primary-color has-text-color has-background wp-block-heading\" style=\"background-color:#49a24a\">\u201c<strong>EL MUSEO EN PROGRAMA DE GESTION CULTURAL<\/strong>\u201d<\/h4>\n\n\n\n<p>Con el prop\u00f3sito de visibilizar informaci\u00f3n de cada uno de los museos qu\u00e9 forman parte de la semblanza de la provincia un equipo de la subsecretar\u00eda de gesti\u00f3n cultural recorre el territorio en busca de esas memorias, periplo que lo llevo a visitar el complejo hist\u00f3rico de nuestra localidad.<\/p>\n\n\n\n<p>La propuesta del Ministerio de Cultura, en el marco del Plan Museos 2021 \u2013 2023 y dentro de su programa Museo Edita, plantea editar y publicar un registro de todas estas entidades, en formato de libro f\u00edsico y tambi\u00e9n de manera digital, que servir\u00e1 para exponer toda su informaci\u00f3n institucional y el caudal material que componen su patrimonio y puede despertar el inter\u00e9s de potenciales visitantes.<\/p>\n\n\n\n<h4 class=\"has-text-align-center has-primary-color has-text-color has-background wp-block-heading\" style=\"background-color:#49a24a\"><strong>TURISMO RECEPTIVO ESTUDIANTIL<\/strong><\/h4>\n\n\n\n<p>Con una delegaci\u00f3n de 100 personas entre alumnos,&nbsp;docentes y asistentes&nbsp;de quinto grado de&nbsp;la&nbsp;Escuela Primaria Joaqu\u00edn V. Gonz\u00e1lez de la localidad de&nbsp;Franck,&nbsp;abri\u00f3 la temporada de turismo educativo qu\u00e9 continuar el pr\u00f3ximo viernes cuando visit\u00f3 una escuela de la ciudad de Santa Fe.<\/p>\n\n\n\n<p>El contingente fue recibido por el Presidente Comunal para luego iniciar la visita guiada por sus 10 salas tem\u00e1ticas,&nbsp;Parque de laMaquinaria&nbsp;Agr\u00edcola,&nbsp;Paseo del&nbsp;Vag\u00f3n,&nbsp;el recorrido virtual con&nbsp;tecnolog\u00eda 3D fueron algunas de las actividades realizadas. En esta ocasi\u00f3n se incorpor\u00f3&nbsp;un nuevo atractivo: la sala de elaboraci\u00f3n de pastas para que los chicos puedan conocer y participar de&nbsp;esta&nbsp;manufactura.<\/p>\n\n\n\n<p>Luego del almuerzo en Comedor Ester, el programa continu\u00f3 con la visita a la Caba\u00f1a Marca Borrada, establecimiento en el cual pudieron entrar en contacto con terneros en crianza, llamas, equinos, aves, disfrutar paseos en carros, del asombroso espect\u00e1culo de las tropillas entabladas que caracteriza a la familia&nbsp;Bessone.&nbsp;La merienda con l\u00e1cteos&nbsp;Ramolac, marc\u00f3 el cierre de la jornada.<\/p>\n\n\n\n<p>El jueves\u00a029\u00a0la localidad recibir\u00e1 un grupo perteneciente a la Escuela\u00a0Ni\u00f1o Jes\u00fas de la ciudad capital de la Provincia.<\/p>\n\n\n\n<figure class=\"wp-block-image size-large is-resized\"><img loading=\"lazy\" decoding=\"async\" src=\"https:\/\/elcristaldigital.org\/wp-content\/uploads\/2022\/09\/B6FAE88E-538D-48DE-BA2D-E90A9F51CB26-1439x1080.jpeg\" alt=\"\" class=\"wp-image-1084\" width=\"1079\" height=\"810\" srcset=\"https:\/\/elcristaldigital.org\/wp-content\/uploads\/2022\/09\/B6FAE88E-538D-48DE-BA2D-E90A9F51CB26-1439x1080.jpeg 1439w, https:\/\/elcristaldigital.org\/wp-content\/uploads\/2022\/09\/B6FAE88E-538D-48DE-BA2D-E90A9F51CB26-300x225.jpeg 300w, https:\/\/elcristaldigital.org\/wp-content\/uploads\/2022\/09\/B6FAE88E-538D-48DE-BA2D-E90A9F51CB26-768x576.jpeg 768w, https:\/\/elcristaldigital.org\/wp-content\/uploads\/2022\/09\/B6FAE88E-538D-48DE-BA2D-E90A9F51CB26-1536x1153.jpeg 1536w, https:\/\/elcristaldigital.org\/wp-content\/uploads\/2022\/09\/B6FAE88E-538D-48DE-BA2D-E90A9F51CB26-1200x901.jpeg 1200w, https:\/\/elcristaldigital.org\/wp-content\/uploads\/2022\/09\/B6FAE88E-538D-48DE-BA2D-E90A9F51CB26.jpeg 1599w\" sizes=\"auto, (max-width: 1079px) 100vw, 1079px\" \/><\/figure>\n\n\n\n<h4 class=\"has-text-align-center has-primary-color has-text-color has-background wp-block-heading\" style=\"background-color:#29a24a\"><strong>ARBORIZACI\u00d3N CICLOVIA NORTE<\/strong><\/h4>\n\n\n\n<p>Nacidos&nbsp;en una mesa de di\u00e1logo institucional y con la participaci\u00f3n de distintos actores sociales&nbsp;los programas Eco-Huellas y Enlazando Amor proponen e implementan&nbsp;la forestaci\u00f3n de la&nbsp;ciclov\u00eda&nbsp;Norte,&nbsp;dotando de vegetaci\u00f3n&nbsp;a&nbsp;parte del recorrido de este circuito aer\u00f3bico,&nbsp;muy requerido por los vecinos de la localidad.<\/p>\n\n\n\n<p>La din\u00e1mica de la propuesta supone la adquisici\u00f3n de los ejemplares por parte de la&nbsp;Comuna y de&nbsp;la&nbsp;empresa&nbsp;Agroideas&nbsp;S.A.y la conservaci\u00f3n y cuidado a cargo de alumnos&nbsp;del&nbsp;Jard\u00edn&nbsp;de Infantes N\u00ba&nbsp;300 y la&nbsp;Escuela&nbsp;Primaria&nbsp;N\u00ba&nbsp;382.&nbsp;A cada ni\u00f1o y ni\u00f1a se le asignar\u00e1 un n\u00famero y ser\u00e1n responsables de un \u00e1rbol, junto a su familia, caminando, en bicicleta, cada semana, podr\u00e1n visitarlo y regarlo. Tambi\u00e9n podr\u00e1n decorarlo con alg\u00fan cartel o dibujo que lo identifique.<\/p>\n\n\n\n<p>Con esta y otras medidas y consecuente con lo pactado en el&nbsp;Plan de&nbsp;Acci\u00f3n contra el&nbsp;Cambio&nbsp;Clim\u00e1tico&nbsp;(PLACC),&nbsp;el municipio sigue ampliando la masa forestal&nbsp;del sector&nbsp;urbano y rural,atendiendo a los beneficios ambientales que&nbsp;dicha medida supone.<\/p>\n\n\n\n<h4 class=\"has-text-align-center has-primary-color has-text-color has-background wp-block-heading\" style=\"background-color:#29a24a\">\u201c<strong>EVALUACION TECNICA DE LA PLANTA POTABILIZADORA<\/strong>\u201d<\/h4>\n\n\n\n<p>Personal&nbsp;del Ministerio de&nbsp;Infraestructura de la&nbsp;Provincia visit\u00f3 la localidad para analizar las instalaciones de la planta de agua potable y, a partir de esa evaluaci\u00f3n,&nbsp;poder proponer alternativas para la optimizaci\u00f3n de su funcionamiento.<\/p>\n\n\n\n<p>Esta acci\u00f3n es&nbsp;la r\u00e1pida respuesta brindada por&nbsp;la Subsecretaria deGesti\u00f3n Territorial, Dra.&nbsp;Varinia&nbsp;Alejandro y \u00d3scar ante el pedido efectuado por el&nbsp;Presidente&nbsp;Comunal Jos\u00e9 Barbero en su af\u00e1n de garantizar un servicio adecuado,&nbsp;considerando la importancia que reviste para la salud humana.<\/p>\n\n\n\n<p>Junto al personal que opera el sistema se evaluaron tareas de mantenimiento y de funcionamiento&nbsp;a los equipos de procesamiento y almacenamiento&nbsp;que sustenten una provisi\u00f3n en cantidad y calidad que&nbsp;le poblaci\u00f3n demanda.<\/p>\n\n\n\n<figure class=\"wp-block-image size-large is-resized\"><img loading=\"lazy\" decoding=\"async\" src=\"https:\/\/elcristaldigital.org\/wp-content\/uploads\/2022\/09\/0F29B3D6-4814-4F8E-9A18-34944EA5473E-1440x1080.jpeg\" alt=\"\" class=\"wp-image-1078\" width=\"1080\" height=\"810\" srcset=\"https:\/\/elcristaldigital.org\/wp-content\/uploads\/2022\/09\/0F29B3D6-4814-4F8E-9A18-34944EA5473E-1440x1080.jpeg 1440w, https:\/\/elcristaldigital.org\/wp-content\/uploads\/2022\/09\/0F29B3D6-4814-4F8E-9A18-34944EA5473E-300x225.jpeg 300w, https:\/\/elcristaldigital.org\/wp-content\/uploads\/2022\/09\/0F29B3D6-4814-4F8E-9A18-34944EA5473E-768x576.jpeg 768w, https:\/\/elcristaldigital.org\/wp-content\/uploads\/2022\/09\/0F29B3D6-4814-4F8E-9A18-34944EA5473E-1536x1152.jpeg 1536w, https:\/\/elcristaldigital.org\/wp-content\/uploads\/2022\/09\/0F29B3D6-4814-4F8E-9A18-34944EA5473E-1200x900.jpeg 1200w, https:\/\/elcristaldigital.org\/wp-content\/uploads\/2022\/09\/0F29B3D6-4814-4F8E-9A18-34944EA5473E.jpeg 1600w\" sizes=\"auto, (max-width: 1080px) 100vw, 1080px\" \/><\/figure>\n\n\n\n<h4 class=\"has-text-align-center has-primary-color has-text-color has-background wp-block-heading\" style=\"background-color:#49a24a\">\u201cD\u00cdA DEL ESTUDIANTE EN LA EESOPI 3023\u201d<\/h4>\n\n\n\n<p>Sum\u00e1ndose a la celebraci\u00f3n estudiantil de la llegada de la estaci\u00f3n primaveral, el gobierno comunal ha aportado el espect\u00e1culo&nbsp;musical con el que se cerr\u00f3 la semana de actividades incluidas en la estudiantina 2022.&nbsp;<\/p>\n\n\n\n<p>El show estuvo a cargo de Silvina&nbsp;Mautino,&nbsp;una joven cantante de la localidad de&nbsp;Lehmann, que junto a los alumnos del establecimiento educativo compartieron buena m\u00fasica y un entretenido momento&nbsp;en el festejo del cl\u00e1sico de la juventud.&nbsp;&nbsp; &nbsp;<\/p>\n\n\n\n<h4 class=\"has-text-align-center has-primary-color has-text-color has-background wp-block-heading\" style=\"background-color:#29a24a\">CERTAMEN DE DECISIONES EMPRESARIALES<\/h4>\n\n\n\n<p>En respuesta a la solicitud efectuada por directivos y docente de la EESOPI N\u00b0 3023, con el objeto de reiterar&nbsp;la organizaci\u00f3n de una jornada&nbsp;regional&nbsp;de formaci\u00f3n empresarial para estudiantes secundarios, el&nbsp;Presidente Comunal Jos\u00e9&nbsp;Barbero hizo entrega de un aporte econ\u00f3mico con tal fin.<\/p>\n\n\n\n<p>La actividad convoc\u00f3 a m\u00e1s de cien participantes&nbsp;de Ramona, Eusebia, Colonia&nbsp;Aldao&nbsp;y Sunchales,<a><\/a>&nbsp;en un certamen de&nbsp;simulaci\u00f3n&nbsp;interactiva cuyo objeto es contribuir a fomentar la cultura emprendedora de los j\u00f3venes, transferir los conocimientos empresariales y econ\u00f3micos a una situaci\u00f3n virtual y volcar conocimientos de matem\u00e1ticas, econom\u00eda, administraci\u00f3n, adquiridos&nbsp;en su formaci\u00f3n pedag\u00f3gica.<\/p>\n\n\n\n<h4 class=\"has-primary-color has-text-color has-background wp-block-heading\" style=\"background-color:#29a24a\">\u201cSEBASTI\u00c1N MASCHERANO EN JORNADA SOBRE ADICCIONES\u201d<\/h4>\n\n\n\n<p>En la continuidad de las acciones que el municipio despliega con el objeto de visibilizar y poner en debate la tem\u00e1tica de las adicciones una problem\u00e1tica social de la que ninguna comunidad se encuentra exenta y que requiere que el Estado, en cada uno de sus niveles, adopte medidas concretas con la prioridad puesta en la prevenci\u00f3n, por lo que  la localidad recibi\u00f3 la visita de Sebasti\u00e1n Mascherano, quien, a partir de su experiencia, concientiza sobre la necesidad de evitar el consumo de sustancias.<br>Luego de la masiva participaci\u00f3n en la reciente presencia de Gast\u00f3n Pauls, esta nueva actividad plante\u00f3 una jornada de intercambio con estudiantes secundarios, un encuentro con participantes de talleres de formaci\u00f3n y el cierre con una charla con padres y adultos. <\/p>\n\n\n\n<p>Tambi\u00e9n dict\u00f3 una charla para el p\u00fablico general en el Nido comunal a las 20:00 horas del mismo d\u00eda.<\/p>\n\n\n\n<h4 class=\"has-text-align-center has-primary-color has-accent-background-color has-text-color has-background wp-block-heading\">HABILITACI\u00d3N DEL BV.  E. LOPEZ<\/h4>\n\n\n\n<p>Con&nbsp;su&nbsp;apertura&nbsp;definitiva se concluye con una obra compleja por su integralidad, considerando que incluy\u00f3 entre sus \u00edtems constructivos la pavimentaci\u00f3n de 350 metros en cada una de sus manos, renovaci\u00f3n total del sistema lum\u00ednico, cantero central con senda peatonal, equipamiento urbano y arborizaci\u00f3n y un r\u00e9gimen de drenaje m\u00e1s eficiente y funcional con acequias paralelas que buscan agilizar la circulaci\u00f3n de agua.<\/p>\n\n\n\n<p>La obra ha&nbsp;determinado una transformaci\u00f3n completa del espacio p\u00fabico renovando su&nbsp;est\u00e9tica, funcionalidad y el uso y aprovechamiento comunitario.<\/p>\n\n\n\n<p>Esta intervenci\u00f3n demand\u00f3 la confluencia del financiamiento acordado con el Ministerio de Obras P\u00fablicas en el marco del Plan Nacional Argentina Hace, con el compromiso de recursos propios y el esfuerzo de las familias beneficiarias. Ejecutada por administraci\u00f3n, permiti\u00f3 cumplir con uno de los principales objetivos de aquel programa federal, que radica en la generaci\u00f3n de empleo para la ocupaci\u00f3n de mano de obra en trabajo sostenible.<\/p>\n\n\n\n<p>El remozado completo de esta importante v\u00eda, comienza a lucir una imagen m\u00e1s moderna y propicia, para provecho de una importante cantidad de familias residentes en ese amplio sector.<\/p>\n\n\n<div class=\"wp-block-image\">\n<figure class=\"aligncenter size-large is-resized\"><img loading=\"lazy\" decoding=\"async\" src=\"https:\/\/elcristaldigital.org\/wp-content\/uploads\/2022\/09\/EB290957-6CEE-4426-97FE-97E9B187C1C3-1081x1080.jpeg\" alt=\"\" class=\"wp-image-1042\" width=\"811\" height=\"810\" srcset=\"https:\/\/elcristaldigital.org\/wp-content\/uploads\/2022\/09\/EB290957-6CEE-4426-97FE-97E9B187C1C3-1081x1080.jpeg 1081w, https:\/\/elcristaldigital.org\/wp-content\/uploads\/2022\/09\/EB290957-6CEE-4426-97FE-97E9B187C1C3-300x300.jpeg 300w, https:\/\/elcristaldigital.org\/wp-content\/uploads\/2022\/09\/EB290957-6CEE-4426-97FE-97E9B187C1C3-150x150.jpeg 150w, https:\/\/elcristaldigital.org\/wp-content\/uploads\/2022\/09\/EB290957-6CEE-4426-97FE-97E9B187C1C3-768x767.jpeg 768w, https:\/\/elcristaldigital.org\/wp-content\/uploads\/2022\/09\/EB290957-6CEE-4426-97FE-97E9B187C1C3-1200x1199.jpeg 1200w, https:\/\/elcristaldigital.org\/wp-content\/uploads\/2022\/09\/EB290957-6CEE-4426-97FE-97E9B187C1C3.jpeg 1280w\" sizes=\"auto, (max-width: 811px) 100vw, 811px\" \/><\/figure>\n<\/div>\n\n\n<h4 class=\"has-text-align-center has-background wp-block-heading\" style=\"background-color:#49a24a\">Propuesta socio productiva en el vivero inclusivo<\/h4>\n\n\n\n<p>Resultado de una propuesta conjunta que intenta recuperar un espacio de creaci\u00f3n e inclusi\u00f3n como el Vivero Comunal, las y los j\u00f3venes que asisten a la Asociaci\u00f3n Civil RYAN desarrollar\u00e1n tareas de producci\u00f3n de plantines de especies arom\u00e1ticas y otras variedades.<\/p>\n\n\n\n<p>RYAN atiende a ni\u00f1os y j\u00f3venes a trav\u00e9s de talleres manuales y laborales (fabricaci\u00f3n de pastas, dulces, pickles, artesan\u00edas), rehabilitaci\u00f3n kin\u00e9sica, alfabetizaci\u00f3n inform\u00e1tica, colonia de vacaciones, actividades recreativas y proyectos de extensi\u00f3n comunitaria.<\/p>\n\n\n\n<p>Cabe mencionar que el invernadero de 145 metros cuadrados alberga las tareas de producci\u00f3n como dispositivo de contenci\u00f3n y formaci\u00f3n laboral para ciudadanos que se encuentren en situaci\u00f3n de vulnerabilidad social y tengan habilidades e inquietud por la jardiner\u00eda, la forestaci\u00f3n, la huerta y el paisajismo.<\/p>\n\n\n\n<figure class=\"wp-block-gallery has-nested-images columns-default is-cropped wp-block-gallery-1 is-layout-flex wp-block-gallery-is-layout-flex\">\n<figure class=\"wp-block-image size-full\"><img loading=\"lazy\" decoding=\"async\" width=\"1280\" height=\"960\" data-id=\"1032\" src=\"https:\/\/elcristaldigital.org\/wp-content\/uploads\/2022\/09\/RYAN-1.jpeg\" alt=\"\" class=\"wp-image-1032\" srcset=\"https:\/\/elcristaldigital.org\/wp-content\/uploads\/2022\/09\/RYAN-1.jpeg 1280w, https:\/\/elcristaldigital.org\/wp-content\/uploads\/2022\/09\/RYAN-1-300x225.jpeg 300w, https:\/\/elcristaldigital.org\/wp-content\/uploads\/2022\/09\/RYAN-1-768x576.jpeg 768w, https:\/\/elcristaldigital.org\/wp-content\/uploads\/2022\/09\/RYAN-1-1200x900.jpeg 1200w\" sizes=\"auto, (max-width: 1280px) 100vw, 1280px\" \/><\/figure>\n<\/figure>\n","protected":false},"excerpt":{"rendered":"<p>\u201cEL MUSEO EN PROGRAMA DE GESTION CULTURAL\u201d Con el prop\u00f3sito de visibilizar informaci\u00f3n de cada uno de los museos qu\u00e9 forman parte de la semblanza de la provincia un equipo de la subsecretar\u00eda de gesti\u00f3n cultural recorre el territorio en busca de esas memorias, periplo que lo llevo a visitar el complejo hist\u00f3rico de nuestra [&hellip;]<\/p>\n","protected":false},"author":1,"featured_media":0,"parent":0,"menu_order":0,"comment_status":"closed","ping_status":"closed","template":"templates\/template-full-width.php","meta":{"footnotes":""},"class_list":["post-1023","page","type-page","status-publish","hentry"],"_links":{"self":[{"href":"https:\/\/elcristaldigital.org\/index.php\/wp-json\/wp\/v2\/pages\/1023","targetHints":{"allow":["GET"]}}],"collection":[{"href":"https:\/\/elcristaldigital.org\/index.php\/wp-json\/wp\/v2\/pages"}],"about":[{"href":"https:\/\/elcristaldigital.org\/index.php\/wp-json\/wp\/v2\/types\/page"}],"author":[{"embeddable":true,"href":"https:\/\/elcristaldigital.org\/index.php\/wp-json\/wp\/v2\/users\/1"}],"replies":[{"embeddable":true,"href":"https:\/\/elcristaldigital.org\/index.php\/wp-json\/wp\/v2\/comments?post=1023"}],"version-history":[{"count":15,"href":"https:\/\/elcristaldigital.org\/index.php\/wp-json\/wp\/v2\/pages\/1023\/revisions"}],"predecessor-version":[{"id":1088,"href":"https:\/\/elcristaldigital.org\/index.php\/wp-json\/wp\/v2\/pages\/1023\/revisions\/1088"}],"wp:attachment":[{"href":"https:\/\/elcristaldigital.org\/index.php\/wp-json\/wp\/v2\/media?parent=1023"}],"curies":[{"name":"wp","href":"https:\/\/api.w.org\/{rel}","templated":true}]}}