{"id":1012,"date":"2022-09-20T17:47:38","date_gmt":"2022-09-20T20:47:38","guid":{"rendered":"https:\/\/elcristaldigital.org\/?page_id=1012"},"modified":"2022-09-20T17:54:43","modified_gmt":"2022-09-20T20:54:43","slug":"cultura","status":"publish","type":"page","link":"https:\/\/elcristaldigital.org\/index.php\/cultura\/","title":{"rendered":"Cultura"},"content":{"rendered":"\n<h4 class=\"has-text-align-center has-background wp-block-heading\" style=\"background-color:#49a24a\">Visita del Museo Argentino del Seguro<\/h4>\n\n\n\n<p>En lo que fue su primera salida itinerante por el interior del pa\u00eds, la Fundaci\u00f3n Museo Argentino del Seguro (FundaMAS) visit\u00f3 la localidad, promocionando actividades culturales, t\u00e9cnicas, cient\u00edficas, de investigaci\u00f3n y capacitaci\u00f3n asociadas con la actividad aseguradora.<br>La iniciativa nace de un grupo de personas interesadas en recolectar y preservar documentos, libros, publicaciones y objetos que forman parte de esta rica historia.<br>La agenda fue la siguiente: viernes 02\/09, Conversatorio con Productores Asesores de Seguros de la zona; s\u00e1bado 03\/09, exposici\u00f3n gratuita para el p\u00fablico en general. Este \u00faltimo d\u00eda, &#8220;El Cristal&#8221; tuvo el honor de cubrir la exposici\u00f3n y realizar reportaje a un asociado de la fundaci\u00f3n. \u00a1Te invitamos a ver el reportaje completo en nuestro perfil de Instagram! https:\/\/instagram.com\/elcristal.3023?igshid=YmMyMTA2M2Y=<\/p>\n\n\n\n<figure class=\"wp-block-gallery has-nested-images columns-default is-cropped wp-block-gallery-1 is-layout-flex wp-block-gallery-is-layout-flex\">\n<figure class=\"wp-block-image size-large\"><img loading=\"lazy\" decoding=\"async\" width=\"1280\" height=\"960\" data-id=\"1017\" src=\"https:\/\/elcristaldigital.org\/wp-content\/uploads\/2022\/09\/IMG-20220903-WA0100.jpg\" alt=\"\" class=\"wp-image-1017\" srcset=\"https:\/\/elcristaldigital.org\/wp-content\/uploads\/2022\/09\/IMG-20220903-WA0100.jpg 1280w, https:\/\/elcristaldigital.org\/wp-content\/uploads\/2022\/09\/IMG-20220903-WA0100-300x225.jpg 300w, https:\/\/elcristaldigital.org\/wp-content\/uploads\/2022\/09\/IMG-20220903-WA0100-768x576.jpg 768w, https:\/\/elcristaldigital.org\/wp-content\/uploads\/2022\/09\/IMG-20220903-WA0100-1200x900.jpg 1200w\" sizes=\"auto, (max-width: 1280px) 100vw, 1280px\" \/><\/figure>\n\n\n\n<figure class=\"wp-block-image size-large\"><img loading=\"lazy\" decoding=\"async\" width=\"1280\" height=\"960\" data-id=\"1020\" src=\"https:\/\/elcristaldigital.org\/wp-content\/uploads\/2022\/09\/IMG-20220903-WA0086.jpg\" alt=\"\" class=\"wp-image-1020\" srcset=\"https:\/\/elcristaldigital.org\/wp-content\/uploads\/2022\/09\/IMG-20220903-WA0086.jpg 1280w, https:\/\/elcristaldigital.org\/wp-content\/uploads\/2022\/09\/IMG-20220903-WA0086-300x225.jpg 300w, https:\/\/elcristaldigital.org\/wp-content\/uploads\/2022\/09\/IMG-20220903-WA0086-768x576.jpg 768w, https:\/\/elcristaldigital.org\/wp-content\/uploads\/2022\/09\/IMG-20220903-WA0086-1200x900.jpg 1200w\" sizes=\"auto, (max-width: 1280px) 100vw, 1280px\" \/><\/figure>\n\n\n\n<figure class=\"wp-block-image size-large\"><img loading=\"lazy\" decoding=\"async\" width=\"1280\" height=\"960\" data-id=\"1019\" src=\"https:\/\/elcristaldigital.org\/wp-content\/uploads\/2022\/09\/IMG-20220903-WA0094.jpg\" alt=\"\" class=\"wp-image-1019\" srcset=\"https:\/\/elcristaldigital.org\/wp-content\/uploads\/2022\/09\/IMG-20220903-WA0094.jpg 1280w, https:\/\/elcristaldigital.org\/wp-content\/uploads\/2022\/09\/IMG-20220903-WA0094-300x225.jpg 300w, https:\/\/elcristaldigital.org\/wp-content\/uploads\/2022\/09\/IMG-20220903-WA0094-768x576.jpg 768w, https:\/\/elcristaldigital.org\/wp-content\/uploads\/2022\/09\/IMG-20220903-WA0094-1200x900.jpg 1200w\" sizes=\"auto, (max-width: 1280px) 100vw, 1280px\" \/><\/figure>\n\n\n\n<figure class=\"wp-block-image size-large\"><img loading=\"lazy\" decoding=\"async\" width=\"1600\" height=\"777\" data-id=\"1018\" src=\"https:\/\/elcristaldigital.org\/wp-content\/uploads\/2022\/09\/IMG-20220913-WA0100.jpg\" alt=\"\" class=\"wp-image-1018\" srcset=\"https:\/\/elcristaldigital.org\/wp-content\/uploads\/2022\/09\/IMG-20220913-WA0100.jpg 1600w, https:\/\/elcristaldigital.org\/wp-content\/uploads\/2022\/09\/IMG-20220913-WA0100-300x146.jpg 300w, https:\/\/elcristaldigital.org\/wp-content\/uploads\/2022\/09\/IMG-20220913-WA0100-768x373.jpg 768w, https:\/\/elcristaldigital.org\/wp-content\/uploads\/2022\/09\/IMG-20220913-WA0100-1536x746.jpg 1536w, https:\/\/elcristaldigital.org\/wp-content\/uploads\/2022\/09\/IMG-20220913-WA0100-1200x583.jpg 1200w\" sizes=\"auto, (max-width: 1600px) 100vw, 1600px\" \/><\/figure>\n<\/figure>\n","protected":false},"excerpt":{"rendered":"<p>Visita del Museo Argentino del Seguro En lo que fue su primera salida itinerante por el interior del pa\u00eds, la Fundaci\u00f3n Museo Argentino del Seguro (FundaMAS) visit\u00f3 la localidad, promocionando actividades culturales, t\u00e9cnicas, cient\u00edficas, de investigaci\u00f3n y capacitaci\u00f3n asociadas con la actividad aseguradora.La iniciativa nace de un grupo de personas interesadas en recolectar y preservar [&hellip;]<\/p>\n","protected":false},"author":1,"featured_media":0,"parent":0,"menu_order":0,"comment_status":"closed","ping_status":"closed","template":"templates\/template-full-width.php","meta":{"footnotes":""},"class_list":["post-1012","page","type-page","status-publish","hentry"],"_links":{"self":[{"href":"https:\/\/elcristaldigital.org\/index.php\/wp-json\/wp\/v2\/pages\/1012","targetHints":{"allow":["GET"]}}],"collection":[{"href":"https:\/\/elcristaldigital.org\/index.php\/wp-json\/wp\/v2\/pages"}],"about":[{"href":"https:\/\/elcristaldigital.org\/index.php\/wp-json\/wp\/v2\/types\/page"}],"author":[{"embeddable":true,"href":"https:\/\/elcristaldigital.org\/index.php\/wp-json\/wp\/v2\/users\/1"}],"replies":[{"embeddable":true,"href":"https:\/\/elcristaldigital.org\/index.php\/wp-json\/wp\/v2\/comments?post=1012"}],"version-history":[{"count":2,"href":"https:\/\/elcristaldigital.org\/index.php\/wp-json\/wp\/v2\/pages\/1012\/revisions"}],"predecessor-version":[{"id":1021,"href":"https:\/\/elcristaldigital.org\/index.php\/wp-json\/wp\/v2\/pages\/1012\/revisions\/1021"}],"wp:attachment":[{"href":"https:\/\/elcristaldigital.org\/index.php\/wp-json\/wp\/v2\/media?parent=1012"}],"curies":[{"name":"wp","href":"https:\/\/api.w.org\/{rel}","templated":true}]}}